{"id":1344,"date":"2022-01-28T14:59:42","date_gmt":"2022-01-28T14:59:42","guid":{"rendered":"https:\/\/doc-kaas-ua.ddev.site\/?page_id=1344"},"modified":"2023-06-30T09:57:29","modified_gmt":"2023-06-30T07:57:29","slug":"unsere-genossenschaft","status":"publish","type":"page","link":"https:\/\/dockaas.webba11.projectlocatie.nl\/de\/unsere-genossenschaft\/","title":{"rendered":"Unsere Genossenschaft"},"content":{"rendered":"<style>\n    .hero {\n        background-image:linear-gradient(to right, rgba(248, 253, 255, 1), rgba(248, 253, 255, 1), rgba(0, 0, 0, 0)),url(' https:\/\/dockaas.webba11.projectlocatie.nl\/app\/uploads\/2022\/04\/2-Header-Onze-melkveehouders-Mulderij-20190910_1515-gespiegeld_bewerkt-scaled.jpeg ');\n    }\n\n    @media (max-width: 1024px) {\n        .hero {\n            background-image:linear-gradient(to top, rgba(248, 253, 255, 1), rgba(248, 253, 255, 0.95), rgba(0, 0, 0, 0)),url(' https:\/\/dockaas.webba11.projectlocatie.nl\/app\/uploads\/2022\/04\/2-Header-Onze-melkveehouders-Mulderij-20190910_1515-gespiegeld_bewerkt-scaled.jpeg ');\n        }\n    }\n<\/style>\n\n<section class=\"hero !bg-no-repeat !bg-cover !bg-center flex items-center\">\n    <div class=\"top-0 left-0 h-full w-full relative px-4 pt-36\">\n        <div class=\"container mx-auto\">\n            <div class=\"hero-title\">\n                                <h1 class=\"pl-8 pr-0 lg:pr-8 border-l-5 md:border-l-10 border-secondary text-[2.75rem] md:text-[4rem] leading-tight text-primary-light break-normal\"><p>Unsere <strong>Genossenschaft<\/strong><\/p>\n<\/h1>\n                                \n                                <div class=\"mt-5 lg:pl-10 flex gap-4 w-full lg:w-[44rem] flex-wrap items-center\">\n                                        \n                                                        <\/div>\n                \n            <\/div>\n        <\/div>\n\n                <div class=\"container mx-auto py-6 lg:px-10 text-grey mt-24\">\n            <p id=\"breadcrumbs\"><span><span><a href=\"https:\/\/dockaas.webba11.projectlocatie.nl\/de\/\">Home<\/a><\/span><\/span><\/p>        <\/div>\n        \n    <\/div>\n<\/section>\n\n\n\n<section  id=\"von-fur-und-durch-die-mitglieder\"  class=\"py-16 bg-lighter\">\n\n         \n        \n    \n    <div class=\"w-full lg:w-[55rem] flex flex-col gap-6 content px-4 m-auto\">\n\n                <div class=\"text-primary-light text-[2.75rem] relative after:content[''] after:h-0.5 after:w-24 after:bg-secondary after:absolute after:mt-2 leading-tight break-normal title\">\n            <p>Von, f\u00fcr<strong> und durch die Mitglieder!<\/strong><\/p>\n\n        <\/div>\n        \n                <div class=\"text-grey leading-7 font-light\">\n            <p><em><strong>DOC Kaas U.A. ist eine 1895 gegr\u00fcndete Niederl\u00e4ndische Molkereigenossenschaft. Unser Ursprung liegt in Drenthe und Overijssel, aber inzwischen liefern Milchviehhalter aus den ganzen Niederlanden und teilweise aus Deutschland ihre Milch an unsere Genossenschaft. Erstklassige Milch, oft schon seit Generationen &#8211; und darauf sind wir stolz!<\/strong><\/em><\/p>\n<p>&nbsp;<\/p>\n<p>Seit 2016 geh\u00f6rt uns gemeinsam mit der Genossenschaft Deutsches Milchkontor eG das deutsche Molkereiunternehmen DMK GmbH. Dieses Unternehmen ist f\u00fcr die Erfassung und Verarbeitung der Milch aller Mitglieder in den Niederlanden und Deutschland zust\u00e4ndig. Sie stellt eine breite Palette k\u00f6stlicher und hochwertiger Milchprodukte wie K\u00e4se, Milchpulver, Babynahrung und Speiseeis her, die weltweit konsumiert werden.<\/p>\n<p>&nbsp;<\/p>\n<p>Dennoch sind wir immer noch die kleine Genossenschaft mit dem Blick f\u00fcr das menschliche Ma\u00df, in der die Mitglieder einen Namen haben und geh\u00f6rt werden. Und das werden wir auch bleiben!<\/p>\n\n        <\/div>\n        \n                <div class=\"mt-4 flex flex-wrap items-center gap-6\">\n                            \n                                \n                <a href=\"https:\/\/doc-kaas-ua.ddev.site\/de\/unsere-genossenschaft\/mitglied-werden\/\" class=\"text-white bg-primary-light font-bold px-10 py-3 rounded-full flex justify-center w-full xs:w-max group\" target=\"\">\n    Mitglied werden?\n                    <svg class=\"w-6 h-6 transition-all opacity-0 -ml-6 -translate-x-6 group-hover:ml-0 group-hover:opacity-100 group-hover:translate-x-2\"\n                        aria-hidden=\"true\" focusable=\"false\" data-prefix=\"fal\" data-icon=\"long-arrow-right\" class=\"svg-inline--fa fa-long-arrow-right fa-w-14\" role=\"img\" xmlns=\"http:\/\/www.w3.org\/2000\/svg\" viewBox=\"0 0 448 512\"><path fill=\"currentColor\" d=\"M311.03 131.515l-7.071 7.07c-4.686 4.686-4.686 12.284 0 16.971L387.887 239H12c-6.627 0-12 5.373-12 12v10c0 6.627 5.373 12 12 12h375.887l-83.928 83.444c-4.686 4.686-4.686 12.284 0 16.971l7.071 7.07c4.686 4.686 12.284 4.686 16.97 0l116.485-116c4.686-4.686 4.686-12.284 0-16.971L328 131.515c-4.686-4.687-12.284-4.687-16.97 0z\"><\/path><\/svg>\n<\/a>\n\n                                    <\/div>\n            <\/div>\n\n            <\/section>\n\n\n<section  class=\"my-16 lg:my-20 flex gap-10 2xl:gap-32 flex-col-reverse lg:flex-row\">\n    <div class=\"bg-light w-full h-full z-[1] relative rounded-r-full pl-8 pr-4 sm:pl-10 sm:pr-8 xl:pl-56 xl:pr-0 2xl:w-1\/2 py-16 lg:py-24 flex justify-end\">\n        <span class=\"relative w-full before:z-0 before:content[''] before:w-1\/2 before:h-56 before:w-1\/2 before:xl:h-60 before:bg-secondary before:absolute before:rounded-xl flex before:-translate-y-3 before:-translate-x-3 before:md:-translate-y-4 before:md:-translate-x-4\">\n        <img decoding=\"async\" src=\" https:\/\/dockaas.webba11.projectlocatie.nl\/app\/uploads\/2022\/03\/1-Guus-Mensink-DSCF6702-kopieren-e1651741602250.jpg \" alt=\"Unsere Genossenschaft\" class=\"w-full h-full rounded-xl object-cover relative h-[28.125rem]\" \/>\n        <\/span>\n    <\/div>\n\n    <div class=\"px-12 sm:px-16 md:px-24 w-full flex flex-col justify-center gap-6 xl:pl-0 lg:pr-16 xl:pr-56 2xl:w-1\/2\">\n                <h2 class=\"px-4 border-l-5 md:border-l-8 border-secondary text-[2rem] md:text-[2.75rem] leading-tight text-primary-light w-full max-w-none xl:max-w-[44rem] title\"><p><strong>Guus Mensink<\/strong><\/p>\n<\/h2>\n                        <div class=\"text-grey w-full max-w-none xl:max-w-[44rem] leading-7 relative font-light mt-4 xl:pl-8 xl:pr-8 medium\">\n            <blockquote><p><em>\u201eGemeinsam st\u00e4rker, mit kontinuierlicher Verbesserung des Absatzes und einem besseren Einkommen f\u00fcr unsere Mitglieder. Das ist die Basis unserer Genossenschaft. Offen, mit Mitspracherecht f\u00fcr die Mitglieder und fruchtbaren inhaltlichen Diskussionen. Unser Fokus liegt auf den langfristigen Zielen und der Kontinuit\u00e4t. Auch f\u00fcr die uns nachfolgenden Generationen. Was uns verbindet, ist die Passion, mit der wir uns unserer Aufgabe widmen \u2013 der Lieferung von Milch erster G\u00fcte. Der Rohstoff f\u00fcr Molkereiprodukte, die in aller Welt konsumiert werden. Unser Beruf ist einfach der sch\u00f6nste!\u201c<\/em><\/p>\n<p>&nbsp;<\/p>\n<p><strong>Guus Mensink, Vorstandsvorsitzender der Genossenschaft DOC Kaas<\/strong><\/p><\/blockquote>\n\n        <\/div>\n        \n            <\/div>\n<\/section>\n\n\n<section class=\"px-4 py-16 flex items-center banner-block min-h-[31.25rem] justify-center\"\n            style=\"background-image:linear-gradient(to bottom, rgba(0, 116, 170, 0.5), rgba(0, 116, 170, 0.5)),url('https:\/\/dockaas.webba11.projectlocatie.nl\/app\/uploads\/2022\/05\/Fabriek-in-1901_bijgesneden.jpg');background-repeat:no-repeat;background-position:center;background-size:cover;\"\n    >\n\n    <div class=\"container mx-auto flex xl:px-28 flex-col items-center gap-4\">\n        <div class=\"text-[2.75rem] md:text-[4rem] lg:w-[45rem] text-center\">\n            <div class=\"text-white\"><p>Wir bringen Sie <strong>zur\u00fcck ins Jahr 1895<\/strong><\/p>\n<\/div>\n        <\/div>\n\n                    <div class=\"flex flex-wrap items-center gap-6 w-full xs:w-max mt-4\">\n                                    \n                                        \n                    <a href=\"https:\/\/doc-kaas-ua.ddev.site\/de\/geschichte\/\" class=\"text-primary-light bg-white font-bold px-10 py-3 rounded-full flex justify-center w-full xs:w-max group\" target=\"\">\n    Siehe unsere Geschichte\n                        <svg class=\"w-6 h-6 transition-all opacity-0 -ml-6 -translate-x-6 group-hover:ml-0 group-hover:opacity-100 group-hover:translate-x-2\"\n                            aria-hidden=\"true\" focusable=\"false\" data-prefix=\"fal\" data-icon=\"long-arrow-right\" class=\"svg-inline--fa fa-long-arrow-right fa-w-14\" role=\"img\" xmlns=\"http:\/\/www.w3.org\/2000\/svg\" viewBox=\"0 0 448 512\"><path fill=\"currentColor\" d=\"M311.03 131.515l-7.071 7.07c-4.686 4.686-4.686 12.284 0 16.971L387.887 239H12c-6.627 0-12 5.373-12 12v10c0 6.627 5.373 12 12 12h375.887l-83.928 83.444c-4.686 4.686-4.686 12.284 0 16.971l7.071 7.07c4.686 4.686 12.284 4.686 16.97 0l116.485-116c4.686-4.686 4.686-12.284 0-16.971L328 131.515c-4.686-4.687-12.284-4.687-16.97 0z\"><\/path><\/svg>\n<\/a>\n\n                                                <\/div>\n            <\/div>\n<\/section>\n\n\n<div class=\"fixed p-4 sm:p-8 md:p-12 lg:p-16 w-[95vw] 2xl:w-1\/2 max-h-[70%] rounded-lg md:max-h-[65rem] overflow-y-auto overflow-x-hidden modal\" id=\"modal\">\n    <div class=\"bg-light w-12 h-12 shadow-xl rounded-full absolute right-5 top-5 flex justify-center items-center cursor-pointer hover:-translate-y-1 transition-all z-10 close-modal\">\n        <svg xmlns=\"http:\/\/www.w3.org\/2000\/svg\" width=\"12.495\" height=\"12.662\" viewBox=\"0 0 12.495 12.662\"><g id=\"Group_185\" data-name=\"Group 185\" transform=\"translate(-342.899 -54.899)\"><path id=\"Path_100\" data-name=\"Path 100\" d=\"M0,0H14.27\" transform=\"translate(344.101 56.268) rotate(45)\" fill=\"none\" stroke=\"#3073a5\" stroke-linecap=\"round\" stroke-width=\"1.7\"\/><path id=\"Path_101\" data-name=\"Path 101\" d=\"M0,0H14.27\" transform=\"translate(344.101 66.191) rotate(-45)\" fill=\"none\" stroke=\"#3073a5\" stroke-linecap=\"round\" stroke-width=\"1.7\"\/><\/g><\/svg>          \n    <\/div>\n\n    \n    <\/div>","protected":false},"excerpt":{"rendered":"","protected":false},"author":2,"featured_media":0,"parent":0,"menu_order":25,"comment_status":"closed","ping_status":"closed","template":"","meta":{"_acf_changed":false,"inline_featured_image":false,"footnotes":""},"class_list":["post-1344","page","type-page","status-publish","hentry"],"acf":[],"yoast_head":"<!-- This site is optimized with the Yoast SEO plugin v25.3.1 - https:\/\/yoast.com\/wordpress\/plugins\/seo\/ -->\n<title>Unsere Genossenschaft - DOC Kaas U.A.<\/title>\n<meta name=\"description\" content=\"M\u00f6chten Sie mehr \u00fcber unsere Genossenschaft, unsere Geschichte und unsere Leidenschaft erfahren? Lesen Sie weiter.\" \/>\n<meta name=\"robots\" content=\"noindex, follow, max-snippet:-1, max-image-preview:large, max-video-preview:-1\" \/>\n<meta property=\"og:locale\" content=\"de_DE\" \/>\n<meta property=\"og:type\" content=\"article\" \/>\n<meta property=\"og:title\" content=\"Unsere Genossenschaft - DOC Kaas U.A.\" \/>\n<meta property=\"og:description\" content=\"M\u00f6chten Sie mehr \u00fcber unsere Genossenschaft, unsere Geschichte und unsere Leidenschaft erfahren? Lesen Sie weiter.\" \/>\n<meta property=\"og:url\" content=\"https:\/\/dockaas.webba11.projectlocatie.nl\/de\/unsere-genossenschaft\/\" \/>\n<meta property=\"og:site_name\" content=\"DOC Kaas U.A.\" \/>\n<meta property=\"article:modified_time\" content=\"2023-06-30T07:57:29+00:00\" \/>\n<meta name=\"twitter:card\" content=\"summary_large_image\" \/>\n<script type=\"application\/ld+json\" class=\"yoast-schema-graph\">{\"@context\":\"https:\/\/schema.org\",\"@graph\":[{\"@type\":\"WebPage\",\"@id\":\"https:\/\/dockaas.webba11.projectlocatie.nl\/de\/unsere-genossenschaft\/\",\"url\":\"https:\/\/dockaas.webba11.projectlocatie.nl\/de\/unsere-genossenschaft\/\",\"name\":\"Unsere Genossenschaft - DOC Kaas U.A.\",\"isPartOf\":{\"@id\":\"https:\/\/dockaas.webba11.projectlocatie.nl\/#website\"},\"datePublished\":\"2022-01-28T14:59:42+00:00\",\"dateModified\":\"2023-06-30T07:57:29+00:00\",\"description\":\"M\u00f6chten Sie mehr \u00fcber unsere Genossenschaft, unsere Geschichte und unsere Leidenschaft erfahren? Lesen Sie weiter.\",\"breadcrumb\":{\"@id\":\"https:\/\/dockaas.webba11.projectlocatie.nl\/de\/unsere-genossenschaft\/#breadcrumb\"},\"inLanguage\":\"de-DE\",\"potentialAction\":[{\"@type\":\"ReadAction\",\"target\":[\"https:\/\/dockaas.webba11.projectlocatie.nl\/de\/unsere-genossenschaft\/\"]}]},{\"@type\":\"BreadcrumbList\",\"@id\":\"https:\/\/dockaas.webba11.projectlocatie.nl\/de\/unsere-genossenschaft\/#breadcrumb\",\"itemListElement\":[{\"@type\":\"ListItem\",\"position\":1,\"name\":\"Home\",\"item\":\"https:\/\/dockaas.webba11.projectlocatie.nl\/de\/\"},{\"@type\":\"ListItem\",\"position\":2,\"name\":\"Unsere Genossenschaft\"}]},{\"@type\":\"WebSite\",\"@id\":\"https:\/\/dockaas.webba11.projectlocatie.nl\/#website\",\"url\":\"https:\/\/dockaas.webba11.projectlocatie.nl\/\",\"name\":\"DOC Kaas U.A.\",\"description\":\"Van, voor en door de leden!\",\"potentialAction\":[{\"@type\":\"SearchAction\",\"target\":{\"@type\":\"EntryPoint\",\"urlTemplate\":\"https:\/\/dockaas.webba11.projectlocatie.nl\/?s={search_term_string}\"},\"query-input\":{\"@type\":\"PropertyValueSpecification\",\"valueRequired\":true,\"valueName\":\"search_term_string\"}}],\"inLanguage\":\"de-DE\"}]}<\/script>\n<!-- \/ Yoast SEO plugin. -->","yoast_head_json":{"title":"Unsere Genossenschaft - DOC Kaas U.A.","description":"M\u00f6chten Sie mehr \u00fcber unsere Genossenschaft, unsere Geschichte und unsere Leidenschaft erfahren? Lesen Sie weiter.","robots":{"index":"noindex","follow":"follow","max-snippet":"max-snippet:-1","max-image-preview":"max-image-preview:large","max-video-preview":"max-video-preview:-1"},"og_locale":"de_DE","og_type":"article","og_title":"Unsere Genossenschaft - DOC Kaas U.A.","og_description":"M\u00f6chten Sie mehr \u00fcber unsere Genossenschaft, unsere Geschichte und unsere Leidenschaft erfahren? Lesen Sie weiter.","og_url":"https:\/\/dockaas.webba11.projectlocatie.nl\/de\/unsere-genossenschaft\/","og_site_name":"DOC Kaas U.A.","article_modified_time":"2023-06-30T07:57:29+00:00","twitter_card":"summary_large_image","schema":{"@context":"https:\/\/schema.org","@graph":[{"@type":"WebPage","@id":"https:\/\/dockaas.webba11.projectlocatie.nl\/de\/unsere-genossenschaft\/","url":"https:\/\/dockaas.webba11.projectlocatie.nl\/de\/unsere-genossenschaft\/","name":"Unsere Genossenschaft - DOC Kaas U.A.","isPartOf":{"@id":"https:\/\/dockaas.webba11.projectlocatie.nl\/#website"},"datePublished":"2022-01-28T14:59:42+00:00","dateModified":"2023-06-30T07:57:29+00:00","description":"M\u00f6chten Sie mehr \u00fcber unsere Genossenschaft, unsere Geschichte und unsere Leidenschaft erfahren? Lesen Sie weiter.","breadcrumb":{"@id":"https:\/\/dockaas.webba11.projectlocatie.nl\/de\/unsere-genossenschaft\/#breadcrumb"},"inLanguage":"de-DE","potentialAction":[{"@type":"ReadAction","target":["https:\/\/dockaas.webba11.projectlocatie.nl\/de\/unsere-genossenschaft\/"]}]},{"@type":"BreadcrumbList","@id":"https:\/\/dockaas.webba11.projectlocatie.nl\/de\/unsere-genossenschaft\/#breadcrumb","itemListElement":[{"@type":"ListItem","position":1,"name":"Home","item":"https:\/\/dockaas.webba11.projectlocatie.nl\/de\/"},{"@type":"ListItem","position":2,"name":"Unsere Genossenschaft"}]},{"@type":"WebSite","@id":"https:\/\/dockaas.webba11.projectlocatie.nl\/#website","url":"https:\/\/dockaas.webba11.projectlocatie.nl\/","name":"DOC Kaas U.A.","description":"Van, voor en door de leden!","potentialAction":[{"@type":"SearchAction","target":{"@type":"EntryPoint","urlTemplate":"https:\/\/dockaas.webba11.projectlocatie.nl\/?s={search_term_string}"},"query-input":{"@type":"PropertyValueSpecification","valueRequired":true,"valueName":"search_term_string"}}],"inLanguage":"de-DE"}]}},"_links":{"self":[{"href":"https:\/\/dockaas.webba11.projectlocatie.nl\/de\/wp-json\/wp\/v2\/pages\/1344","targetHints":{"allow":["GET"]}}],"collection":[{"href":"https:\/\/dockaas.webba11.projectlocatie.nl\/de\/wp-json\/wp\/v2\/pages"}],"about":[{"href":"https:\/\/dockaas.webba11.projectlocatie.nl\/de\/wp-json\/wp\/v2\/types\/page"}],"author":[{"embeddable":true,"href":"https:\/\/dockaas.webba11.projectlocatie.nl\/de\/wp-json\/wp\/v2\/users\/2"}],"replies":[{"embeddable":true,"href":"https:\/\/dockaas.webba11.projectlocatie.nl\/de\/wp-json\/wp\/v2\/comments?post=1344"}],"version-history":[{"count":58,"href":"https:\/\/dockaas.webba11.projectlocatie.nl\/de\/wp-json\/wp\/v2\/pages\/1344\/revisions"}],"predecessor-version":[{"id":6582,"href":"https:\/\/dockaas.webba11.projectlocatie.nl\/de\/wp-json\/wp\/v2\/pages\/1344\/revisions\/6582"}],"wp:attachment":[{"href":"https:\/\/dockaas.webba11.projectlocatie.nl\/de\/wp-json\/wp\/v2\/media?parent=1344"}],"curies":[{"name":"wp","href":"https:\/\/api.w.org\/{rel}","templated":true}]}}