{"id":1358,"date":"2022-02-14T13:46:04","date_gmt":"2022-02-14T13:46:04","guid":{"rendered":"https:\/\/doc-kaas-ua.ddev.site\/?page_id=1358"},"modified":"2022-10-04T08:23:52","modified_gmt":"2022-10-04T06:23:52","slug":"unsere-besondere-struktur","status":"publish","type":"page","link":"https:\/\/dockaas.webba11.projectlocatie.nl\/de\/unsere-besondere-struktur\/","title":{"rendered":"Unsere besondere Struktur"},"content":{"rendered":"<style>\n    .hero {\n        background-image:linear-gradient(to right, rgba(248, 253, 255, 1), rgba(248, 253, 255, 1), rgba(0, 0, 0, 0)),url(' https:\/\/dockaas.webba11.projectlocatie.nl\/app\/uploads\/2022\/05\/bijzonderestructuur.jpg ');\n    }\n\n    @media (max-width: 1024px) {\n        .hero {\n            background-image:linear-gradient(to top, rgba(248, 253, 255, 1), rgba(248, 253, 255, 0.95), rgba(0, 0, 0, 0)),url(' https:\/\/dockaas.webba11.projectlocatie.nl\/app\/uploads\/2022\/05\/bijzonderestructuur.jpg ');\n        }\n    }\n<\/style>\n\n<section class=\"hero !bg-no-repeat !bg-cover !bg-center flex items-center\">\n    <div class=\"top-0 left-0 h-full w-full relative px-4 pt-36\">\n        <div class=\"container mx-auto\">\n            <div class=\"hero-title\">\n                                <h1 class=\"pl-8 pr-0 lg:pr-8 border-l-5 md:border-l-10 border-secondary text-[2.75rem] md:text-[4rem] leading-tight text-primary-light break-normal\"><p>Unsere<strong> besondere<\/strong><\/p>\n<p><strong>Struktur<\/strong><\/p>\n<\/h1>\n                                \n                \n            <\/div>\n        <\/div>\n\n                <div class=\"container mx-auto py-6 lg:px-10 text-grey mt-24\">\n            <p id=\"breadcrumbs\"><span><span><a href=\"https:\/\/dockaas.webba11.projectlocatie.nl\/de\/\">Home<\/a><\/span><\/span><\/p>        <\/div>\n        \n    <\/div>\n<\/section>\n\n\n\n<section  class=\"py-16 bg-lighter\">\n\n         \n        \n    \n    <div class=\"w-full lg:w-[55rem] flex flex-col gap-6 content px-4 m-auto\">\n\n                <div class=\"text-primary-light text-[2.75rem] relative after:content[''] after:h-0.5 after:w-24 after:bg-secondary after:absolute after:mt-2 leading-tight break-normal title\">\n            <p>Unsere <strong>besondere <\/strong><strong>Struktur<\/strong><\/p>\n\n        <\/div>\n        \n                <div class=\"text-grey leading-7 font-light\">\n            <p><em><strong>Unsere genossenschaftliche Struktur bedeutet, dass die Mitglieder ein Mitspracherecht bei wichtigen Entscheidungen haben, z. B. bei der Besetzung von Stellen oder bei \u00c4nderungen der Lieferbedingungen oder Qualit\u00e4t der Milch. Es handelt sich um eine abgestufte Beteiligungsstruktur, die aus den Mitgliedern, dem Mitgliederrat und dem Vorstand besteht.<\/strong><\/em><\/p>\n\n        <\/div>\n        \n                <div class=\"mt-4 flex flex-wrap items-center gap-6\">\n                            \n                                \n                <a href=\"https:\/\/doc-kaas-ua.ddev.site\/de\/unsere-genossenschaft\" class=\"text-primary-light border border-slate-300 font-bold px-10 py-3 rounded-full flex justify-center w-full xs:w-max group\" target=\"\">\n    Mehr \u00fcber DOC Kaas U.A.\n                    <svg class=\"w-6 h-6 transition-all opacity-0 -ml-6 -translate-x-6 group-hover:ml-0 group-hover:opacity-100 group-hover:translate-x-2\"\n                        aria-hidden=\"true\" focusable=\"false\" data-prefix=\"fal\" data-icon=\"long-arrow-right\" class=\"svg-inline--fa fa-long-arrow-right fa-w-14\" role=\"img\" xmlns=\"http:\/\/www.w3.org\/2000\/svg\" viewBox=\"0 0 448 512\"><path fill=\"currentColor\" d=\"M311.03 131.515l-7.071 7.07c-4.686 4.686-4.686 12.284 0 16.971L387.887 239H12c-6.627 0-12 5.373-12 12v10c0 6.627 5.373 12 12 12h375.887l-83.928 83.444c-4.686 4.686-4.686 12.284 0 16.971l7.071 7.07c4.686 4.686 12.284 4.686 16.97 0l116.485-116c4.686-4.686 4.686-12.284 0-16.971L328 131.515c-4.686-4.687-12.284-4.687-16.97 0z\"><\/path><\/svg>\n<\/a>\n\n                                    <\/div>\n            <\/div>\n\n            <\/section>\n\n\n<section  class=\"py-16 bg-light\">\n\n         \n        \n    \n    <div class=\"w-full lg:w-[55rem] flex flex-col gap-6 content px-4 m-auto\">\n\n                <div class=\"text-primary-light text-[2.75rem] relative after:content[''] after:h-0.5 after:w-24 after:bg-secondary after:absolute after:mt-2 leading-tight break-normal title\">\n            <h4>Die Mitglieder<\/h4>\n\n        <\/div>\n        \n                <div class=\"text-grey leading-7 font-light\">\n            <p>Die Mitglieder sind \u00fcber die Genossenschaft Miteigent\u00fcmer der DMK GmbH. Das Milcherzeugungsgebiet der Genossenschaft DOC Kaas ist in acht Bezirke unterteilt, von denen einer in Deutschland liegt. Zweimal im Jahr, im Fr\u00fchjahr und im Herbst, finden regionale Treffen statt, an denen alle Mitglieder teilnehmen k\u00f6nnen. Bei diesen Treffen werden die Mitglieder informiert und angeh\u00f6rt und sie w\u00e4hlen aus ihren Reihen Mitglieder, die sie im Mitgliederrat vertreten.<\/p>\n\n        <\/div>\n        \n            <\/div>\n\n            <\/section>\n\n\n<section  class=\"py-16 bg-lighter\">\n\n         \n        \n    \n    <div class=\"w-full lg:w-[55rem] flex flex-col gap-6 content px-4 m-auto\">\n\n                <div class=\"text-primary-light text-[2.75rem] relative after:content[''] after:h-0.5 after:w-24 after:bg-secondary after:absolute after:mt-2 leading-tight break-normal title\">\n            <h4>Der Mitgliederrat<\/h4>\n\n        <\/div>\n        \n                <div class=\"text-grey leading-7 font-light\">\n            <p>Der Mitgliederrat des DOC Kaas besteht aus 15 Mitgliedern, die ihren Bezirk vertreten. Sie werden von den Mitgliedern gew\u00e4hlt und von den Mitgliedern auf der Distriktversammlung ernannt. Der Mitgliederrat legt u. a. die Jahreszahlen der Genossenschaft fest und genehmigt (\u00c4nderungen) der Satzung und der Gesch\u00e4ftsordnung. Dar\u00fcber hinaus ist der Mitgliederrat ein wichtiger Gespr\u00e4chspartner f\u00fcr den Vorstand. Die Anzahl der Mitglieder des Mitgliederrats innerhalb eines Bezirks wird durch die Milchmenge bestimmt, die von den Mitgliedern des Bezirks im letzten Gesch\u00e4ftsjahr an die Genossenschaft geliefert wurde.<\/p>\n<p>&nbsp;<\/p>\n\n        <\/div>\n        \n            <\/div>\n\n            <\/section>\n\n\n<section  class=\"py-16 bg-light\">\n\n         \n        \n    \n    <div class=\"w-full lg:w-[55rem] flex flex-col gap-6 content px-4 m-auto\">\n\n                <div class=\"text-primary-light text-[2.75rem] relative after:content[''] after:h-0.5 after:w-24 after:bg-secondary after:absolute after:mt-2 leading-tight break-normal title\">\n            <h4>Der Vorstand<\/h4>\n\n        <\/div>\n        \n                <div class=\"text-grey leading-7 font-light\">\n            <p>Der Vorstand von DOC Kaas besteht aus f\u00fcnf Mitgliedern und leitet die Genossenschaft im Tagesgesch\u00e4ft. Die f\u00fcnf Vorstandsmitglieder bestimmen den Kurs und treffen (finanzielle) Entscheidungen in Absprache mit dem Mitgliederrat. Die Mitglieder des Vorstands werden vom Vorstand nominiert und vom Mitgliederrat ernannt.<\/p>\n\n        <\/div>\n        \n            <\/div>\n\n            <\/section>\n\n\n<section  class=\"py-16 bg-lighter\">\n\n         \n        \n    \n    <div class=\"w-full lg:w-[55rem] flex flex-col gap-6 content px-4 m-auto\">\n\n                <div class=\"text-primary-light text-[2.75rem] relative after:content[''] after:h-0.5 after:w-24 after:bg-secondary after:absolute after:mt-2 leading-tight break-normal title\">\n            <h4>Der Jugendausschuss<\/h4>\n\n        <\/div>\n        \n                <div class=\"text-grey leading-7 font-light\">\n            <p>Die Milchwirtschaft ist ein Sektor par excellence, in dem die Betriebe von Generation zu Generation weitergegeben werden. Die jungen Leute von heute sind die Mitglieder der Zukunft und daher von gro\u00dfer Bedeutung f\u00fcr den Fortbestand der Genossenschaft.<\/p>\n<p>Der Jugendausschuss von DOC Kaas besteht aus 8 jungen Milcherzeugern. Dieser Ausschuss hat keine formellen Befugnisse innerhalb der Genossenschaft &#8211; sein Ziel ist es, den Kontakt zwischen der Genossenschaft und den jungen Landwirten zu st\u00e4rken. Durch die Organisation von Aktivit\u00e4ten f\u00fcr die Jugendlichen des DOC Kaas erwerben die Mitglieder des Jugendausschusses die erforderlichen Kenntnisse und (Management-)Erfahrungen. Sie erhalten auch die M\u00f6glichkeit sich weiterzuentwickeln, zum Beispiel durch Schulungen.<\/p>\n\n        <\/div>\n        \n            <\/div>\n\n            <\/section>\n\n\n<section  class=\"my-16 lg:my-20 flex gap-10 2xl:gap-32 flex-col-reverse lg:flex-row\">\n    <div class=\"bg-light w-full h-full z-[1] relative rounded-r-full pl-8 pr-4 sm:pl-10 sm:pr-8 xl:pl-56 xl:pr-0 md:w-2\/3 xl:w-1\/2 2xl:w-2\/5 py-12 flex justify-end\">\n        <span class=\"relative w-full before:z-0 before:content[''] before:w-1\/2 before:h-56 before:w-1\/2 before:xl:h-60 before:bg-secondary before:absolute before:rounded-xl flex before:-translate-y-3 before:-translate-x-3 before:md:-translate-y-4 before:md:-translate-x-4 md:w-[31.25rem]\">\n        <img decoding=\"async\" src=\" https:\/\/dockaas.webba11.projectlocatie.nl\/app\/uploads\/2022\/03\/Cecile-Fokkert_5653-bewerkt-e1648460036917.jpg \" alt=\"Unsere besondere Struktur\" class=\"w-full h-full rounded-xl object-cover relative h-[38.75rem] lg:w-[31.25rem]\" \/>\n        <\/span>\n    <\/div>\n\n    <div class=\"px-12 sm:px-16 md:px-24 w-full flex flex-col justify-center gap-6 xl:pl-0 lg:pr-16 xl:pr-56 xl:w-1\/2 2xl:w-3\/5\">\n                <h2 class=\"px-4 border-l-5 md:border-l-8 border-secondary text-[2rem] md:text-[2.75rem] leading-tight text-primary-light w-full max-w-none xl:max-w-[44rem] title\"><p><strong>Cecile Fokkert: <em>\u201cDie Junglandwirte von heute sind die Mitglieder der Zukunft.\u201d<\/em><\/strong><\/p>\n<\/h2>\n                \n            <\/div>\n<\/section>\n\n\n<section  class=\"py-16 bg-light\">\n\n         \n    \n    \n    <div class=\"flex flex-col gap-6 px-4 m-auto\">\n        <div class=\"lg:w-[60rem] text-primary-light text-4xl m-auto leading-normal\">\n            <p style=\"text-align: center\">Zielsetzung der <strong>Genossenschaft DOC Kaas U.A.<\/strong><\/p>\n\n        <\/div>\n        <div class=\"md:w-[45rem] m-auto text-grey leading-7 font-light\">\n            <p style=\"text-align: center\">Die Niederlande haben eine lange Geschichte von Genossenschaften. Es ist ein Modell, das sich bew\u00e4hrt hat: Gemeinsam st\u00e4rker f\u00fcr mehr Umsatz und ein besseres Einkommen. Und der Schwerpunkt liegt auf der langfristigen Perspektive.<\/p>\n\n        <\/div>\n\n        <div class=\"mt-4 lg:w-[85rem] m-auto\">\n                            <div class=\"flex flex-col lg:flex-row justify-center gap-6 flex-wrap lg:flex-nowrap\">\n                                        \n                    <div class=\"px-4 lg:w-1\/4\">\n                                                <div class=\"bg-light w-20 h-20 rounded-full mx-auto p-6 shadow-lg\">\n                            <svg class=\"w-full h-full\" xmlns=\"http:\/\/www.w3.org\/2000\/svg\" viewBox=\"0 0 24 24\"><polyline points=\"4 11.5 10 17.5 21 6.5\" fill=\"none\" stroke=\"#FDD500\" stroke-miterlimit=\"10\" stroke-width=\"4\"\/><\/svg>\n                        <\/div>\n                                                <div class=\"text-primary-light font-bold text-center mt-4\">\n                            <p>Ein wettbewerbsf\u00e4higer, stabiler Milchpreis f\u00fcr die Mitglied-Milcherzeuger<\/p>\n\n                        <\/div>\n                    <\/div>\n\n                                        \n                    <div class=\"px-4 lg:w-1\/4\">\n                                                <div class=\"bg-light w-20 h-20 rounded-full mx-auto p-6 shadow-lg\">\n                            <svg class=\"w-full h-full\" xmlns=\"http:\/\/www.w3.org\/2000\/svg\" viewBox=\"0 0 24 24\"><polyline points=\"4 11.5 10 17.5 21 6.5\" fill=\"none\" stroke=\"#FDD500\" stroke-miterlimit=\"10\" stroke-width=\"4\"\/><\/svg>\n                        <\/div>\n                                                <div class=\"text-primary-light font-bold text-center mt-4\">\n                            <p>Kontinuit\u00e4t sowohl f\u00fcr die Milcherzeuger als auch f\u00fcr die Genossenschaft<\/p>\n\n                        <\/div>\n                    <\/div>\n\n                                        \n                    <div class=\"px-4 lg:w-1\/4\">\n                                                <div class=\"bg-light w-20 h-20 rounded-full mx-auto p-6 shadow-lg\">\n                            <svg class=\"w-full h-full\" xmlns=\"http:\/\/www.w3.org\/2000\/svg\" viewBox=\"0 0 24 24\"><polyline points=\"4 11.5 10 17.5 21 6.5\" fill=\"none\" stroke=\"#FDD500\" stroke-miterlimit=\"10\" stroke-width=\"4\"\/><\/svg>\n                        <\/div>\n                                                <div class=\"text-primary-light font-bold text-center mt-4\">\n                            <p>Eine Abnahmegarantie f\u00fcr die Mitglied-Milcherzeuger<\/p>\n\n                        <\/div>\n                    <\/div>\n\n                                    <\/div>\n                    <\/div>\n    <\/div>\n\n            <\/section>\n\n\n<section class=\"px-4 py-16 flex items-center banner-block min-h-[31.25rem] justify-center\"\n            style=\"background-image:linear-gradient(to bottom, rgba(0, 116, 170, 0.5), rgba(0, 116, 170, 0.5)),url('https:\/\/dockaas.webba11.projectlocatie.nl\/app\/uploads\/2022\/02\/cow-3-scaled.jpeg');background-repeat:no-repeat;background-position:center;background-size:cover;\"\n    >\n\n    <div class=\"container mx-auto flex xl:px-28 flex-col items-center gap-4\">\n        <div class=\"text-[2.75rem] md:text-[4rem] lg:w-[45rem] text-center\">\n            <div class=\"text-white\"><p>Gemeinsam machen <strong>wir den <\/strong><strong>Unterschied<\/strong><\/p>\n<\/div>\n        <\/div>\n\n            <\/div>\n<\/section>\n\n\n<div class=\"fixed p-4 sm:p-8 md:p-12 lg:p-16 w-[95vw] 2xl:w-1\/2 max-h-[70%] rounded-lg md:max-h-[65rem] overflow-y-auto overflow-x-hidden modal\" id=\"modal\">\n    <div class=\"bg-light w-12 h-12 shadow-xl rounded-full absolute right-5 top-5 flex justify-center items-center cursor-pointer hover:-translate-y-1 transition-all z-10 close-modal\">\n        <svg xmlns=\"http:\/\/www.w3.org\/2000\/svg\" width=\"12.495\" height=\"12.662\" viewBox=\"0 0 12.495 12.662\"><g id=\"Group_185\" data-name=\"Group 185\" transform=\"translate(-342.899 -54.899)\"><path id=\"Path_100\" data-name=\"Path 100\" d=\"M0,0H14.27\" transform=\"translate(344.101 56.268) rotate(45)\" fill=\"none\" stroke=\"#3073a5\" stroke-linecap=\"round\" stroke-width=\"1.7\"\/><path id=\"Path_101\" data-name=\"Path 101\" d=\"M0,0H14.27\" transform=\"translate(344.101 66.191) rotate(-45)\" fill=\"none\" stroke=\"#3073a5\" stroke-linecap=\"round\" stroke-width=\"1.7\"\/><\/g><\/svg>          \n    <\/div>\n\n    \n    <\/div>","protected":false},"excerpt":{"rendered":"","protected":false},"author":2,"featured_media":0,"parent":0,"menu_order":29,"comment_status":"closed","ping_status":"closed","template":"","meta":{"_acf_changed":false,"inline_featured_image":false,"footnotes":""},"class_list":["post-1358","page","type-page","status-publish","hentry"],"acf":[],"yoast_head":"<!-- This site is optimized with the Yoast SEO plugin v25.3.1 - https:\/\/yoast.com\/wordpress\/plugins\/seo\/ -->\n<title>Unsere besondere Struktur - DOC Kaas U.A.<\/title>\n<meta name=\"description\" content=\"In Unserer besonderen Struktur . Gemeinsam setzen wir uns f\u00fcr einen besseren Sektor ein. Lesen Sie hier mehr.\" \/>\n<meta name=\"robots\" content=\"noindex, follow, max-snippet:-1, max-image-preview:large, max-video-preview:-1\" \/>\n<meta property=\"og:locale\" content=\"de_DE\" \/>\n<meta property=\"og:type\" content=\"article\" \/>\n<meta property=\"og:title\" content=\"Unsere besondere Struktur - DOC Kaas U.A.\" \/>\n<meta property=\"og:description\" content=\"In Unserer besonderen Struktur . Gemeinsam setzen wir uns f\u00fcr einen besseren Sektor ein. Lesen Sie hier mehr.\" \/>\n<meta property=\"og:url\" content=\"https:\/\/dockaas.webba11.projectlocatie.nl\/de\/unsere-besondere-struktur\/\" \/>\n<meta property=\"og:site_name\" content=\"DOC Kaas U.A.\" \/>\n<meta property=\"article:modified_time\" content=\"2022-10-04T06:23:52+00:00\" \/>\n<meta name=\"twitter:card\" content=\"summary_large_image\" \/>\n<script type=\"application\/ld+json\" class=\"yoast-schema-graph\">{\"@context\":\"https:\/\/schema.org\",\"@graph\":[{\"@type\":\"WebPage\",\"@id\":\"https:\/\/dockaas.webba11.projectlocatie.nl\/de\/unsere-besondere-struktur\/\",\"url\":\"https:\/\/dockaas.webba11.projectlocatie.nl\/de\/unsere-besondere-struktur\/\",\"name\":\"Unsere besondere Struktur - DOC Kaas U.A.\",\"isPartOf\":{\"@id\":\"https:\/\/dockaas.webba11.projectlocatie.nl\/#website\"},\"datePublished\":\"2022-02-14T13:46:04+00:00\",\"dateModified\":\"2022-10-04T06:23:52+00:00\",\"description\":\"In Unserer besonderen Struktur . Gemeinsam setzen wir uns f\u00fcr einen besseren Sektor ein. Lesen Sie hier mehr.\",\"breadcrumb\":{\"@id\":\"https:\/\/dockaas.webba11.projectlocatie.nl\/de\/unsere-besondere-struktur\/#breadcrumb\"},\"inLanguage\":\"de-DE\",\"potentialAction\":[{\"@type\":\"ReadAction\",\"target\":[\"https:\/\/dockaas.webba11.projectlocatie.nl\/de\/unsere-besondere-struktur\/\"]}]},{\"@type\":\"BreadcrumbList\",\"@id\":\"https:\/\/dockaas.webba11.projectlocatie.nl\/de\/unsere-besondere-struktur\/#breadcrumb\",\"itemListElement\":[{\"@type\":\"ListItem\",\"position\":1,\"name\":\"Home\",\"item\":\"https:\/\/dockaas.webba11.projectlocatie.nl\/de\/\"},{\"@type\":\"ListItem\",\"position\":2,\"name\":\"Unsere besondere Struktur\"}]},{\"@type\":\"WebSite\",\"@id\":\"https:\/\/dockaas.webba11.projectlocatie.nl\/#website\",\"url\":\"https:\/\/dockaas.webba11.projectlocatie.nl\/\",\"name\":\"DOC Kaas U.A.\",\"description\":\"Van, voor en door de leden!\",\"potentialAction\":[{\"@type\":\"SearchAction\",\"target\":{\"@type\":\"EntryPoint\",\"urlTemplate\":\"https:\/\/dockaas.webba11.projectlocatie.nl\/?s={search_term_string}\"},\"query-input\":{\"@type\":\"PropertyValueSpecification\",\"valueRequired\":true,\"valueName\":\"search_term_string\"}}],\"inLanguage\":\"de-DE\"}]}<\/script>\n<!-- \/ Yoast SEO plugin. -->","yoast_head_json":{"title":"Unsere besondere Struktur - DOC Kaas U.A.","description":"In Unserer besonderen Struktur . Gemeinsam setzen wir uns f\u00fcr einen besseren Sektor ein. Lesen Sie hier mehr.","robots":{"index":"noindex","follow":"follow","max-snippet":"max-snippet:-1","max-image-preview":"max-image-preview:large","max-video-preview":"max-video-preview:-1"},"og_locale":"de_DE","og_type":"article","og_title":"Unsere besondere Struktur - DOC Kaas U.A.","og_description":"In Unserer besonderen Struktur . Gemeinsam setzen wir uns f\u00fcr einen besseren Sektor ein. Lesen Sie hier mehr.","og_url":"https:\/\/dockaas.webba11.projectlocatie.nl\/de\/unsere-besondere-struktur\/","og_site_name":"DOC Kaas U.A.","article_modified_time":"2022-10-04T06:23:52+00:00","twitter_card":"summary_large_image","schema":{"@context":"https:\/\/schema.org","@graph":[{"@type":"WebPage","@id":"https:\/\/dockaas.webba11.projectlocatie.nl\/de\/unsere-besondere-struktur\/","url":"https:\/\/dockaas.webba11.projectlocatie.nl\/de\/unsere-besondere-struktur\/","name":"Unsere besondere Struktur - DOC Kaas U.A.","isPartOf":{"@id":"https:\/\/dockaas.webba11.projectlocatie.nl\/#website"},"datePublished":"2022-02-14T13:46:04+00:00","dateModified":"2022-10-04T06:23:52+00:00","description":"In Unserer besonderen Struktur . Gemeinsam setzen wir uns f\u00fcr einen besseren Sektor ein. Lesen Sie hier mehr.","breadcrumb":{"@id":"https:\/\/dockaas.webba11.projectlocatie.nl\/de\/unsere-besondere-struktur\/#breadcrumb"},"inLanguage":"de-DE","potentialAction":[{"@type":"ReadAction","target":["https:\/\/dockaas.webba11.projectlocatie.nl\/de\/unsere-besondere-struktur\/"]}]},{"@type":"BreadcrumbList","@id":"https:\/\/dockaas.webba11.projectlocatie.nl\/de\/unsere-besondere-struktur\/#breadcrumb","itemListElement":[{"@type":"ListItem","position":1,"name":"Home","item":"https:\/\/dockaas.webba11.projectlocatie.nl\/de\/"},{"@type":"ListItem","position":2,"name":"Unsere besondere Struktur"}]},{"@type":"WebSite","@id":"https:\/\/dockaas.webba11.projectlocatie.nl\/#website","url":"https:\/\/dockaas.webba11.projectlocatie.nl\/","name":"DOC Kaas U.A.","description":"Van, voor en door de leden!","potentialAction":[{"@type":"SearchAction","target":{"@type":"EntryPoint","urlTemplate":"https:\/\/dockaas.webba11.projectlocatie.nl\/?s={search_term_string}"},"query-input":{"@type":"PropertyValueSpecification","valueRequired":true,"valueName":"search_term_string"}}],"inLanguage":"de-DE"}]}},"_links":{"self":[{"href":"https:\/\/dockaas.webba11.projectlocatie.nl\/de\/wp-json\/wp\/v2\/pages\/1358","targetHints":{"allow":["GET"]}}],"collection":[{"href":"https:\/\/dockaas.webba11.projectlocatie.nl\/de\/wp-json\/wp\/v2\/pages"}],"about":[{"href":"https:\/\/dockaas.webba11.projectlocatie.nl\/de\/wp-json\/wp\/v2\/types\/page"}],"author":[{"embeddable":true,"href":"https:\/\/dockaas.webba11.projectlocatie.nl\/de\/wp-json\/wp\/v2\/users\/2"}],"replies":[{"embeddable":true,"href":"https:\/\/dockaas.webba11.projectlocatie.nl\/de\/wp-json\/wp\/v2\/comments?post=1358"}],"version-history":[{"count":69,"href":"https:\/\/dockaas.webba11.projectlocatie.nl\/de\/wp-json\/wp\/v2\/pages\/1358\/revisions"}],"predecessor-version":[{"id":7058,"href":"https:\/\/dockaas.webba11.projectlocatie.nl\/de\/wp-json\/wp\/v2\/pages\/1358\/revisions\/7058"}],"wp:attachment":[{"href":"https:\/\/dockaas.webba11.projectlocatie.nl\/de\/wp-json\/wp\/v2\/media?parent=1358"}],"curies":[{"name":"wp","href":"https:\/\/api.w.org\/{rel}","templated":true}]}}