{"id":1366,"date":"2022-03-18T11:17:06","date_gmt":"2022-03-18T11:17:06","guid":{"rendered":"https:\/\/doc-kaas-ua.ddev.site\/?page_id=1366"},"modified":"2023-08-01T16:30:50","modified_gmt":"2023-08-01T14:30:50","slug":"ueberdmk","status":"publish","type":"page","link":"https:\/\/dockaas.webba11.projectlocatie.nl\/de\/unsere-genossenschaft\/ueberdmk\/","title":{"rendered":"\u00dcber DMK"},"content":{"rendered":"<style>\n    .hero {\n        background-image:linear-gradient(to right, rgba(248, 253, 255, 1), rgba(248, 253, 255, 1), rgba(0, 0, 0, 0)),url(' https:\/\/dockaas.webba11.projectlocatie.nl\/app\/uploads\/2022\/05\/UA_OverDMK-scaled.jpg ');\n    }\n\n    @media (max-width: 1024px) {\n        .hero {\n            background-image:linear-gradient(to top, rgba(248, 253, 255, 1), rgba(248, 253, 255, 0.95), rgba(0, 0, 0, 0)),url(' https:\/\/dockaas.webba11.projectlocatie.nl\/app\/uploads\/2022\/05\/UA_OverDMK-scaled.jpg ');\n        }\n    }\n<\/style>\n\n<section class=\"hero !bg-no-repeat !bg-cover !bg-center flex items-center\">\n    <div class=\"top-0 left-0 h-full w-full relative px-4 pt-36\">\n        <div class=\"container mx-auto\">\n            <div class=\"hero-title\">\n                                <h1 class=\"pl-8 pr-0 lg:pr-8 border-l-5 md:border-l-10 border-secondary text-[2.75rem] md:text-[4rem] leading-tight text-primary-light break-normal\"><p>\u00dcber <strong>DMK<\/strong><\/p>\n<\/h1>\n                                \n                \n            <\/div>\n        <\/div>\n\n                <div class=\"container mx-auto py-6 lg:px-10 text-grey mt-24\">\n            <p id=\"breadcrumbs\"><span><span><a href=\"https:\/\/dockaas.webba11.projectlocatie.nl\/de\/\">Home<\/a><\/span><\/span><\/p>        <\/div>\n        \n    <\/div>\n<\/section>\n\n\n\n<section  class=\"py-16 bg-lighter\">\n\n         \n        \n    \n    <div class=\"w-full lg:w-[55rem] flex flex-col gap-6 content px-4 m-auto\">\n\n                <div class=\"text-primary-light text-[2.75rem] relative after:content[''] after:h-0.5 after:w-24 after:bg-secondary after:absolute after:mt-2 leading-tight break-normal title\">\n            <p>\u00dcber <strong>DMK<\/strong><\/p>\n\n        <\/div>\n        \n                <div class=\"text-grey leading-7 font-light\">\n            <p><em><strong>DOC Kaas U.A. ist Miteigent\u00fcmer der DMK GmbH. DMK is die gr\u00f6\u00dfte Molkereigenossenschaft in Deutschland und verarbeitet Milch zu Lebensmitteln h\u00f6chster Qualit\u00e4t. Das Unternehmen besch\u00e4ftigt rund 6.500 Mitarbeiter an mehr als 20 Standorten in Deutschland und den Niederlanden sowie in weiteren internationalen Zielm\u00e4rkten.<\/strong><\/em><\/p>\n<p>&nbsp;<\/p>\n<p>Das Produktportfolio ist breit gef\u00e4chert: von <a href=\"https:\/\/doc-kaas-ua.ddev.site\/de\/dmk-group\/kaese\/\">K\u00e4se<\/a>, tagesfrischen <a href=\"https:\/\/doc-kaas-ua.ddev.site\/de\/dmk-group\/milchprodukte\/\">Molkereiprodukten<\/a> und <a href=\"https:\/\/doc-kaas-ua.ddev.site\/de\/dmk-group\/ingredients\/\">Ingredients<\/a> bis hin zu <a href=\"https:\/\/doc-kaas-ua.ddev.site\/de\/dmk-group\/babynahrung\/\">Babynahrung<\/a>, <a href=\"https:\/\/doc-kaas-ua.ddev.site\/de\/dmk-group\/speiseeis\/\">Speiseeis<\/a> und Molkeprodukten. Marken wie MILRAM, Oldenburger, Uniekaas, Alete und Humana stehen bei den Verbrauchern im In- und Ausland hoch im Kurs.<\/p>\n<p>&nbsp;<\/p>\n<p>Als einer der gr\u00f6\u00dften Lieferanten deutscher Supermarktketten und mit einem Umsatz von 5,5 Milliarden Euro ist die DMK Group eines der f\u00fchrenden Unternehmen der Milchwirtschaft in Europa.<\/p>\n\n        <\/div>\n        \n                <div class=\"mt-4 flex flex-wrap items-center gap-6\">\n                            \n                                \n                <a href=\"http:\/\/www.dmk.de\/\" class=\"text-white bg-primary-light font-bold px-10 py-3 rounded-full flex justify-center w-full xs:w-max group\" target=\"_blank\">\n    Mehr \u00fcber die DMK-Gruppe\n                    <svg class=\"w-6 h-6 transition-all opacity-0 -ml-6 -translate-x-6 group-hover:ml-0 group-hover:opacity-100 group-hover:translate-x-2\"\n                        aria-hidden=\"true\" focusable=\"false\" data-prefix=\"fal\" data-icon=\"long-arrow-right\" class=\"svg-inline--fa fa-long-arrow-right fa-w-14\" role=\"img\" xmlns=\"http:\/\/www.w3.org\/2000\/svg\" viewBox=\"0 0 448 512\"><path fill=\"currentColor\" d=\"M311.03 131.515l-7.071 7.07c-4.686 4.686-4.686 12.284 0 16.971L387.887 239H12c-6.627 0-12 5.373-12 12v10c0 6.627 5.373 12 12 12h375.887l-83.928 83.444c-4.686 4.686-4.686 12.284 0 16.971l7.071 7.07c4.686 4.686 12.284 4.686 16.97 0l116.485-116c4.686-4.686 4.686-12.284 0-16.971L328 131.515c-4.686-4.687-12.284-4.687-16.97 0z\"><\/path><\/svg>\n<\/a>\n\n                                    <\/div>\n            <\/div>\n\n            <\/section>\n\n\n<section  style=\"background:url('https:\/\/dockaas.webba11.projectlocatie.nl\/app\/uploads\/2022\/03\/Vollmert_04538_edit.jpg');background-repeat:no-repeat;background-size:cover;background-position:center;\" class=\"my-0\">\n    <div class=\"top-0 left-0 h-full w-full bg-gradient-to-t from-lighter relative py-24 px-4 min-h-[30rem]\">\n                <div class=\"container mx-auto flex lg:px-8 justify-start\">\n            <div class=\"bg-white p-8 md:p-12 rounded-xl shadow-lg z-[1] image\">\n                                <h2 class=\"px-4 border-l-8 border-secondary text-[2rem] md:text-[2.75rem] leading-tight text-primary-light w-full xl:w-[44rem]\"><p>Vertretung <strong>der Verwaltungsorgane DMK<\/strong><\/p>\n<\/h2>\n                                                <div class=\"lg:pl-8 font-light text-grey w-full lg:w-[44rem] leading-7 relative mt-4\">\n                    <p>Die Genossenschaft DOC Kaas U.A. ist seit dem 1. April 2016 Miteigent\u00fcmer der DMK GmbH. Seitdem ist die Genossenschaft in mehreren Verwaltungsgremien der DMK GmbH vertreten, unter anderem in der Gesellschafterversammlung und im Aufsichtsrat. Hier hat sie das Wahlrecht. DOC Kaas U.A. nimmt auch an den Sitzungen des Beirats und des Vorstands der Genossenschaft Deutsches Milchkontor eG teil. Sie hat dort kein Stimmrecht.<\/p>\n<p>&nbsp;<\/p>\n<p><img loading=\"lazy\" decoding=\"async\" class=\"alignnone wp-image-1956\" src=\"https:\/\/doc-kaas-ua.ddev.site\/app\/uploads\/2022\/03\/DMK-Group-logo-300x187.jpg\" alt=\"\" width=\"188\" height=\"117\" srcset=\"https:\/\/dockaas.webba11.projectlocatie.nl\/app\/uploads\/2022\/03\/DMK-Group-logo-300x187.jpg 300w, https:\/\/dockaas.webba11.projectlocatie.nl\/app\/uploads\/2022\/03\/DMK-Group-logo.jpg 321w\" sizes=\"auto, (max-width: 188px) 100vw, 188px\" \/><\/p>\n\n                <\/div>\n                \n                            <\/div>\n        <\/div>\n            <\/div>\n<\/section>\n\n","protected":false},"excerpt":{"rendered":"","protected":false},"author":4,"featured_media":0,"parent":1344,"menu_order":6,"comment_status":"closed","ping_status":"closed","template":"","meta":{"_acf_changed":false,"inline_featured_image":false,"footnotes":""},"class_list":["post-1366","page","type-page","status-publish","hentry"],"acf":[],"yoast_head":"<!-- This site is optimized with the Yoast SEO plugin v25.3.1 - https:\/\/yoast.com\/wordpress\/plugins\/seo\/ -->\n<title>\u00dcber DMK - DOC Kaas U.A.<\/title>\n<meta name=\"description\" content=\"Was ist DMK. M\u00f6chten Sie mehr \u00fcber DMK und die von uns angebotenen Produkte erfahren? Dann lesen Sie weiter.\" \/>\n<meta name=\"robots\" content=\"noindex, follow, max-snippet:-1, max-image-preview:large, max-video-preview:-1\" \/>\n<meta property=\"og:locale\" content=\"de_DE\" \/>\n<meta property=\"og:type\" content=\"article\" \/>\n<meta property=\"og:title\" content=\"\u00dcber DMK - DOC Kaas U.A.\" \/>\n<meta property=\"og:description\" content=\"Was ist DMK. M\u00f6chten Sie mehr \u00fcber DMK und die von uns angebotenen Produkte erfahren? Dann lesen Sie weiter.\" \/>\n<meta property=\"og:url\" content=\"https:\/\/dockaas.webba11.projectlocatie.nl\/de\/unsere-genossenschaft\/ueberdmk\/\" \/>\n<meta property=\"og:site_name\" content=\"DOC Kaas U.A.\" \/>\n<meta property=\"article:modified_time\" content=\"2023-08-01T14:30:50+00:00\" \/>\n<meta name=\"twitter:card\" content=\"summary_large_image\" \/>\n<script type=\"application\/ld+json\" class=\"yoast-schema-graph\">{\"@context\":\"https:\/\/schema.org\",\"@graph\":[{\"@type\":\"WebPage\",\"@id\":\"https:\/\/dockaas.webba11.projectlocatie.nl\/de\/unsere-genossenschaft\/ueberdmk\/\",\"url\":\"https:\/\/dockaas.webba11.projectlocatie.nl\/de\/unsere-genossenschaft\/ueberdmk\/\",\"name\":\"\u00dcber DMK - DOC Kaas U.A.\",\"isPartOf\":{\"@id\":\"https:\/\/dockaas.webba11.projectlocatie.nl\/#website\"},\"datePublished\":\"2022-03-18T11:17:06+00:00\",\"dateModified\":\"2023-08-01T14:30:50+00:00\",\"description\":\"Was ist DMK. M\u00f6chten Sie mehr \u00fcber DMK und die von uns angebotenen Produkte erfahren? Dann lesen Sie weiter.\",\"breadcrumb\":{\"@id\":\"https:\/\/dockaas.webba11.projectlocatie.nl\/de\/unsere-genossenschaft\/ueberdmk\/#breadcrumb\"},\"inLanguage\":\"de-DE\",\"potentialAction\":[{\"@type\":\"ReadAction\",\"target\":[\"https:\/\/dockaas.webba11.projectlocatie.nl\/de\/unsere-genossenschaft\/ueberdmk\/\"]}]},{\"@type\":\"BreadcrumbList\",\"@id\":\"https:\/\/dockaas.webba11.projectlocatie.nl\/de\/unsere-genossenschaft\/ueberdmk\/#breadcrumb\",\"itemListElement\":[{\"@type\":\"ListItem\",\"position\":1,\"name\":\"Home\",\"item\":\"https:\/\/dockaas.webba11.projectlocatie.nl\/de\/\"},{\"@type\":\"ListItem\",\"position\":2,\"name\":\"Unsere Genossenschaft\",\"item\":\"https:\/\/dockaas.webba11.projectlocatie.nl\/de\/unsere-genossenschaft\/\"},{\"@type\":\"ListItem\",\"position\":3,\"name\":\"\u00dcber DMK\"}]},{\"@type\":\"WebSite\",\"@id\":\"https:\/\/dockaas.webba11.projectlocatie.nl\/#website\",\"url\":\"https:\/\/dockaas.webba11.projectlocatie.nl\/\",\"name\":\"DOC Kaas U.A.\",\"description\":\"Van, voor en door de leden!\",\"potentialAction\":[{\"@type\":\"SearchAction\",\"target\":{\"@type\":\"EntryPoint\",\"urlTemplate\":\"https:\/\/dockaas.webba11.projectlocatie.nl\/?s={search_term_string}\"},\"query-input\":{\"@type\":\"PropertyValueSpecification\",\"valueRequired\":true,\"valueName\":\"search_term_string\"}}],\"inLanguage\":\"de-DE\"}]}<\/script>\n<!-- \/ Yoast SEO plugin. -->","yoast_head_json":{"title":"\u00dcber DMK - DOC Kaas U.A.","description":"Was ist DMK. M\u00f6chten Sie mehr \u00fcber DMK und die von uns angebotenen Produkte erfahren? Dann lesen Sie weiter.","robots":{"index":"noindex","follow":"follow","max-snippet":"max-snippet:-1","max-image-preview":"max-image-preview:large","max-video-preview":"max-video-preview:-1"},"og_locale":"de_DE","og_type":"article","og_title":"\u00dcber DMK - DOC Kaas U.A.","og_description":"Was ist DMK. M\u00f6chten Sie mehr \u00fcber DMK und die von uns angebotenen Produkte erfahren? Dann lesen Sie weiter.","og_url":"https:\/\/dockaas.webba11.projectlocatie.nl\/de\/unsere-genossenschaft\/ueberdmk\/","og_site_name":"DOC Kaas U.A.","article_modified_time":"2023-08-01T14:30:50+00:00","twitter_card":"summary_large_image","schema":{"@context":"https:\/\/schema.org","@graph":[{"@type":"WebPage","@id":"https:\/\/dockaas.webba11.projectlocatie.nl\/de\/unsere-genossenschaft\/ueberdmk\/","url":"https:\/\/dockaas.webba11.projectlocatie.nl\/de\/unsere-genossenschaft\/ueberdmk\/","name":"\u00dcber DMK - DOC Kaas U.A.","isPartOf":{"@id":"https:\/\/dockaas.webba11.projectlocatie.nl\/#website"},"datePublished":"2022-03-18T11:17:06+00:00","dateModified":"2023-08-01T14:30:50+00:00","description":"Was ist DMK. M\u00f6chten Sie mehr \u00fcber DMK und die von uns angebotenen Produkte erfahren? Dann lesen Sie weiter.","breadcrumb":{"@id":"https:\/\/dockaas.webba11.projectlocatie.nl\/de\/unsere-genossenschaft\/ueberdmk\/#breadcrumb"},"inLanguage":"de-DE","potentialAction":[{"@type":"ReadAction","target":["https:\/\/dockaas.webba11.projectlocatie.nl\/de\/unsere-genossenschaft\/ueberdmk\/"]}]},{"@type":"BreadcrumbList","@id":"https:\/\/dockaas.webba11.projectlocatie.nl\/de\/unsere-genossenschaft\/ueberdmk\/#breadcrumb","itemListElement":[{"@type":"ListItem","position":1,"name":"Home","item":"https:\/\/dockaas.webba11.projectlocatie.nl\/de\/"},{"@type":"ListItem","position":2,"name":"Unsere Genossenschaft","item":"https:\/\/dockaas.webba11.projectlocatie.nl\/de\/unsere-genossenschaft\/"},{"@type":"ListItem","position":3,"name":"\u00dcber DMK"}]},{"@type":"WebSite","@id":"https:\/\/dockaas.webba11.projectlocatie.nl\/#website","url":"https:\/\/dockaas.webba11.projectlocatie.nl\/","name":"DOC Kaas U.A.","description":"Van, voor en door de leden!","potentialAction":[{"@type":"SearchAction","target":{"@type":"EntryPoint","urlTemplate":"https:\/\/dockaas.webba11.projectlocatie.nl\/?s={search_term_string}"},"query-input":{"@type":"PropertyValueSpecification","valueRequired":true,"valueName":"search_term_string"}}],"inLanguage":"de-DE"}]}},"_links":{"self":[{"href":"https:\/\/dockaas.webba11.projectlocatie.nl\/de\/wp-json\/wp\/v2\/pages\/1366","targetHints":{"allow":["GET"]}}],"collection":[{"href":"https:\/\/dockaas.webba11.projectlocatie.nl\/de\/wp-json\/wp\/v2\/pages"}],"about":[{"href":"https:\/\/dockaas.webba11.projectlocatie.nl\/de\/wp-json\/wp\/v2\/types\/page"}],"author":[{"embeddable":true,"href":"https:\/\/dockaas.webba11.projectlocatie.nl\/de\/wp-json\/wp\/v2\/users\/4"}],"replies":[{"embeddable":true,"href":"https:\/\/dockaas.webba11.projectlocatie.nl\/de\/wp-json\/wp\/v2\/comments?post=1366"}],"version-history":[{"count":43,"href":"https:\/\/dockaas.webba11.projectlocatie.nl\/de\/wp-json\/wp\/v2\/pages\/1366\/revisions"}],"predecessor-version":[{"id":7771,"href":"https:\/\/dockaas.webba11.projectlocatie.nl\/de\/wp-json\/wp\/v2\/pages\/1366\/revisions\/7771"}],"up":[{"embeddable":true,"href":"https:\/\/dockaas.webba11.projectlocatie.nl\/de\/wp-json\/wp\/v2\/pages\/1344"}],"wp:attachment":[{"href":"https:\/\/dockaas.webba11.projectlocatie.nl\/de\/wp-json\/wp\/v2\/media?parent=1366"}],"curies":[{"name":"wp","href":"https:\/\/api.w.org\/{rel}","templated":true}]}}