{"id":1432,"date":"2022-01-28T15:00:14","date_gmt":"2022-01-28T15:00:14","guid":{"rendered":"https:\/\/doc-kaas-ua.ddev.site\/?page_id=1432"},"modified":"2023-06-30T09:57:28","modified_gmt":"2023-06-30T07:57:28","slug":"nachhaltige-landwirtschaft","status":"publish","type":"page","link":"https:\/\/dockaas.webba11.projectlocatie.nl\/de\/nachhaltige-landwirtschaft\/","title":{"rendered":"Nachhaltige Landwirtschaft"},"content":{"rendered":"<style>\n    .hero {\n        background-image:linear-gradient(to right, rgba(248, 253, 255, 1), rgba(248, 253, 255, 1), rgba(0, 0, 0, 0)),url(' https:\/\/dockaas.webba11.projectlocatie.nl\/app\/uploads\/2022\/04\/Untitled-2.jpg ');\n    }\n\n    @media (max-width: 1024px) {\n        .hero {\n            background-image:linear-gradient(to top, rgba(248, 253, 255, 1), rgba(248, 253, 255, 0.95), rgba(0, 0, 0, 0)),url(' https:\/\/dockaas.webba11.projectlocatie.nl\/app\/uploads\/2022\/04\/Untitled-2.jpg ');\n        }\n    }\n<\/style>\n\n<section class=\"hero !bg-no-repeat !bg-cover !bg-center flex items-center\">\n    <div class=\"top-0 left-0 h-full w-full relative px-4 pt-36\">\n        <div class=\"container mx-auto\">\n            <div class=\"hero-title\">\n                                <h1 class=\"pl-8 pr-0 lg:pr-8 border-l-5 md:border-l-10 border-secondary text-[2.75rem] md:text-[4rem] leading-tight text-primary-light break-normal\"><p>Nachhaltige <strong>Landwirtschaft<\/strong><\/p>\n<\/h1>\n                                \n                \n            <\/div>\n        <\/div>\n\n                <div class=\"container mx-auto py-6 lg:px-10 text-grey mt-24\">\n            <p id=\"breadcrumbs\"><span><span><a href=\"https:\/\/dockaas.webba11.projectlocatie.nl\/de\/\">Home<\/a><\/span><\/span><\/p>        <\/div>\n        \n    <\/div>\n<\/section>\n\n\n\n<section  id=\"nachhaltigkeit\"  class=\"py-16 bg-lighter\">\n\n         \n        \n    \n    <div class=\"w-full lg:w-[55rem] flex flex-col gap-6 content px-4 m-auto\">\n\n                <div class=\"text-primary-light text-[2.75rem] relative after:content[''] after:h-0.5 after:w-24 after:bg-secondary after:absolute after:mt-2 leading-tight break-normal title\">\n            <p><strong>Nachhaltigkeit<\/strong><\/p>\n\n        <\/div>\n        \n                <div class=\"text-grey leading-7 font-light\">\n            <p><em><strong>Nachhaltigkeit liegt in den Genen unserer Milchbauern sowie ein verantwortungsvoller Umgang mit den Tieren und der Umwelt. Und den Aufbau eines zukunftssicheren Milchviehbetriebs &#8211; f\u00fcr k\u00fcnftige Generationen.<\/strong><\/em><\/p>\n<p>&nbsp;<\/p>\n<p>Kein Milchviehbetrieb ist wie der andere. Und jeder Milchviehhalter hat seine eigene Art die Milcherzengung nachhaltiger zu gestalten. Um das nachhaltige Wirtschaften unserer Mitglieder transparent zu machen und weiter anzuregen, gibt es bei DOC Kaas seit 2014 ein Nachhaltigkeitsprogramm, das j\u00e4hrlich aktualisiert wird: Milkmaster.<\/p>\n<p>&nbsp;<\/p>\n<p><img loading=\"lazy\" decoding=\"async\" class=\"alignnone size-medium wp-image-5897\" src=\"https:\/\/doc-kaas-ua.ddev.site\/app\/uploads\/2022\/05\/2019Milkmaster_Logo_RGB-300x48.png\" alt=\"\" width=\"300\" height=\"48\" srcset=\"https:\/\/dockaas.webba11.projectlocatie.nl\/app\/uploads\/2022\/05\/2019Milkmaster_Logo_RGB-300x48.png 300w, https:\/\/dockaas.webba11.projectlocatie.nl\/app\/uploads\/2022\/05\/2019Milkmaster_Logo_RGB-1024x164.png 1024w, https:\/\/dockaas.webba11.projectlocatie.nl\/app\/uploads\/2022\/05\/2019Milkmaster_Logo_RGB-768x123.png 768w, https:\/\/dockaas.webba11.projectlocatie.nl\/app\/uploads\/2022\/05\/2019Milkmaster_Logo_RGB-1536x246.png 1536w, https:\/\/dockaas.webba11.projectlocatie.nl\/app\/uploads\/2022\/05\/2019Milkmaster_Logo_RGB-2048x328.png 2048w\" sizes=\"auto, (max-width: 300px) 100vw, 300px\" \/><\/p>\n\n        <\/div>\n        \n                <div class=\"mt-4 flex flex-wrap items-center gap-6\">\n                            \n                                \n                <a href=\"https:\/\/doc-kaas-ua.ddev.site\/nachhaltige-landwirtschaft\/milkmaster\/\" class=\"text-white bg-primary-light font-bold px-10 py-3 rounded-full flex justify-center w-full xs:w-max group\" target=\"\">\n    \u00dcber Milkmaster\n                    <svg class=\"w-6 h-6 transition-all opacity-0 -ml-6 -translate-x-6 group-hover:ml-0 group-hover:opacity-100 group-hover:translate-x-2\"\n                        aria-hidden=\"true\" focusable=\"false\" data-prefix=\"fal\" data-icon=\"long-arrow-right\" class=\"svg-inline--fa fa-long-arrow-right fa-w-14\" role=\"img\" xmlns=\"http:\/\/www.w3.org\/2000\/svg\" viewBox=\"0 0 448 512\"><path fill=\"currentColor\" d=\"M311.03 131.515l-7.071 7.07c-4.686 4.686-4.686 12.284 0 16.971L387.887 239H12c-6.627 0-12 5.373-12 12v10c0 6.627 5.373 12 12 12h375.887l-83.928 83.444c-4.686 4.686-4.686 12.284 0 16.971l7.071 7.07c4.686 4.686 12.284 4.686 16.97 0l116.485-116c4.686-4.686 4.686-12.284 0-16.971L328 131.515c-4.686-4.687-12.284-4.687-16.97 0z\"><\/path><\/svg>\n<\/a>\n\n                                    <\/div>\n            <\/div>\n\n            <\/section>\n\n\n<section class=\"py-20 bg-light\">\n    <div class=\"container mx-auto px-4 text-grey\">\n        <div class=\"blocks-title\"><h2 style=\"text-align: center\">Entdecken Sie <strong>Milkmaster<\/strong><\/h2>\n<\/div>\n        <div class=\"font-light text-grey\"><p style=\"text-align: center\">Unser Nachhaltigkeitsprogramm Milkmaster konzentriert sich auf 4 Themen<\/p>\n<\/div>\n        <div class=\"flex gap-6 mt-10 flex-wrap lg:flex-nowrap\">\n\n                        \n            <a href=\"https:\/\/doc-kaas-ua.ddev.site\/de\/nachhaltige-landwirtschaft\/tiergesundheit-und-tierwohl\/\" style=\"\" \n                class=\"h-56 rounded-xl border border-slate-200 flex justify-center items-center flex-col gap-3 hover:scale-110 transition-all group grow px-2 w-full sm:w-1\/3 lg:w-1\/5 bg-white text-primary-light hover:bg-primary-light hover:text-white\">\n                                <img decoding=\"async\" src=\"https:\/\/dockaas.webba11.projectlocatie.nl\/app\/uploads\/2022\/03\/DOC-icoon-Diergezondheid-Dierwelzijn.png\" alt=\"Tiergesundheit und Tierschutz\" class=\"h-[4.875rem] object-contain\" \/>\n                                <div class=\"text-center font-bold\">Tiergesundheit und Tierschutz<\/div>\n            <\/a>\n                        \n            <a href=\"https:\/\/doc-kaas-ua.ddev.site\/de\/nachhaltige-landwirtschaft\/energie-und-klima\/\" style=\"\" \n                class=\"h-56 rounded-xl border border-slate-200 flex justify-center items-center flex-col gap-3 hover:scale-110 transition-all group grow px-2 w-full sm:w-1\/3 lg:w-1\/5 bg-white text-primary-light hover:bg-primary-light hover:text-white\">\n                                <img decoding=\"async\" src=\"https:\/\/dockaas.webba11.projectlocatie.nl\/app\/uploads\/2022\/03\/DOC-icoon-Energie-Klimaat.png\" alt=\"Energie und Klima\" class=\"h-[4.875rem] object-contain\" \/>\n                                <div class=\"text-center font-bold\">Energie und Klima<\/div>\n            <\/a>\n                        \n            <a href=\"https:\/\/doc-kaas-ua.ddev.site\/de\/nachhaltige-landwirtschaft\/biodiversitat-umwelt\/\" style=\"\" \n                class=\"h-56 rounded-xl border border-slate-200 flex justify-center items-center flex-col gap-3 hover:scale-110 transition-all group grow px-2 w-full sm:w-1\/3 lg:w-1\/5 bg-white text-primary-light hover:bg-primary-light hover:text-white\">\n                                <img decoding=\"async\" src=\"https:\/\/dockaas.webba11.projectlocatie.nl\/app\/uploads\/2022\/03\/DOC-icoon-Biodiversitetit-Millieu.png\" alt=\"Biodiversit\u00e4t und Umwelt\" class=\"h-[4.875rem] object-contain\" \/>\n                                <div class=\"text-center font-bold\">Biodiversit\u00e4t und Umwelt<\/div>\n            <\/a>\n                        \n            <a href=\"https:\/\/doc-kaas-ua.ddev.site\/de\/nachhaltige-landwirtschaft\/soziales-engagement\/\" style=\"\" \n                class=\"h-56 rounded-xl border border-slate-200 flex justify-center items-center flex-col gap-3 hover:scale-110 transition-all group grow px-2 w-full sm:w-1\/3 lg:w-1\/5 bg-white text-primary-light hover:bg-primary-light hover:text-white\">\n                                <img decoding=\"async\" src=\"https:\/\/dockaas.webba11.projectlocatie.nl\/app\/uploads\/2022\/03\/DOC-icoon-Maatschappelijke-betrokkenheid.png\" alt=\"Soziales Engagement\" class=\"h-[4.875rem] object-contain\" \/>\n                                <div class=\"text-center font-bold\">Soziales Engagement<\/div>\n            <\/a>\n            \n        <\/div>\n    <\/div>\n<\/section>\n\n<section  id=\"glucklich-auf-der-wiese\"  class=\"my-16 lg:my-20 flex gap-10 2xl:gap-32 flex-col-reverse lg:flex-row-reverse\">\n    <div class=\"bg-light w-full h-full z-[1] relative rounded-l-full pr-8 pl-4 sm:pr-10 sm:pl-8 xl:pr-56 xl:pl-0 2xl:w-1\/2 py-16 lg:py-24 flex justify-start\">\n        <span class=\"relative w-full before:z-0 before:content[''] before:w-1\/2 before:h-56 before:w-1\/2 before:xl:h-60 before:bg-secondary before:absolute before:rounded-xl flex before:-translate-y-3 before:translate-x-3 before:md:-translate-y-4 before:md:translate-x-4 before:-right-0 justify-end\">\n        <img decoding=\"async\" src=\" https:\/\/dockaas.webba11.projectlocatie.nl\/app\/uploads\/2022\/03\/Paardebloem-weiland-koeien-Mulderij-20190910_1498.jpg \" alt=\"Nachhaltige Landwirtschaft\" class=\"w-full h-full rounded-xl object-cover relative h-[28.125rem]\" \/>\n        <\/span>\n    <\/div>\n\n    <div class=\"px-12 sm:px-16 md:px-24 w-full flex flex-col justify-center gap-6 xl:pr-0 lg:pl-16 xl:pl-56 2xl:w-1\/2\">\n                <h2 class=\"px-4 border-l-5 md:border-l-8 border-secondary text-[2rem] md:text-[2.75rem] leading-tight text-primary-light w-full max-w-none xl:max-w-[44rem] title\"><p>Gl\u00fccklich <strong>auf der Wiese<\/strong><\/p>\n<\/h2>\n                        <div class=\"text-grey w-full max-w-none xl:max-w-[44rem] leading-7 relative font-light mt-4 xl:pl-8 xl:pr-8\">\n            <p>K\u00fche auf der Wiese pr\u00e4gen die niederl\u00e4ndische Landschaft. Weite Wiesen mit grasenden K\u00fchen oder K\u00fchen, die sich zum Wiederk\u00e4uen hinlegen. Mitglieder, die ihre K\u00fche an mindestens 120 Tagen im Jahr mindestens 6 Stunden pro Tag im Freien weiden lassen (oder mindestens 720 Stunden an 120 Tagen), erhalten einen Bonus auf den Milchpreis. Nicht alle Milchviehhalter haben die M\u00f6glichkeit oder gen\u00fcgend Fl\u00e4che um den Betrieb herum, um ihren K\u00fchen vollen Weidegang zu erm\u00f6glichen. F\u00fcr sie gibt es einen Zuschlag f\u00fcr Teilweide.<\/p>\n\n        <\/div>\n        \n            <\/div>\n<\/section>\n\n\n<section  class=\"my-20 pt-3 md:pt-4\">\n    <div class=\"mx-auto w-full xl:w-[60rem] px-4\">\n\n        <h2 class=\"text-[2rem] md:text-[2.75rem] leading-tight text-primary-light mb-6\">\n        <p style=\"text-align: center\">Weidehaltung in der Milchwirtschaft<\/p>\n\n    <\/h2>\n            <div class=\"mb-14 text-grey font-light\"><p style=\"text-align: center\">In diesem Video der nachhaltige Molkereikette wird kurz erkl\u00e4rt, was Weidehaltung genau bedeutet.<\/p>\n<\/div>\n    \n    <span class=\"before:z-0 before:content[''] before:w-1\/2 before:h-56 before:xl:w-1\/4 before:xl:h-60 before:bg-secondary before:absolute before:rounded-l-2xl before:rounded-r-3xl before:-translate-y-3 before:-translate-x-3 before:md:-translate-y-4 before:md:-translate-x-4\">\n        <div class=\"w-full h-full object-cover relative h-96 md:h-[35rem]\">\n\n            <iframe loading=\"lazy\" src=\"https:\/\/www.youtube.com\/embed\/4YPrTzWHCF8\" frameborder=\"0\" width=\"100%\" height=\"100%\" allowfullscreen class=\"rounded-xl\"><\/iframe>\n        <\/div>\n    <\/span>\n    <\/div>\n<\/section>\n\n\n\n<section  style=\"background:url('https:\/\/dockaas.webba11.projectlocatie.nl\/app\/uploads\/2022\/03\/VLOG-voerhek-006.jpg');background-repeat:no-repeat;background-size:cover;background-position:center;\" class=\"my-16\">\n    <div class=\"top-0 left-0 h-full w-full bg-gradient-to-t from-lighter relative py-24 px-4 min-h-[30rem]\">\n                <div class=\"container mx-auto flex lg:px-8 justify-start\">\n            <div class=\"bg-white p-8 md:p-12 rounded-xl shadow-lg z-[1] image\">\n                                <h2 class=\"px-4 border-l-8 border-secondary text-[2rem] md:text-[2.75rem] leading-tight text-primary-light w-full xl:w-[44rem]\"><p><strong>GVO-freie Milch<\/strong><\/p>\n<\/h2>\n                                                <div class=\"lg:pl-8 font-light text-grey w-full lg:w-[44rem] leading-7 relative mt-4\">\n                    <p>Die Nachfrage nach gentechnikfreien Lebensmitteln in Europa steigt, und die DMK Group m\u00f6chte diese Nachfrage mit gentechnikfreien Milchprodukten befriedigen. Seit 2019 k\u00f6nnen die Mitglieder von DOC Kaas gentechnikfreie Milch liefern. Diese Milch wurde nach dem VLOG-Standard hergestellt. VLOG ist eine deutsche Zertifizierung und steht f\u00fcr &#8220;Verband Lebensmitteln Ohne Gentechnik&#8221;. Es bedeutet, dass das Futter der K\u00fche und K\u00e4lber keine genetisch ver\u00e4nderten Organismen (GVO) enth\u00e4lt. Um die Milcherzeuger zu ermutigen, GVO-freie Milch zu liefern, erhalten die Mitglieder, die am VLOG-Programm teilnehmen, einen Zuschlag auf den Milchpreis.<\/p>\n\n                <\/div>\n                \n                            <\/div>\n        <\/div>\n            <\/div>\n<\/section>\n\n\n\n<section  class=\"py-16 bg-lighter\">\n\n         \n        \n    \n    <div class=\"w-full lg:w-[55rem] flex flex-col gap-6 content px-4 m-auto\">\n\n                <div class=\"text-primary-light text-[2.75rem] relative after:content[''] after:h-0.5 after:w-24 after:bg-secondary after:absolute after:mt-2 leading-tight break-normal title\">\n            <p><strong>Niederl\u00e4ndische Molkerei<\/strong><\/p>\n\n        <\/div>\n        \n                <div class=\"text-grey leading-7 font-light\">\n            <p>Als Molkereigenossenschaft unterst\u00fctzen wir die Ziele der nachhaltige Molkereikette, einer Zusammenarbeit zwischen Molkereiunternehmen und Milcherzugern, und wir f\u00f6rdern nachhaltige Gesch\u00e4ftspraktiken unserer Mitglieder. Au\u00dferdem sind wir Mitglied des niederl\u00e4ndischen Molkereiverbandes NZO und Mitglied von ZuivelNL, dem Branchenverband der Milcherzuger und Molkereiunternehmen.<\/p>\n<p>&nbsp;<\/p>\n<div class=\"logo-container\"><img loading=\"lazy\" decoding=\"async\" class=\"alignnone size-medium wp-image-4296\" src=\"https:\/\/doc-kaas-ua.ddev.site\/app\/uploads\/2022\/04\/zuivelNL-300x35.png\" alt=\"\" width=\"300\" height=\"35\" srcset=\"https:\/\/dockaas.webba11.projectlocatie.nl\/app\/uploads\/2022\/04\/zuivelNL-300x35.png 300w, https:\/\/dockaas.webba11.projectlocatie.nl\/app\/uploads\/2022\/04\/zuivelNL-1024x120.png 1024w, https:\/\/dockaas.webba11.projectlocatie.nl\/app\/uploads\/2022\/04\/zuivelNL-768x90.png 768w, https:\/\/dockaas.webba11.projectlocatie.nl\/app\/uploads\/2022\/04\/zuivelNL.png 1139w\" sizes=\"auto, (max-width: 300px) 100vw, 300px\" \/><img loading=\"lazy\" decoding=\"async\" class=\"alignnone wp-image-4283\" src=\"https:\/\/doc-kaas-ua.ddev.site\/app\/uploads\/2022\/04\/nzo-los-300x107.png\" alt=\"\" width=\"135\" height=\"48\" srcset=\"https:\/\/dockaas.webba11.projectlocatie.nl\/app\/uploads\/2022\/04\/nzo-los-300x107.png 300w, https:\/\/dockaas.webba11.projectlocatie.nl\/app\/uploads\/2022\/04\/nzo-los.png 303w\" sizes=\"auto, (max-width: 135px) 100vw, 135px\" \/><img loading=\"lazy\" decoding=\"async\" class=\"alignnone size-medium wp-image-4267\" src=\"https:\/\/doc-kaas-ua.ddev.site\/app\/uploads\/2022\/04\/dzk-logo-300x46.png\" alt=\"\" width=\"300\" height=\"46\" srcset=\"https:\/\/dockaas.webba11.projectlocatie.nl\/app\/uploads\/2022\/04\/dzk-logo-300x46.png 300w, https:\/\/dockaas.webba11.projectlocatie.nl\/app\/uploads\/2022\/04\/dzk-logo-768x118.png 768w, https:\/\/dockaas.webba11.projectlocatie.nl\/app\/uploads\/2022\/04\/dzk-logo.png 1000w\" sizes=\"auto, (max-width: 300px) 100vw, 300px\" \/><\/div>\n<p>.logo-container {display: flex;flex-wrap: nowrap; gap: 2rem; align-items:center;}.logo-container img {display: inline-block;height: fit-content;} @media only screen and (max-width: 768px) { .logo-container {flex-wrap: wrap;}.logo-container img {display: block;height: fit-content;}}<\/p>\n\n        <\/div>\n        \n            <\/div>\n\n            <\/section>\n\n\n<section class=\"px-4 py-16 flex items-center banner-block min-h-[31.25rem] justify-center\"\n            style=\"background-image:linear-gradient(to bottom, rgba(0, 116, 170, 0.5), rgba(0, 116, 170, 0.5)),url('https:\/\/dockaas.webba11.projectlocatie.nl\/app\/uploads\/2022\/03\/Fam-Zonnenberg-Els_Korsten_Fotografie_014.jpg');background-repeat:no-repeat;background-position:center;background-size:cover;\"\n    >\n\n    <div class=\"container mx-auto flex xl:px-28 flex-col items-center gap-4\">\n        <div class=\"text-[2.75rem] md:text-[4rem] lg:w-[45rem] text-center\">\n            <div class=\"text-white\"><p>Von, f\u00fcr <strong>und<\/strong><\/p>\n<p><strong>von den Mitgliedern!<\/strong><\/p>\n<\/div>\n        <\/div>\n\n                    <div class=\"flex flex-wrap items-center gap-6 w-full xs:w-max mt-4\">\n                                    \n                                        \n                    <a href=\"https:\/\/doc-kaas-ua.ddev.site\/de\/unsere-genossenschaft\/\" class=\"text-primary-light bg-white font-bold px-10 py-3 rounded-full flex justify-center w-full xs:w-max group\" target=\"\">\n    Unsere Genossenschaft\n                        <svg class=\"w-6 h-6 transition-all opacity-0 -ml-6 -translate-x-6 group-hover:ml-0 group-hover:opacity-100 group-hover:translate-x-2\"\n                            aria-hidden=\"true\" focusable=\"false\" data-prefix=\"fal\" data-icon=\"long-arrow-right\" class=\"svg-inline--fa fa-long-arrow-right fa-w-14\" role=\"img\" xmlns=\"http:\/\/www.w3.org\/2000\/svg\" viewBox=\"0 0 448 512\"><path fill=\"currentColor\" d=\"M311.03 131.515l-7.071 7.07c-4.686 4.686-4.686 12.284 0 16.971L387.887 239H12c-6.627 0-12 5.373-12 12v10c0 6.627 5.373 12 12 12h375.887l-83.928 83.444c-4.686 4.686-4.686 12.284 0 16.971l7.071 7.07c4.686 4.686 12.284 4.686 16.97 0l116.485-116c4.686-4.686 4.686-12.284 0-16.971L328 131.515c-4.686-4.687-12.284-4.687-16.97 0z\"><\/path><\/svg>\n<\/a>\n\n                                                <\/div>\n            <\/div>\n<\/section>\n\n\n<div class=\"fixed p-4 sm:p-8 md:p-12 lg:p-16 w-[95vw] 2xl:w-1\/2 max-h-[70%] rounded-lg md:max-h-[65rem] overflow-y-auto overflow-x-hidden modal\" id=\"modal\">\n    <div class=\"bg-light w-12 h-12 shadow-xl rounded-full absolute right-5 top-5 flex justify-center items-center cursor-pointer hover:-translate-y-1 transition-all z-10 close-modal\">\n        <svg xmlns=\"http:\/\/www.w3.org\/2000\/svg\" width=\"12.495\" height=\"12.662\" viewBox=\"0 0 12.495 12.662\"><g id=\"Group_185\" data-name=\"Group 185\" transform=\"translate(-342.899 -54.899)\"><path id=\"Path_100\" data-name=\"Path 100\" d=\"M0,0H14.27\" transform=\"translate(344.101 56.268) rotate(45)\" fill=\"none\" stroke=\"#3073a5\" stroke-linecap=\"round\" stroke-width=\"1.7\"\/><path id=\"Path_101\" data-name=\"Path 101\" d=\"M0,0H14.27\" transform=\"translate(344.101 66.191) rotate(-45)\" fill=\"none\" stroke=\"#3073a5\" stroke-linecap=\"round\" stroke-width=\"1.7\"\/><\/g><\/svg>          \n    <\/div>\n\n    \n    <\/div>","protected":false},"excerpt":{"rendered":"","protected":false},"author":2,"featured_media":0,"parent":0,"menu_order":19,"comment_status":"closed","ping_status":"closed","template":"","meta":{"_acf_changed":false,"inline_featured_image":false,"footnotes":""},"class_list":["post-1432","page","type-page","status-publish","hentry"],"acf":[],"yoast_head":"<!-- This site is optimized with the Yoast SEO plugin v25.3.1 - https:\/\/yoast.com\/wordpress\/plugins\/seo\/ -->\n<title>Nachhaltige Landwirtschaft - DOC Kaas U.A.<\/title>\n<meta name=\"description\" content=\"Die nachhaltige Landwirtschaft liegt uns in den Genen. Erfahren Sie, was wir tun, wie wir es tun und warum. Lesen Sie mehr.\" \/>\n<meta name=\"robots\" content=\"noindex, follow, max-snippet:-1, max-image-preview:large, max-video-preview:-1\" \/>\n<meta property=\"og:locale\" content=\"de_DE\" \/>\n<meta property=\"og:type\" content=\"article\" \/>\n<meta property=\"og:title\" content=\"Nachhaltige Landwirtschaft - DOC Kaas U.A.\" \/>\n<meta property=\"og:description\" content=\"Die nachhaltige Landwirtschaft liegt uns in den Genen. Erfahren Sie, was wir tun, wie wir es tun und warum. Lesen Sie mehr.\" \/>\n<meta property=\"og:url\" content=\"https:\/\/dockaas.webba11.projectlocatie.nl\/de\/nachhaltige-landwirtschaft\/\" \/>\n<meta property=\"og:site_name\" content=\"DOC Kaas U.A.\" \/>\n<meta property=\"article:modified_time\" content=\"2023-06-30T07:57:28+00:00\" \/>\n<meta name=\"twitter:card\" content=\"summary_large_image\" \/>\n<script type=\"application\/ld+json\" class=\"yoast-schema-graph\">{\"@context\":\"https:\/\/schema.org\",\"@graph\":[{\"@type\":\"WebPage\",\"@id\":\"https:\/\/dockaas.webba11.projectlocatie.nl\/de\/nachhaltige-landwirtschaft\/\",\"url\":\"https:\/\/dockaas.webba11.projectlocatie.nl\/de\/nachhaltige-landwirtschaft\/\",\"name\":\"Nachhaltige Landwirtschaft - DOC Kaas U.A.\",\"isPartOf\":{\"@id\":\"https:\/\/dockaas.webba11.projectlocatie.nl\/#website\"},\"datePublished\":\"2022-01-28T15:00:14+00:00\",\"dateModified\":\"2023-06-30T07:57:28+00:00\",\"description\":\"Die nachhaltige Landwirtschaft liegt uns in den Genen. Erfahren Sie, was wir tun, wie wir es tun und warum. Lesen Sie mehr.\",\"breadcrumb\":{\"@id\":\"https:\/\/dockaas.webba11.projectlocatie.nl\/de\/nachhaltige-landwirtschaft\/#breadcrumb\"},\"inLanguage\":\"de-DE\",\"potentialAction\":[{\"@type\":\"ReadAction\",\"target\":[\"https:\/\/dockaas.webba11.projectlocatie.nl\/de\/nachhaltige-landwirtschaft\/\"]}]},{\"@type\":\"BreadcrumbList\",\"@id\":\"https:\/\/dockaas.webba11.projectlocatie.nl\/de\/nachhaltige-landwirtschaft\/#breadcrumb\",\"itemListElement\":[{\"@type\":\"ListItem\",\"position\":1,\"name\":\"Home\",\"item\":\"https:\/\/dockaas.webba11.projectlocatie.nl\/de\/\"},{\"@type\":\"ListItem\",\"position\":2,\"name\":\"Nachhaltige Landwirtschaft\"}]},{\"@type\":\"WebSite\",\"@id\":\"https:\/\/dockaas.webba11.projectlocatie.nl\/#website\",\"url\":\"https:\/\/dockaas.webba11.projectlocatie.nl\/\",\"name\":\"DOC Kaas U.A.\",\"description\":\"Van, voor en door de leden!\",\"potentialAction\":[{\"@type\":\"SearchAction\",\"target\":{\"@type\":\"EntryPoint\",\"urlTemplate\":\"https:\/\/dockaas.webba11.projectlocatie.nl\/?s={search_term_string}\"},\"query-input\":{\"@type\":\"PropertyValueSpecification\",\"valueRequired\":true,\"valueName\":\"search_term_string\"}}],\"inLanguage\":\"de-DE\"}]}<\/script>\n<!-- \/ Yoast SEO plugin. -->","yoast_head_json":{"title":"Nachhaltige Landwirtschaft - DOC Kaas U.A.","description":"Die nachhaltige Landwirtschaft liegt uns in den Genen. Erfahren Sie, was wir tun, wie wir es tun und warum. Lesen Sie mehr.","robots":{"index":"noindex","follow":"follow","max-snippet":"max-snippet:-1","max-image-preview":"max-image-preview:large","max-video-preview":"max-video-preview:-1"},"og_locale":"de_DE","og_type":"article","og_title":"Nachhaltige Landwirtschaft - DOC Kaas U.A.","og_description":"Die nachhaltige Landwirtschaft liegt uns in den Genen. Erfahren Sie, was wir tun, wie wir es tun und warum. Lesen Sie mehr.","og_url":"https:\/\/dockaas.webba11.projectlocatie.nl\/de\/nachhaltige-landwirtschaft\/","og_site_name":"DOC Kaas U.A.","article_modified_time":"2023-06-30T07:57:28+00:00","twitter_card":"summary_large_image","schema":{"@context":"https:\/\/schema.org","@graph":[{"@type":"WebPage","@id":"https:\/\/dockaas.webba11.projectlocatie.nl\/de\/nachhaltige-landwirtschaft\/","url":"https:\/\/dockaas.webba11.projectlocatie.nl\/de\/nachhaltige-landwirtschaft\/","name":"Nachhaltige Landwirtschaft - DOC Kaas U.A.","isPartOf":{"@id":"https:\/\/dockaas.webba11.projectlocatie.nl\/#website"},"datePublished":"2022-01-28T15:00:14+00:00","dateModified":"2023-06-30T07:57:28+00:00","description":"Die nachhaltige Landwirtschaft liegt uns in den Genen. Erfahren Sie, was wir tun, wie wir es tun und warum. Lesen Sie mehr.","breadcrumb":{"@id":"https:\/\/dockaas.webba11.projectlocatie.nl\/de\/nachhaltige-landwirtschaft\/#breadcrumb"},"inLanguage":"de-DE","potentialAction":[{"@type":"ReadAction","target":["https:\/\/dockaas.webba11.projectlocatie.nl\/de\/nachhaltige-landwirtschaft\/"]}]},{"@type":"BreadcrumbList","@id":"https:\/\/dockaas.webba11.projectlocatie.nl\/de\/nachhaltige-landwirtschaft\/#breadcrumb","itemListElement":[{"@type":"ListItem","position":1,"name":"Home","item":"https:\/\/dockaas.webba11.projectlocatie.nl\/de\/"},{"@type":"ListItem","position":2,"name":"Nachhaltige Landwirtschaft"}]},{"@type":"WebSite","@id":"https:\/\/dockaas.webba11.projectlocatie.nl\/#website","url":"https:\/\/dockaas.webba11.projectlocatie.nl\/","name":"DOC Kaas U.A.","description":"Van, voor en door de leden!","potentialAction":[{"@type":"SearchAction","target":{"@type":"EntryPoint","urlTemplate":"https:\/\/dockaas.webba11.projectlocatie.nl\/?s={search_term_string}"},"query-input":{"@type":"PropertyValueSpecification","valueRequired":true,"valueName":"search_term_string"}}],"inLanguage":"de-DE"}]}},"_links":{"self":[{"href":"https:\/\/dockaas.webba11.projectlocatie.nl\/de\/wp-json\/wp\/v2\/pages\/1432","targetHints":{"allow":["GET"]}}],"collection":[{"href":"https:\/\/dockaas.webba11.projectlocatie.nl\/de\/wp-json\/wp\/v2\/pages"}],"about":[{"href":"https:\/\/dockaas.webba11.projectlocatie.nl\/de\/wp-json\/wp\/v2\/types\/page"}],"author":[{"embeddable":true,"href":"https:\/\/dockaas.webba11.projectlocatie.nl\/de\/wp-json\/wp\/v2\/users\/2"}],"replies":[{"embeddable":true,"href":"https:\/\/dockaas.webba11.projectlocatie.nl\/de\/wp-json\/wp\/v2\/comments?post=1432"}],"version-history":[{"count":67,"href":"https:\/\/dockaas.webba11.projectlocatie.nl\/de\/wp-json\/wp\/v2\/pages\/1432\/revisions"}],"predecessor-version":[{"id":7082,"href":"https:\/\/dockaas.webba11.projectlocatie.nl\/de\/wp-json\/wp\/v2\/pages\/1432\/revisions\/7082"}],"wp:attachment":[{"href":"https:\/\/dockaas.webba11.projectlocatie.nl\/de\/wp-json\/wp\/v2\/media?parent=1432"}],"curies":[{"name":"wp","href":"https:\/\/api.w.org\/{rel}","templated":true}]}}