{"id":1440,"date":"2022-02-22T12:18:09","date_gmt":"2022-02-22T12:18:09","guid":{"rendered":"https:\/\/doc-kaas-ua.ddev.site\/?page_id=1440"},"modified":"2022-10-07T08:54:15","modified_gmt":"2022-10-07T06:54:15","slug":"milkmaster","status":"publish","type":"page","link":"https:\/\/dockaas.webba11.projectlocatie.nl\/de\/nachhaltige-landwirtschaft\/milkmaster\/","title":{"rendered":"Milkmaster"},"content":{"rendered":"<style>\n    .hero {\n        background-image:linear-gradient(to right, rgba(248, 253, 255, 1), rgba(248, 253, 255, 1), rgba(0, 0, 0, 0)),url(' https:\/\/dockaas.webba11.projectlocatie.nl\/app\/uploads\/2022\/05\/milkmaster.jpg ');\n    }\n\n    @media (max-width: 1024px) {\n        .hero {\n            background-image:linear-gradient(to top, rgba(248, 253, 255, 1), rgba(248, 253, 255, 0.95), rgba(0, 0, 0, 0)),url(' https:\/\/dockaas.webba11.projectlocatie.nl\/app\/uploads\/2022\/05\/milkmaster.jpg ');\n        }\n    }\n<\/style>\n\n<section class=\"hero !bg-no-repeat !bg-cover !bg-center flex items-center\">\n    <div class=\"top-0 left-0 h-full w-full relative px-4 pt-36\">\n        <div class=\"container mx-auto\">\n            <div class=\"hero-title\">\n                                <h1 class=\"pl-8 pr-0 lg:pr-8 border-l-5 md:border-l-10 border-secondary text-[2.75rem] md:text-[4rem] leading-tight text-primary-light break-normal\"><p><strong>Milkmaster<\/strong><\/p>\n<\/h1>\n                                \n                \n            <\/div>\n        <\/div>\n\n                <div class=\"container mx-auto py-6 lg:px-10 text-grey mt-24\">\n            <p id=\"breadcrumbs\"><span><span><a href=\"https:\/\/dockaas.webba11.projectlocatie.nl\/de\/\">Home<\/a><\/span><\/span><\/p>        <\/div>\n        \n    <\/div>\n<\/section>\n\n\n\n<section  class=\"py-16 bg-lighter\">\n\n         \n        \n    \n    <div class=\"w-full lg:w-[55rem] flex flex-col gap-6 content px-4 m-auto\">\n\n                <div class=\"text-primary-light text-[2.75rem] relative after:content[''] after:h-0.5 after:w-24 after:bg-secondary after:absolute after:mt-2 leading-tight break-normal title\">\n            <p>Was ist <strong>Milkmaster?<\/strong><\/p>\n\n        <\/div>\n        \n                <div class=\"text-grey leading-7 font-light\">\n            <p><em><strong>Alle unsere Mitglieder nehmen an Milkmaster teil und erhalten je nach ihren Bem\u00fchungen und Ergebnissen einen Bonus auf den Milchpreis. Damit f\u00f6rdern wir die weitere Nachhaltigkeit des Milchsektors.<\/strong><\/em><\/p>\n<p>&nbsp;<\/p>\n<p>Milkmaster ist ein gemeinsames Programm mit der Molkereigenossenschaft Deutsches Milchkontor eG. Ihre Mitglieder arbeiten ebenfalls nach den Grunds\u00e4tzen und Ansatzpunkten dieses Nachhaltigkeitsprogramms. Allerdings gibt es l\u00e4nderspezifische Unterschiede. Die niederl\u00e4ndische Molkerei hat sich zum Beispiel zur nachhaltigen Milchkette verpflichtet und diese Ziele sind der Ausgangspunkt f\u00fcr DOC Kaas U.A. und unsere Mitglieder.<\/p>\n<p>&nbsp;<\/p>\n<p><img loading=\"lazy\" decoding=\"async\" class=\"alignnone size-medium wp-image-5897\" src=\"https:\/\/doc-kaas-ua.ddev.site\/app\/uploads\/2022\/05\/2019Milkmaster_Logo_RGB-300x48.png\" alt=\"\" width=\"300\" height=\"48\" srcset=\"https:\/\/dockaas.webba11.projectlocatie.nl\/app\/uploads\/2022\/05\/2019Milkmaster_Logo_RGB-300x48.png 300w, https:\/\/dockaas.webba11.projectlocatie.nl\/app\/uploads\/2022\/05\/2019Milkmaster_Logo_RGB-1024x164.png 1024w, https:\/\/dockaas.webba11.projectlocatie.nl\/app\/uploads\/2022\/05\/2019Milkmaster_Logo_RGB-768x123.png 768w, https:\/\/dockaas.webba11.projectlocatie.nl\/app\/uploads\/2022\/05\/2019Milkmaster_Logo_RGB-1536x246.png 1536w, https:\/\/dockaas.webba11.projectlocatie.nl\/app\/uploads\/2022\/05\/2019Milkmaster_Logo_RGB-2048x328.png 2048w\" sizes=\"auto, (max-width: 300px) 100vw, 300px\" \/>+<\/p>\n\n        <\/div>\n        \n            <\/div>\n\n            <\/section>\n\n\n<section class=\"py-20 bg-light\">\n    <div class=\"container mx-auto px-4 text-grey\">\n        <div class=\"blocks-title\"><h3 style=\"text-align: center\">Unsere <strong>4 Themen<\/strong><\/h3>\n<\/div>\n        <div class=\"font-light text-grey\"><p style=\"text-align: center\">Unser Nachhaltigkeitsprogramm Milkmaster konzentriert sich auf die folgenden 4 Themen<\/p>\n<\/div>\n        <div class=\"flex gap-6 mt-10 flex-wrap lg:flex-nowrap\">\n\n                        \n            <a href=\"https:\/\/doc-kaas-ua.ddev.site\/de\/nachhaltige-landwirtschaft\/tiergesundheit-und-tierwohl\/\" style=\"\" \n                class=\"h-56 rounded-xl border border-slate-200 flex justify-center items-center flex-col gap-3 hover:scale-110 transition-all group grow px-2 w-full sm:w-1\/3 lg:w-1\/5 bg-white text-primary-light hover:bg-primary-light hover:text-white\">\n                                <img decoding=\"async\" src=\"https:\/\/dockaas.webba11.projectlocatie.nl\/app\/uploads\/2022\/03\/DOC-icoon-Diergezondheid-Dierwelzijn.png\" alt=\"Tiergesundheit und Tierschutz\" class=\"h-[4.875rem] object-contain\" \/>\n                                <div class=\"text-center font-bold\">Tiergesundheit und Tierschutz<\/div>\n            <\/a>\n                        \n            <a href=\"https:\/\/doc-kaas-ua.ddev.site\/de\/nachhaltige-landwirtschaft\/energie-und-klima\/\" style=\"\" \n                class=\"h-56 rounded-xl border border-slate-200 flex justify-center items-center flex-col gap-3 hover:scale-110 transition-all group grow px-2 w-full sm:w-1\/3 lg:w-1\/5 bg-white text-primary-light hover:bg-primary-light hover:text-white\">\n                                <img decoding=\"async\" src=\"https:\/\/dockaas.webba11.projectlocatie.nl\/app\/uploads\/2022\/03\/DOC-icoon-Energie-Klimaat.png\" alt=\"Energie und Klima\" class=\"h-[4.875rem] object-contain\" \/>\n                                <div class=\"text-center font-bold\">Energie und Klima<\/div>\n            <\/a>\n                        \n            <a href=\"https:\/\/doc-kaas-ua.ddev.site\/de\/nachhaltige-landwirtschaft\/biodiversitat-umwelt\/\" style=\"\" \n                class=\"h-56 rounded-xl border border-slate-200 flex justify-center items-center flex-col gap-3 hover:scale-110 transition-all group grow px-2 w-full sm:w-1\/3 lg:w-1\/5 bg-white text-primary-light hover:bg-primary-light hover:text-white\">\n                                <img decoding=\"async\" src=\"https:\/\/dockaas.webba11.projectlocatie.nl\/app\/uploads\/2022\/03\/DOC-icoon-Biodiversitetit-Millieu.png\" alt=\"Biodiversit\u00e4t und Umwelt\" class=\"h-[4.875rem] object-contain\" \/>\n                                <div class=\"text-center font-bold\">Biodiversit\u00e4t und Umwelt<\/div>\n            <\/a>\n                        \n            <a href=\"https:\/\/doc-kaas-ua.ddev.site\/de\/nachhaltige-landwirtschaft\/soziales-engagement\/\" style=\"\" \n                class=\"h-56 rounded-xl border border-slate-200 flex justify-center items-center flex-col gap-3 hover:scale-110 transition-all group grow px-2 w-full sm:w-1\/3 lg:w-1\/5 bg-white text-primary-light hover:bg-primary-light hover:text-white\">\n                                <img decoding=\"async\" src=\"https:\/\/dockaas.webba11.projectlocatie.nl\/app\/uploads\/2022\/03\/DOC-icoon-Maatschappelijke-betrokkenheid.png\" alt=\"Soziales Engagement\" class=\"h-[4.875rem] object-contain\" \/>\n                                <div class=\"text-center font-bold\">Soziales Engagement<\/div>\n            <\/a>\n            \n        <\/div>\n    <\/div>\n<\/section>","protected":false},"excerpt":{"rendered":"","protected":false},"author":2,"featured_media":0,"parent":1432,"menu_order":1,"comment_status":"closed","ping_status":"closed","template":"","meta":{"_acf_changed":false,"inline_featured_image":false,"footnotes":""},"class_list":["post-1440","page","type-page","status-publish","hentry"],"acf":[],"yoast_head":"<!-- This site is optimized with the Yoast SEO plugin v25.3.1 - https:\/\/yoast.com\/wordpress\/plugins\/seo\/ -->\n<title>Milkmaster - DOC Kaas U.A.<\/title>\n<meta name=\"description\" content=\"Milkmaster ist unsere Art, Nachhaltigkeit zu f\u00f6rdern. Sind Sie neugierig auf dieses Programm? Lesen Sie weiter und schlie\u00dfen Sie sich uns an.\" \/>\n<meta name=\"robots\" content=\"noindex, follow, max-snippet:-1, max-image-preview:large, max-video-preview:-1\" \/>\n<meta property=\"og:locale\" content=\"de_DE\" \/>\n<meta property=\"og:type\" content=\"article\" \/>\n<meta property=\"og:title\" content=\"Milkmaster - DOC Kaas U.A.\" \/>\n<meta property=\"og:description\" content=\"Milkmaster ist unsere Art, Nachhaltigkeit zu f\u00f6rdern. Sind Sie neugierig auf dieses Programm? Lesen Sie weiter und schlie\u00dfen Sie sich uns an.\" \/>\n<meta property=\"og:url\" content=\"https:\/\/dockaas.webba11.projectlocatie.nl\/de\/nachhaltige-landwirtschaft\/milkmaster\/\" \/>\n<meta property=\"og:site_name\" content=\"DOC Kaas U.A.\" \/>\n<meta property=\"article:modified_time\" content=\"2022-10-07T06:54:15+00:00\" \/>\n<meta name=\"twitter:card\" content=\"summary_large_image\" \/>\n<script type=\"application\/ld+json\" class=\"yoast-schema-graph\">{\"@context\":\"https:\/\/schema.org\",\"@graph\":[{\"@type\":\"WebPage\",\"@id\":\"https:\/\/dockaas.webba11.projectlocatie.nl\/de\/nachhaltige-landwirtschaft\/milkmaster\/\",\"url\":\"https:\/\/dockaas.webba11.projectlocatie.nl\/de\/nachhaltige-landwirtschaft\/milkmaster\/\",\"name\":\"Milkmaster - DOC Kaas U.A.\",\"isPartOf\":{\"@id\":\"https:\/\/dockaas.webba11.projectlocatie.nl\/#website\"},\"datePublished\":\"2022-02-22T12:18:09+00:00\",\"dateModified\":\"2022-10-07T06:54:15+00:00\",\"description\":\"Milkmaster ist unsere Art, Nachhaltigkeit zu f\u00f6rdern. Sind Sie neugierig auf dieses Programm? Lesen Sie weiter und schlie\u00dfen Sie sich uns an.\",\"breadcrumb\":{\"@id\":\"https:\/\/dockaas.webba11.projectlocatie.nl\/de\/nachhaltige-landwirtschaft\/milkmaster\/#breadcrumb\"},\"inLanguage\":\"de-DE\",\"potentialAction\":[{\"@type\":\"ReadAction\",\"target\":[\"https:\/\/dockaas.webba11.projectlocatie.nl\/de\/nachhaltige-landwirtschaft\/milkmaster\/\"]}]},{\"@type\":\"BreadcrumbList\",\"@id\":\"https:\/\/dockaas.webba11.projectlocatie.nl\/de\/nachhaltige-landwirtschaft\/milkmaster\/#breadcrumb\",\"itemListElement\":[{\"@type\":\"ListItem\",\"position\":1,\"name\":\"Home\",\"item\":\"https:\/\/dockaas.webba11.projectlocatie.nl\/de\/\"},{\"@type\":\"ListItem\",\"position\":2,\"name\":\"Nachhaltige Landwirtschaft\",\"item\":\"https:\/\/dockaas.webba11.projectlocatie.nl\/de\/nachhaltige-landwirtschaft\/\"},{\"@type\":\"ListItem\",\"position\":3,\"name\":\"Milkmaster\"}]},{\"@type\":\"WebSite\",\"@id\":\"https:\/\/dockaas.webba11.projectlocatie.nl\/#website\",\"url\":\"https:\/\/dockaas.webba11.projectlocatie.nl\/\",\"name\":\"DOC Kaas U.A.\",\"description\":\"Van, voor en door de leden!\",\"potentialAction\":[{\"@type\":\"SearchAction\",\"target\":{\"@type\":\"EntryPoint\",\"urlTemplate\":\"https:\/\/dockaas.webba11.projectlocatie.nl\/?s={search_term_string}\"},\"query-input\":{\"@type\":\"PropertyValueSpecification\",\"valueRequired\":true,\"valueName\":\"search_term_string\"}}],\"inLanguage\":\"de-DE\"}]}<\/script>\n<!-- \/ Yoast SEO plugin. -->","yoast_head_json":{"title":"Milkmaster - DOC Kaas U.A.","description":"Milkmaster ist unsere Art, Nachhaltigkeit zu f\u00f6rdern. Sind Sie neugierig auf dieses Programm? Lesen Sie weiter und schlie\u00dfen Sie sich uns an.","robots":{"index":"noindex","follow":"follow","max-snippet":"max-snippet:-1","max-image-preview":"max-image-preview:large","max-video-preview":"max-video-preview:-1"},"og_locale":"de_DE","og_type":"article","og_title":"Milkmaster - DOC Kaas U.A.","og_description":"Milkmaster ist unsere Art, Nachhaltigkeit zu f\u00f6rdern. Sind Sie neugierig auf dieses Programm? Lesen Sie weiter und schlie\u00dfen Sie sich uns an.","og_url":"https:\/\/dockaas.webba11.projectlocatie.nl\/de\/nachhaltige-landwirtschaft\/milkmaster\/","og_site_name":"DOC Kaas U.A.","article_modified_time":"2022-10-07T06:54:15+00:00","twitter_card":"summary_large_image","schema":{"@context":"https:\/\/schema.org","@graph":[{"@type":"WebPage","@id":"https:\/\/dockaas.webba11.projectlocatie.nl\/de\/nachhaltige-landwirtschaft\/milkmaster\/","url":"https:\/\/dockaas.webba11.projectlocatie.nl\/de\/nachhaltige-landwirtschaft\/milkmaster\/","name":"Milkmaster - DOC Kaas U.A.","isPartOf":{"@id":"https:\/\/dockaas.webba11.projectlocatie.nl\/#website"},"datePublished":"2022-02-22T12:18:09+00:00","dateModified":"2022-10-07T06:54:15+00:00","description":"Milkmaster ist unsere Art, Nachhaltigkeit zu f\u00f6rdern. Sind Sie neugierig auf dieses Programm? Lesen Sie weiter und schlie\u00dfen Sie sich uns an.","breadcrumb":{"@id":"https:\/\/dockaas.webba11.projectlocatie.nl\/de\/nachhaltige-landwirtschaft\/milkmaster\/#breadcrumb"},"inLanguage":"de-DE","potentialAction":[{"@type":"ReadAction","target":["https:\/\/dockaas.webba11.projectlocatie.nl\/de\/nachhaltige-landwirtschaft\/milkmaster\/"]}]},{"@type":"BreadcrumbList","@id":"https:\/\/dockaas.webba11.projectlocatie.nl\/de\/nachhaltige-landwirtschaft\/milkmaster\/#breadcrumb","itemListElement":[{"@type":"ListItem","position":1,"name":"Home","item":"https:\/\/dockaas.webba11.projectlocatie.nl\/de\/"},{"@type":"ListItem","position":2,"name":"Nachhaltige Landwirtschaft","item":"https:\/\/dockaas.webba11.projectlocatie.nl\/de\/nachhaltige-landwirtschaft\/"},{"@type":"ListItem","position":3,"name":"Milkmaster"}]},{"@type":"WebSite","@id":"https:\/\/dockaas.webba11.projectlocatie.nl\/#website","url":"https:\/\/dockaas.webba11.projectlocatie.nl\/","name":"DOC Kaas U.A.","description":"Van, voor en door de leden!","potentialAction":[{"@type":"SearchAction","target":{"@type":"EntryPoint","urlTemplate":"https:\/\/dockaas.webba11.projectlocatie.nl\/?s={search_term_string}"},"query-input":{"@type":"PropertyValueSpecification","valueRequired":true,"valueName":"search_term_string"}}],"inLanguage":"de-DE"}]}},"_links":{"self":[{"href":"https:\/\/dockaas.webba11.projectlocatie.nl\/de\/wp-json\/wp\/v2\/pages\/1440","targetHints":{"allow":["GET"]}}],"collection":[{"href":"https:\/\/dockaas.webba11.projectlocatie.nl\/de\/wp-json\/wp\/v2\/pages"}],"about":[{"href":"https:\/\/dockaas.webba11.projectlocatie.nl\/de\/wp-json\/wp\/v2\/types\/page"}],"author":[{"embeddable":true,"href":"https:\/\/dockaas.webba11.projectlocatie.nl\/de\/wp-json\/wp\/v2\/users\/2"}],"replies":[{"embeddable":true,"href":"https:\/\/dockaas.webba11.projectlocatie.nl\/de\/wp-json\/wp\/v2\/comments?post=1440"}],"version-history":[{"count":37,"href":"https:\/\/dockaas.webba11.projectlocatie.nl\/de\/wp-json\/wp\/v2\/pages\/1440\/revisions"}],"predecessor-version":[{"id":7085,"href":"https:\/\/dockaas.webba11.projectlocatie.nl\/de\/wp-json\/wp\/v2\/pages\/1440\/revisions\/7085"}],"up":[{"embeddable":true,"href":"https:\/\/dockaas.webba11.projectlocatie.nl\/de\/wp-json\/wp\/v2\/pages\/1432"}],"wp:attachment":[{"href":"https:\/\/dockaas.webba11.projectlocatie.nl\/de\/wp-json\/wp\/v2\/media?parent=1440"}],"curies":[{"name":"wp","href":"https:\/\/api.w.org\/{rel}","templated":true}]}}