{"id":1445,"date":"2022-02-22T12:18:43","date_gmt":"2022-02-22T12:18:43","guid":{"rendered":"https:\/\/doc-kaas-ua.ddev.site\/?page_id=1445"},"modified":"2022-10-10T15:20:05","modified_gmt":"2022-10-10T13:20:05","slug":"tiergesundheit-und-tierwohl","status":"publish","type":"page","link":"https:\/\/dockaas.webba11.projectlocatie.nl\/de\/nachhaltige-landwirtschaft\/milkmaster\/tiergesundheit-und-tierwohl\/","title":{"rendered":"Tiergesundheit und Tierwohl"},"content":{"rendered":"<style>\n    .hero {\n        background-image:linear-gradient(to right, rgba(248, 253, 255, 1), rgba(248, 253, 255, 1), rgba(0, 0, 0, 0)),url(' https:\/\/dockaas.webba11.projectlocatie.nl\/app\/uploads\/2022\/04\/3-Header-Duurzaam-boeren-007-gespiegeld-scaled.jpeg ');\n    }\n\n    @media (max-width: 1024px) {\n        .hero {\n            background-image:linear-gradient(to top, rgba(248, 253, 255, 1), rgba(248, 253, 255, 0.95), rgba(0, 0, 0, 0)),url(' https:\/\/dockaas.webba11.projectlocatie.nl\/app\/uploads\/2022\/04\/3-Header-Duurzaam-boeren-007-gespiegeld-scaled.jpeg ');\n        }\n    }\n<\/style>\n\n<section class=\"hero !bg-no-repeat !bg-cover !bg-center flex items-center\">\n    <div class=\"top-0 left-0 h-full w-full relative px-4 pt-36\">\n        <div class=\"container mx-auto\">\n            <div class=\"hero-title\">\n                                <h1 class=\"pl-8 pr-0 lg:pr-8 border-l-5 md:border-l-10 border-secondary text-[2.75rem] md:text-[4rem] leading-tight text-primary-light break-normal\"><p>Tiergesundheit <strong>und <\/strong><\/p>\n<p><strong>Tierwohl<\/strong><\/p>\n<\/h1>\n                                \n                \n            <\/div>\n        <\/div>\n\n                <div class=\"container mx-auto py-6 lg:px-10 text-grey mt-24\">\n            <p id=\"breadcrumbs\"><span><span><a href=\"https:\/\/dockaas.webba11.projectlocatie.nl\/de\/\">Home<\/a><\/span><\/span><\/p>        <\/div>\n        \n    <\/div>\n<\/section>\n\n\n\n<section  class=\"py-16 bg-lighter\">\n\n         \n        \n    \n    <div class=\"w-full lg:w-[55rem] flex flex-col gap-6 content px-4 m-auto\">\n\n                <div class=\"text-primary-light text-[2.75rem] relative after:content[''] after:h-0.5 after:w-24 after:bg-secondary after:absolute after:mt-2 leading-tight break-normal title\">\n            <p>Tiergesundheit<strong> und Tierwohl <img loading=\"lazy\" decoding=\"async\" class=\"alignnone size-full wp-image-1055\" src=\"https:\/\/doc-kaas-ua.ddev.site\/app\/uploads\/2022\/03\/DOC-icoon-Diergezondheid-Dierwelzijn.png\" alt=\"\" width=\"78\" height=\"78\" \/><\/strong><\/p>\n\n        <\/div>\n        \n                <div class=\"text-grey leading-7 font-light\">\n            <p><em><strong>Eine gesunde Kuh ist die Grundlage eines jeden Milchviehbetriebs. Schlie\u00dflich lebt eine gesunde Kuh l\u00e4nger, gibt mehr Milch und verschafft dem Milchviehhalter Zufriedenheit. Das f\u00e4ngt schon beim Kalb an: Ein guter Start ist von gro\u00dfer Bedeutung f\u00fcr die Gesundheit und Produktivit\u00e4t einer Kuh im weiteren Leben.<\/strong><\/em><\/p>\n<p>&nbsp;<\/p>\n<p>Alle Mitglieder von DOC Kaas \u00fcberwachen die Gesundheit der Tiere und K\u00e4lber mit Hilfe von KoeMonitor und KalfOK. KoeMonitor ist ein System der niederl\u00e4ndischen Milchwirtschaft zur Gew\u00e4hrleistung von Tiergesundheit, Tierwohl und Lebensmittelsicherheit. Es stellt sicher, dass Milcherzeuger und Molkereiunternehmen nachweislich die europ\u00e4ischen und nationalen Gesetze und Vorschriften einhalten. KalfOK gibt den Milchviehhaltern viertelj\u00e4hrlich R\u00fcckmeldung \u00fcber die Qualit\u00e4t der K\u00e4lberaufzucht. Das System wurde in Zusammenarbeit mit Milcherzuger, Tier\u00e4rzten, Tiergesundheitsexperten und Vertretern von ZuivelNL entwickelt.<\/p>\n\n        <\/div>\n        \n                <div class=\"mt-4 flex flex-wrap items-center gap-6\">\n                            \n                                \n                <a href=\"https:\/\/doc-kaas-ua.ddev.site\/de\/nachhaltige-landwirtschaft\/milkmaster\/\" class=\"text-primary-light border border-slate-300 font-bold px-5 py-3 rounded-full flex justify-center flex-row-reverse gap-3 w-full xs:w-max group\" target=\"\">\n    Zur\u00fcck zu Milkmaster\n                    <svg class=\"w-6 h-6 transition-all rotate-180\"\n                        aria-hidden=\"true\" focusable=\"false\" data-prefix=\"fal\" data-icon=\"long-arrow-right\" class=\"svg-inline--fa fa-long-arrow-right fa-w-14\" role=\"img\" xmlns=\"http:\/\/www.w3.org\/2000\/svg\" viewBox=\"0 0 448 512\"><path fill=\"currentColor\" d=\"M311.03 131.515l-7.071 7.07c-4.686 4.686-4.686 12.284 0 16.971L387.887 239H12c-6.627 0-12 5.373-12 12v10c0 6.627 5.373 12 12 12h375.887l-83.928 83.444c-4.686 4.686-4.686 12.284 0 16.971l7.071 7.07c4.686 4.686 12.284 4.686 16.97 0l116.485-116c4.686-4.686 4.686-12.284 0-16.971L328 131.515c-4.686-4.687-12.284-4.687-16.97 0z\"><\/path><\/svg>\n<\/a>\n\n                                    <\/div>\n            <\/div>\n\n            <\/section>\n\n\n<section  class=\"my-16 lg:my-20 flex gap-10 2xl:gap-32 flex-col-reverse lg:flex-row\">\n    <div class=\"bg-light w-full h-full z-[1] relative rounded-r-full pl-8 pr-4 sm:pl-10 sm:pr-8 xl:pl-56 xl:pr-0 md:w-2\/3 xl:w-1\/2 2xl:w-2\/5 py-12 flex justify-end\">\n        <span class=\"relative w-full before:z-0 before:content[''] before:w-1\/2 before:h-56 before:w-1\/2 before:xl:h-60 before:bg-secondary before:absolute before:rounded-xl flex before:-translate-y-3 before:-translate-x-3 before:md:-translate-y-4 before:md:-translate-x-4 md:w-[31.25rem]\">\n        <img decoding=\"async\" src=\" https:\/\/dockaas.webba11.projectlocatie.nl\/app\/uploads\/2022\/04\/1-Van-Zoelen-EJM_0233-scaled-e1651154445342.jpg \" alt=\"Tiergesundheit und Tierwohl\" class=\"w-full h-full rounded-xl object-cover relative h-[38.75rem] lg:w-[31.25rem]\" \/>\n        <\/span>\n    <\/div>\n\n    <div class=\"px-12 sm:px-16 md:px-24 w-full flex flex-col justify-center gap-6 xl:pl-0 lg:pr-16 xl:pr-56 xl:w-1\/2 2xl:w-3\/5\">\n                <h2 class=\"px-4 border-l-5 md:border-l-8 border-secondary text-[2rem] md:text-[2.75rem] leading-tight text-primary-light w-full max-w-none xl:max-w-[44rem] title\"><p>Mitglieder<strong>\u00a0Geert und Jennie van Zoelen aus Ommeren<\/strong><\/p>\n<\/h2>\n                        <div class=\"text-grey w-full max-w-none xl:max-w-[44rem] leading-7 relative font-light mt-4 xl:pl-8 xl:pr-8 medium\">\n            <blockquote><p>&#8220;Tierwohl geht Hand in Hand mit Produktivit\u00e4t&#8221;<\/p>\n<p>&nbsp;<\/p><\/blockquote>\n<p>Mitglied Geert van Zoelen baute 2015 einen neuen Stall, bei dem das Tierwohl die Gestaltung beeinflusste. &#8220;Der Stall ist gut bel\u00fcftet und hat gro\u00dfz\u00fcgige Laufwege, so dass die K\u00fche leicht aneinander vorbeigehen k\u00f6nnen &#8211; auch wenn eine Kuh am Fressgitter steht. In den Liegeboxen befindet sich Sand. Das ist im Sommer angenehm k\u00fchl und verhindert Verbr\u00fchungen. Der Sand landet auch auf den Spalten, die dadurch rau bleiben.<\/p>\n<p>&nbsp;<\/p>\n<p>Van Zoelens K\u00fche werden automatisch 5 Mal am Tag gef\u00fcttert. Auf diese Weise erh\u00e4lt die Herde oft frisches Futter und wird ermutigt, zum Futterzaun zu kommen. Mit mehr Bewegung als Ergebnis. Sie erhalten eine Mischung aus Mais, Silage, Biertreber und Kraftfutter. Das Verh\u00e4ltnis von Mais und Silage ist je nach Gruppe unterschiedlich: Tr\u00e4chtige K\u00fche erhalten beispielsweise einen anderen Anteil als Milchk\u00fche. Und kurz vor dem Kalben bekommen sie eine weitere Ration.<\/p>\n\n        <\/div>\n        \n            <\/div>\n<\/section>\n\n\n<section  class=\"my-16 lg:my-20 flex gap-10 2xl:gap-32 flex-col-reverse lg:flex-row-reverse\">\n    <div class=\"bg-light w-full h-full z-[1] relative rounded-l-full pr-8 pl-4 sm:pr-10 sm:pl-8 xl:pr-56 xl:pl-0 2xl:w-1\/2 py-16 lg:py-24 flex justify-start\">\n        <span class=\"relative w-full before:z-0 before:content[''] before:w-1\/2 before:h-56 before:w-1\/2 before:xl:h-60 before:bg-secondary before:absolute before:rounded-xl flex before:-translate-y-3 before:translate-x-3 before:md:-translate-y-4 before:md:translate-x-4 before:-right-0 justify-end\">\n        <img decoding=\"async\" src=\" https:\/\/dockaas.webba11.projectlocatie.nl\/app\/uploads\/2022\/04\/2-Van-Zoelen-DOC_Beeldbank_20156535-scaled.jpg \" alt=\"Tiergesundheit und Tierwohl\" class=\"w-full h-full rounded-xl object-cover relative h-[28.125rem]\" \/>\n        <\/span>\n    <\/div>\n\n    <div class=\"px-12 sm:px-16 md:px-24 w-full flex flex-col justify-center gap-6 xl:pr-0 lg:pl-16 xl:pl-56 2xl:w-1\/2\">\n                <h2 class=\"px-4 border-l-5 md:border-l-8 border-secondary text-[2rem] md:text-[2.75rem] leading-tight text-primary-light w-full max-w-none xl:max-w-[44rem] title\"><p><strong>Hitzestress<\/strong><\/p>\n<\/h2>\n                        <div class=\"text-grey w-full max-w-none xl:max-w-[44rem] leading-7 relative font-light mt-4 xl:pl-8 xl:pr-8\">\n            <p>Der Milchviehbetrieb hat Weideland. &#8220;Die K\u00fche leiden unter Hitzestress ab 21 Grad, deshalb beginne ich sehr fr\u00fch mit dem Weiden. Im April, Mai und Juni sind die K\u00fche t\u00e4glich mehr als sechs Stunden im Freien. Die Temperatur und die Qualit\u00e4t des Grases sind dann sehr gut. Und wenn es im Juli und August sehr hei\u00df ist, bleiben sie drinnen. Im September gehen sie dann wieder raus.<\/p>\n\n        <\/div>\n        \n            <\/div>\n<\/section>\n","protected":false},"excerpt":{"rendered":"","protected":false},"author":2,"featured_media":0,"parent":1440,"menu_order":3,"comment_status":"closed","ping_status":"closed","template":"","meta":{"_acf_changed":false,"inline_featured_image":false,"footnotes":""},"class_list":["post-1445","page","type-page","status-publish","hentry"],"acf":[],"yoast_head":"<!-- This site is optimized with the Yoast SEO plugin v25.3.1 - https:\/\/yoast.com\/wordpress\/plugins\/seo\/ -->\n<title>Tiergesundheit und Tierwohl - DOC Kaas U.A.<\/title>\n<meta name=\"description\" content=\"Die Tiergesundheit und Tierschutz sind von gr\u00f6\u00dfter Bedeutung. Und das beginnt bei der Wade. Lesen Sie weiter.\" \/>\n<meta name=\"robots\" content=\"noindex, follow, max-snippet:-1, max-image-preview:large, max-video-preview:-1\" \/>\n<meta property=\"og:locale\" content=\"de_DE\" \/>\n<meta property=\"og:type\" content=\"article\" \/>\n<meta property=\"og:title\" content=\"Tiergesundheit und Tierwohl - DOC Kaas U.A.\" \/>\n<meta property=\"og:description\" content=\"Die Tiergesundheit und Tierschutz sind von gr\u00f6\u00dfter Bedeutung. Und das beginnt bei der Wade. Lesen Sie weiter.\" \/>\n<meta property=\"og:url\" content=\"https:\/\/dockaas.webba11.projectlocatie.nl\/de\/nachhaltige-landwirtschaft\/milkmaster\/tiergesundheit-und-tierwohl\/\" \/>\n<meta property=\"og:site_name\" content=\"DOC Kaas U.A.\" \/>\n<meta property=\"article:modified_time\" content=\"2022-10-10T13:20:05+00:00\" \/>\n<meta name=\"twitter:card\" content=\"summary_large_image\" \/>\n<script type=\"application\/ld+json\" class=\"yoast-schema-graph\">{\"@context\":\"https:\/\/schema.org\",\"@graph\":[{\"@type\":\"WebPage\",\"@id\":\"https:\/\/dockaas.webba11.projectlocatie.nl\/de\/nachhaltige-landwirtschaft\/milkmaster\/tiergesundheit-und-tierwohl\/\",\"url\":\"https:\/\/dockaas.webba11.projectlocatie.nl\/de\/nachhaltige-landwirtschaft\/milkmaster\/tiergesundheit-und-tierwohl\/\",\"name\":\"Tiergesundheit und Tierwohl - DOC Kaas U.A.\",\"isPartOf\":{\"@id\":\"https:\/\/dockaas.webba11.projectlocatie.nl\/#website\"},\"datePublished\":\"2022-02-22T12:18:43+00:00\",\"dateModified\":\"2022-10-10T13:20:05+00:00\",\"description\":\"Die Tiergesundheit und Tierschutz sind von gr\u00f6\u00dfter Bedeutung. Und das beginnt bei der Wade. Lesen Sie weiter.\",\"breadcrumb\":{\"@id\":\"https:\/\/dockaas.webba11.projectlocatie.nl\/de\/nachhaltige-landwirtschaft\/milkmaster\/tiergesundheit-und-tierwohl\/#breadcrumb\"},\"inLanguage\":\"de-DE\",\"potentialAction\":[{\"@type\":\"ReadAction\",\"target\":[\"https:\/\/dockaas.webba11.projectlocatie.nl\/de\/nachhaltige-landwirtschaft\/milkmaster\/tiergesundheit-und-tierwohl\/\"]}]},{\"@type\":\"BreadcrumbList\",\"@id\":\"https:\/\/dockaas.webba11.projectlocatie.nl\/de\/nachhaltige-landwirtschaft\/milkmaster\/tiergesundheit-und-tierwohl\/#breadcrumb\",\"itemListElement\":[{\"@type\":\"ListItem\",\"position\":1,\"name\":\"Home\",\"item\":\"https:\/\/dockaas.webba11.projectlocatie.nl\/de\/\"},{\"@type\":\"ListItem\",\"position\":2,\"name\":\"Nachhaltige Landwirtschaft\",\"item\":\"https:\/\/dockaas.webba11.projectlocatie.nl\/de\/nachhaltige-landwirtschaft\/\"},{\"@type\":\"ListItem\",\"position\":3,\"name\":\"Milkmaster\",\"item\":\"https:\/\/dockaas.webba11.projectlocatie.nl\/de\/nachhaltige-landwirtschaft\/milkmaster\/\"},{\"@type\":\"ListItem\",\"position\":4,\"name\":\"Tiergesundheit und Tierwohl\"}]},{\"@type\":\"WebSite\",\"@id\":\"https:\/\/dockaas.webba11.projectlocatie.nl\/#website\",\"url\":\"https:\/\/dockaas.webba11.projectlocatie.nl\/\",\"name\":\"DOC Kaas U.A.\",\"description\":\"Van, voor en door de leden!\",\"potentialAction\":[{\"@type\":\"SearchAction\",\"target\":{\"@type\":\"EntryPoint\",\"urlTemplate\":\"https:\/\/dockaas.webba11.projectlocatie.nl\/?s={search_term_string}\"},\"query-input\":{\"@type\":\"PropertyValueSpecification\",\"valueRequired\":true,\"valueName\":\"search_term_string\"}}],\"inLanguage\":\"de-DE\"}]}<\/script>\n<!-- \/ Yoast SEO plugin. -->","yoast_head_json":{"title":"Tiergesundheit und Tierwohl - DOC Kaas U.A.","description":"Die Tiergesundheit und Tierschutz sind von gr\u00f6\u00dfter Bedeutung. Und das beginnt bei der Wade. Lesen Sie weiter.","robots":{"index":"noindex","follow":"follow","max-snippet":"max-snippet:-1","max-image-preview":"max-image-preview:large","max-video-preview":"max-video-preview:-1"},"og_locale":"de_DE","og_type":"article","og_title":"Tiergesundheit und Tierwohl - DOC Kaas U.A.","og_description":"Die Tiergesundheit und Tierschutz sind von gr\u00f6\u00dfter Bedeutung. Und das beginnt bei der Wade. Lesen Sie weiter.","og_url":"https:\/\/dockaas.webba11.projectlocatie.nl\/de\/nachhaltige-landwirtschaft\/milkmaster\/tiergesundheit-und-tierwohl\/","og_site_name":"DOC Kaas U.A.","article_modified_time":"2022-10-10T13:20:05+00:00","twitter_card":"summary_large_image","schema":{"@context":"https:\/\/schema.org","@graph":[{"@type":"WebPage","@id":"https:\/\/dockaas.webba11.projectlocatie.nl\/de\/nachhaltige-landwirtschaft\/milkmaster\/tiergesundheit-und-tierwohl\/","url":"https:\/\/dockaas.webba11.projectlocatie.nl\/de\/nachhaltige-landwirtschaft\/milkmaster\/tiergesundheit-und-tierwohl\/","name":"Tiergesundheit und Tierwohl - DOC Kaas U.A.","isPartOf":{"@id":"https:\/\/dockaas.webba11.projectlocatie.nl\/#website"},"datePublished":"2022-02-22T12:18:43+00:00","dateModified":"2022-10-10T13:20:05+00:00","description":"Die Tiergesundheit und Tierschutz sind von gr\u00f6\u00dfter Bedeutung. Und das beginnt bei der Wade. Lesen Sie weiter.","breadcrumb":{"@id":"https:\/\/dockaas.webba11.projectlocatie.nl\/de\/nachhaltige-landwirtschaft\/milkmaster\/tiergesundheit-und-tierwohl\/#breadcrumb"},"inLanguage":"de-DE","potentialAction":[{"@type":"ReadAction","target":["https:\/\/dockaas.webba11.projectlocatie.nl\/de\/nachhaltige-landwirtschaft\/milkmaster\/tiergesundheit-und-tierwohl\/"]}]},{"@type":"BreadcrumbList","@id":"https:\/\/dockaas.webba11.projectlocatie.nl\/de\/nachhaltige-landwirtschaft\/milkmaster\/tiergesundheit-und-tierwohl\/#breadcrumb","itemListElement":[{"@type":"ListItem","position":1,"name":"Home","item":"https:\/\/dockaas.webba11.projectlocatie.nl\/de\/"},{"@type":"ListItem","position":2,"name":"Nachhaltige Landwirtschaft","item":"https:\/\/dockaas.webba11.projectlocatie.nl\/de\/nachhaltige-landwirtschaft\/"},{"@type":"ListItem","position":3,"name":"Milkmaster","item":"https:\/\/dockaas.webba11.projectlocatie.nl\/de\/nachhaltige-landwirtschaft\/milkmaster\/"},{"@type":"ListItem","position":4,"name":"Tiergesundheit und Tierwohl"}]},{"@type":"WebSite","@id":"https:\/\/dockaas.webba11.projectlocatie.nl\/#website","url":"https:\/\/dockaas.webba11.projectlocatie.nl\/","name":"DOC Kaas U.A.","description":"Van, voor en door de leden!","potentialAction":[{"@type":"SearchAction","target":{"@type":"EntryPoint","urlTemplate":"https:\/\/dockaas.webba11.projectlocatie.nl\/?s={search_term_string}"},"query-input":{"@type":"PropertyValueSpecification","valueRequired":true,"valueName":"search_term_string"}}],"inLanguage":"de-DE"}]}},"_links":{"self":[{"href":"https:\/\/dockaas.webba11.projectlocatie.nl\/de\/wp-json\/wp\/v2\/pages\/1445","targetHints":{"allow":["GET"]}}],"collection":[{"href":"https:\/\/dockaas.webba11.projectlocatie.nl\/de\/wp-json\/wp\/v2\/pages"}],"about":[{"href":"https:\/\/dockaas.webba11.projectlocatie.nl\/de\/wp-json\/wp\/v2\/types\/page"}],"author":[{"embeddable":true,"href":"https:\/\/dockaas.webba11.projectlocatie.nl\/de\/wp-json\/wp\/v2\/users\/2"}],"replies":[{"embeddable":true,"href":"https:\/\/dockaas.webba11.projectlocatie.nl\/de\/wp-json\/wp\/v2\/comments?post=1445"}],"version-history":[{"count":69,"href":"https:\/\/dockaas.webba11.projectlocatie.nl\/de\/wp-json\/wp\/v2\/pages\/1445\/revisions"}],"predecessor-version":[{"id":7103,"href":"https:\/\/dockaas.webba11.projectlocatie.nl\/de\/wp-json\/wp\/v2\/pages\/1445\/revisions\/7103"}],"up":[{"embeddable":true,"href":"https:\/\/dockaas.webba11.projectlocatie.nl\/de\/wp-json\/wp\/v2\/pages\/1440"}],"wp:attachment":[{"href":"https:\/\/dockaas.webba11.projectlocatie.nl\/de\/wp-json\/wp\/v2\/media?parent=1445"}],"curies":[{"name":"wp","href":"https:\/\/api.w.org\/{rel}","templated":true}]}}