{"id":1472,"date":"2022-03-18T14:18:13","date_gmt":"2022-03-18T14:18:13","guid":{"rendered":"https:\/\/doc-kaas-ua.ddev.site\/?page_id=1472"},"modified":"2022-05-11T09:39:51","modified_gmt":"2022-05-11T09:39:51","slug":"babynahrung","status":"publish","type":"page","link":"https:\/\/dockaas.webba11.projectlocatie.nl\/de\/dmk-group\/babynahrung\/","title":{"rendered":"Babynahrung"},"content":{"rendered":"<style>\n    .hero {\n        background-image:linear-gradient(to right, rgba(248, 253, 255, 1), rgba(248, 253, 255, 1), rgba(0, 0, 0, 0)),url(' https:\/\/dockaas.webba11.projectlocatie.nl\/app\/uploads\/2022\/05\/Babyvoeding.jpg ');\n    }\n\n    @media (max-width: 1024px) {\n        .hero {\n            background-image:linear-gradient(to top, rgba(248, 253, 255, 1), rgba(248, 253, 255, 0.95), rgba(0, 0, 0, 0)),url(' https:\/\/dockaas.webba11.projectlocatie.nl\/app\/uploads\/2022\/05\/Babyvoeding.jpg ');\n        }\n    }\n<\/style>\n\n<section class=\"hero !bg-no-repeat !bg-cover !bg-center flex items-center\">\n    <div class=\"top-0 left-0 h-full w-full relative px-4 pt-36\">\n        <div class=\"container mx-auto\">\n            <div class=\"hero-title\">\n                                <h1 class=\"pl-8 pr-0 lg:pr-8 border-l-5 md:border-l-10 border-secondary text-[2.75rem] md:text-[4rem] leading-tight text-primary-light break-normal\"><p><strong>Babynahrung<\/strong><\/p>\n<\/h1>\n                                \n                \n            <\/div>\n        <\/div>\n\n                <div class=\"container mx-auto py-6 lg:px-10 text-grey mt-24\">\n            <p id=\"breadcrumbs\"><span><span><a href=\"https:\/\/dockaas.webba11.projectlocatie.nl\/de\/\">Home<\/a><\/span><\/span><\/p>        <\/div>\n        \n    <\/div>\n<\/section>\n\n\n\n<section  class=\"py-16 bg-lighter\">\n\n         \n        \n    \n    <div class=\"w-full lg:w-[55rem] flex flex-col gap-6 content px-4 m-auto\">\n\n                <div class=\"text-primary-light text-[2.75rem] relative after:content[''] after:h-0.5 after:w-24 after:bg-secondary after:absolute after:mt-2 leading-tight break-normal title\">\n            <p>F\u00fcr Ihr <strong>Baby nur das Beste.<\/strong><\/p>\n\n        <\/div>\n        \n                <div class=\"text-grey leading-7 font-light\">\n            <p><em><strong>Tag f\u00fcr Tag verlassen sich Eltern in rund 50 L\u00e4ndern der Welt auf unsere Babynahrung. Mit unserem Milchpulver und unserer Spezialnahrung f\u00fcr S\u00e4uglinge und Kleinkinder sind wir ein zuverl\u00e4ssiger Partner, wenn es um hochwertige und innovative Babynahrung geht.<\/strong><\/em><\/p>\n<p>&nbsp;<\/p>\n<p>1950 brachte Humana die erste adaptierte S\u00e4uglingsmilch auf den deutschen Markt. Seitdem gilt die Marke als Garant f\u00fcr Qualit\u00e4t und Innovation. Humana bietet au\u00dfer der traditionellen Milch- und Spezialnahrung f\u00fcr S\u00e4uglinge und Kleinkinder auch Cerealien, Glaskost f\u00fcr Babys, Desserts und S\u00e4fte sowie Nahrungserg\u00e4nzungsmittel f\u00fcr Babys und stillende M\u00fctter an.<\/p>\n\n        <\/div>\n        \n            <\/div>\n\n            <\/section>\n\n\n<section  class=\"my-16 lg:my-20 flex gap-10 2xl:gap-32 flex-col-reverse lg:flex-row-reverse items-end lg:items-center\">\n    <div class=\"bg-light w-full h-full z-[1] relative rounded-l-full pr-8 pl-4 sm:pr-10 sm:pl-8 xl:pr-56 xl:pl-0 md:w-2\/3 xl:w-1\/2 2xl:w-2\/5 py-12 flex justify-start\">\n        <span class=\"relative w-full before:z-0 before:content[''] before:w-1\/2 before:h-56 before:w-1\/2 before:xl:h-60 before:bg-secondary before:absolute before:rounded-xl flex before:-translate-y-3 before:translate-x-3 before:md:-translate-y-4 before:md:translate-x-4 before:-right-0 justify-end md:w-[31.25rem]\">\n        <img decoding=\"async\" src=\" https:\/\/dockaas.webba11.projectlocatie.nl\/app\/uploads\/2022\/05\/Babyvoeding-min-scaled-e1652261360260.jpg \" alt=\"Babynahrung\" class=\"w-full h-full rounded-xl object-cover relative h-[38.75rem] lg:w-[31.25rem]\" \/>\n        <\/span>\n    <\/div>\n\n    <div class=\"px-12 sm:px-16 md:px-24 w-full flex flex-col justify-center gap-6 xl:pr-0 lg:pl-16 xl:pl-56 xl:w-1\/2 2xl:w-3\/5\">\n                <h2 class=\"px-4 border-l-5 md:border-l-8 border-secondary text-[2rem] md:text-[2.75rem] leading-tight text-primary-light w-full max-w-none xl:max-w-[44rem] title\"><p>Auch f\u00fcr Babys <strong>mit besonderen Ern\u00e4hrungsbed\u00fcrfnissen.<\/strong><\/p>\n<\/h2>\n                        <div class=\"text-grey w-full max-w-none xl:max-w-[44rem] leading-7 relative font-light mt-4 xl:pl-8 xl:pr-8\">\n            <p>Wir arbeiten seit je mit \u00c4rzten, Hebammen und Wissenschaftlern zusammen, um mehr \u00fcber die Bed\u00fcrfnisse von S\u00e4uglingen und Kleinkindern zu erfahren. Darum haben wir auch ein breites Sortiment f\u00fcr Babys mit besonderen Ern\u00e4hrungsbed\u00fcrfnissen entwickelt \u2013 f\u00fcr eine gute Ern\u00e4hrung ab dem ersten Lebenstag.<\/p>\n\n        <\/div>\n        \n                <div class=\"mt-4 flex flex-wrap items-center gap-4 lg:gap-6 lg:pl-8\">\n                            \n                                \n                <a href=\"https:\/\/www.dmk.de\/\" class=\"text-white bg-primary-light font-bold px-10 py-3 rounded-full flex justify-center w-full xs:w-max group\" target=\"_blank\">\n    Lesen Sie mehr \u00fcber unsere Babynahrung\n                    <svg class=\"w-6 h-6 transition-all opacity-0 -ml-6 -translate-x-6 group-hover:ml-0 group-hover:opacity-100 group-hover:translate-x-2\"\n                        aria-hidden=\"true\" focusable=\"false\" data-prefix=\"fal\" data-icon=\"long-arrow-right\" class=\"svg-inline--fa fa-long-arrow-right fa-w-14\" role=\"img\" xmlns=\"http:\/\/www.w3.org\/2000\/svg\" viewBox=\"0 0 448 512\"><path fill=\"currentColor\" d=\"M311.03 131.515l-7.071 7.07c-4.686 4.686-4.686 12.284 0 16.971L387.887 239H12c-6.627 0-12 5.373-12 12v10c0 6.627 5.373 12 12 12h375.887l-83.928 83.444c-4.686 4.686-4.686 12.284 0 16.971l7.071 7.07c4.686 4.686 12.284 4.686 16.97 0l116.485-116c4.686-4.686 4.686-12.284 0-16.971L328 131.515c-4.686-4.687-12.284-4.687-16.97 0z\"><\/path><\/svg>\n<\/a>\n\n                                    <\/div>\n            <\/div>\n<\/section>\n\n\n<section class=\"py-16 bg-light\">\n    <div class=\"container mx-auto px-4\">\n        <div><h2 style=\"text-align: center;\">Was die <strong>DMK Group tut<\/strong><\/h2>\n<\/div>\n        <div class=\"font-light text-grey\"><p style=\"text-align: center;\">Die Kernkompetenzen auf einen Blick!<\/p>\n<\/div>\n\n                <div class=\"swiper rounded-lg mt-10 blocks\">\n            <div class=\"swiper-wrapper\">\n\n                                \n                                \n                <a href=\"https:\/\/doc-kaas-ua.ddev.site\/de\/dmk-group\/kaese\/\" class=\"h-72 text-white group overflow-hidden swiper-slide\">\n                    <img decoding=\"async\" src=\" https:\/\/dockaas.webba11.projectlocatie.nl\/app\/uploads\/2022\/03\/Fondue-Vollmert_06193.jpg \" class=\"w-full h-full object-cover group-hover:scale-110 transition-all\" alt=\"Babynahrung\" \/>\n                    <div class=\"absolute top-0 p-8 w-full h-full bg-gradient-to-r from-black\/30 to-black\/30 group-hover:from-black\/40 group-hover:to-black\/40 flex flex-col justify-between\">\n                        <div class=\"text-[1.75rem]\">\n                        <p><strong>K\u00e4se<\/strong><\/p>\n\n                        <\/div>\n                        <button class=\"font-bold flex items-center gap-3 text-[1.563]\">\n                            K\u00e4se\n                            <svg class=\"bg-contain bg-no-repeat group-hover:translate-x-3 transition\"\n                                xmlns=\"http:\/\/www.w3.org\/2000\/svg\" width=\"51.811\" height=\"13.865\" viewBox=\"0 0 51.811 13.865\">\n                                <g id=\"Group_239\" data-name=\"Group 239\" transform=\"translate(-1380.15 -1151.795)\">\n                                    <path id=\"Path_66\" data-name=\"Path 66\" d=\"M5367.9,1162.728h50\" transform=\"translate(-3987 -4)\" fill=\"none\" stroke=\"currentColor\" stroke-linecap=\"round\" stroke-width=\"1.5\"\/>\n                                    <path id=\"Path_67\" data-name=\"Path 67\" d=\"M5421.662,1157.492l5.872,5.872-5.872,5.872\" transform=\"translate(-3996.634 -4.636)\" fill=\"none\" stroke=\"currentColor\" stroke-linecap=\"round\" stroke-width=\"1.5\"\/>\n                                <\/g>\n                            <\/svg>\n                        <\/button>\n                    <\/div>\n                <\/a>\n                \n                                \n                                \n                <a href=\"https:\/\/doc-kaas-ua.ddev.site\/de\/dmk-group\/milchprodukte\/\" class=\"h-72 text-white group overflow-hidden swiper-slide\">\n                    <img decoding=\"async\" src=\" https:\/\/dockaas.webba11.projectlocatie.nl\/app\/uploads\/2022\/03\/Mozzarella-Vollmert_05931.jpg \" class=\"w-full h-full object-cover group-hover:scale-110 transition-all\" alt=\"Babynahrung\" \/>\n                    <div class=\"absolute top-0 p-8 w-full h-full bg-gradient-to-r from-black\/30 to-black\/30 group-hover:from-black\/40 group-hover:to-black\/40 flex flex-col justify-between\">\n                        <div class=\"text-[1.75rem]\">\n                        <p><strong>Milchprodukte<\/strong><\/p>\n\n                        <\/div>\n                        <button class=\"font-bold flex items-center gap-3 text-[1.563]\">\n                            Milchprodukte\n                            <svg class=\"bg-contain bg-no-repeat group-hover:translate-x-3 transition\"\n                                xmlns=\"http:\/\/www.w3.org\/2000\/svg\" width=\"51.811\" height=\"13.865\" viewBox=\"0 0 51.811 13.865\">\n                                <g id=\"Group_239\" data-name=\"Group 239\" transform=\"translate(-1380.15 -1151.795)\">\n                                    <path id=\"Path_66\" data-name=\"Path 66\" d=\"M5367.9,1162.728h50\" transform=\"translate(-3987 -4)\" fill=\"none\" stroke=\"currentColor\" stroke-linecap=\"round\" stroke-width=\"1.5\"\/>\n                                    <path id=\"Path_67\" data-name=\"Path 67\" d=\"M5421.662,1157.492l5.872,5.872-5.872,5.872\" transform=\"translate(-3996.634 -4.636)\" fill=\"none\" stroke=\"currentColor\" stroke-linecap=\"round\" stroke-width=\"1.5\"\/>\n                                <\/g>\n                            <\/svg>\n                        <\/button>\n                    <\/div>\n                <\/a>\n                \n                                \n                                \n                <a href=\"https:\/\/doc-kaas-ua.ddev.site\/de\/dmk-group\/ingredients\/\" class=\"h-72 text-white group overflow-hidden swiper-slide\">\n                    <img decoding=\"async\" src=\" https:\/\/dockaas.webba11.projectlocatie.nl\/app\/uploads\/2022\/03\/Team_Edewecht_Titel_09.jpg \" class=\"w-full h-full object-cover group-hover:scale-110 transition-all\" alt=\"Babynahrung\" \/>\n                    <div class=\"absolute top-0 p-8 w-full h-full bg-gradient-to-r from-black\/30 to-black\/30 group-hover:from-black\/40 group-hover:to-black\/40 flex flex-col justify-between\">\n                        <div class=\"text-[1.75rem]\">\n                        <p><strong>Ingredients<\/strong><\/p>\n\n                        <\/div>\n                        <button class=\"font-bold flex items-center gap-3 text-[1.563]\">\n                            Ingredients\n                            <svg class=\"bg-contain bg-no-repeat group-hover:translate-x-3 transition\"\n                                xmlns=\"http:\/\/www.w3.org\/2000\/svg\" width=\"51.811\" height=\"13.865\" viewBox=\"0 0 51.811 13.865\">\n                                <g id=\"Group_239\" data-name=\"Group 239\" transform=\"translate(-1380.15 -1151.795)\">\n                                    <path id=\"Path_66\" data-name=\"Path 66\" d=\"M5367.9,1162.728h50\" transform=\"translate(-3987 -4)\" fill=\"none\" stroke=\"currentColor\" stroke-linecap=\"round\" stroke-width=\"1.5\"\/>\n                                    <path id=\"Path_67\" data-name=\"Path 67\" d=\"M5421.662,1157.492l5.872,5.872-5.872,5.872\" transform=\"translate(-3996.634 -4.636)\" fill=\"none\" stroke=\"currentColor\" stroke-linecap=\"round\" stroke-width=\"1.5\"\/>\n                                <\/g>\n                            <\/svg>\n                        <\/button>\n                    <\/div>\n                <\/a>\n                \n                                \n                                \n                <a href=\"https:\/\/doc-kaas-ua.ddev.site\/de\/dmk-group\/speiseeis\/\" class=\"h-72 text-white group overflow-hidden swiper-slide\">\n                    <img decoding=\"async\" src=\" https:\/\/dockaas.webba11.projectlocatie.nl\/app\/uploads\/2022\/03\/IJs-Vollmert_05355.jpg \" class=\"w-full h-full object-cover group-hover:scale-110 transition-all\" alt=\"Babynahrung\" \/>\n                    <div class=\"absolute top-0 p-8 w-full h-full bg-gradient-to-r from-black\/30 to-black\/30 group-hover:from-black\/40 group-hover:to-black\/40 flex flex-col justify-between\">\n                        <div class=\"text-[1.75rem]\">\n                        <p><strong>Speiseeis<\/strong><\/p>\n\n                        <\/div>\n                        <button class=\"font-bold flex items-center gap-3 text-[1.563]\">\n                            Speiseeis\n                            <svg class=\"bg-contain bg-no-repeat group-hover:translate-x-3 transition\"\n                                xmlns=\"http:\/\/www.w3.org\/2000\/svg\" width=\"51.811\" height=\"13.865\" viewBox=\"0 0 51.811 13.865\">\n                                <g id=\"Group_239\" data-name=\"Group 239\" transform=\"translate(-1380.15 -1151.795)\">\n                                    <path id=\"Path_66\" data-name=\"Path 66\" d=\"M5367.9,1162.728h50\" transform=\"translate(-3987 -4)\" fill=\"none\" stroke=\"currentColor\" stroke-linecap=\"round\" stroke-width=\"1.5\"\/>\n                                    <path id=\"Path_67\" data-name=\"Path 67\" d=\"M5421.662,1157.492l5.872,5.872-5.872,5.872\" transform=\"translate(-3996.634 -4.636)\" fill=\"none\" stroke=\"currentColor\" stroke-linecap=\"round\" stroke-width=\"1.5\"\/>\n                                <\/g>\n                            <\/svg>\n                        <\/button>\n                    <\/div>\n                <\/a>\n                \n                                \n                                \n                <a href=\"https:\/\/doc-kaas-ua.ddev.site\/de\/dmk-group\/futtermittel\/\" class=\"h-72 text-white group overflow-hidden swiper-slide\">\n                    <img decoding=\"async\" src=\" https:\/\/dockaas.webba11.projectlocatie.nl\/app\/uploads\/2022\/03\/Kalf-Vollmert_R9A1317.jpg \" class=\"w-full h-full object-cover group-hover:scale-110 transition-all\" alt=\"Babynahrung\" \/>\n                    <div class=\"absolute top-0 p-8 w-full h-full bg-gradient-to-r from-black\/30 to-black\/30 group-hover:from-black\/40 group-hover:to-black\/40 flex flex-col justify-between\">\n                        <div class=\"text-[1.75rem]\">\n                        <p><strong>Futtermittel<\/strong><\/p>\n\n                        <\/div>\n                        <button class=\"font-bold flex items-center gap-3 text-[1.563]\">\n                            Futtermittel\n                            <svg class=\"bg-contain bg-no-repeat group-hover:translate-x-3 transition\"\n                                xmlns=\"http:\/\/www.w3.org\/2000\/svg\" width=\"51.811\" height=\"13.865\" viewBox=\"0 0 51.811 13.865\">\n                                <g id=\"Group_239\" data-name=\"Group 239\" transform=\"translate(-1380.15 -1151.795)\">\n                                    <path id=\"Path_66\" data-name=\"Path 66\" d=\"M5367.9,1162.728h50\" transform=\"translate(-3987 -4)\" fill=\"none\" stroke=\"currentColor\" stroke-linecap=\"round\" stroke-width=\"1.5\"\/>\n                                    <path id=\"Path_67\" data-name=\"Path 67\" d=\"M5421.662,1157.492l5.872,5.872-5.872,5.872\" transform=\"translate(-3996.634 -4.636)\" fill=\"none\" stroke=\"currentColor\" stroke-linecap=\"round\" stroke-width=\"1.5\"\/>\n                                <\/g>\n                            <\/svg>\n                        <\/button>\n                    <\/div>\n                <\/a>\n                \n                \n            <\/div>\n\n            <div class=\"swiper-navigation flex justify-between gap-3 top-[7.5rem] absolute w-full\">\n                <div class=\"swiper-button-prev shadow-lg\"><\/div>\n                <div class=\"swiper-button-next shadow-lg\"><\/div>\n            <\/div>\n        <\/div>\n        \n    <\/div>\n<\/section>\n","protected":false},"excerpt":{"rendered":"","protected":false},"author":4,"featured_media":0,"parent":1454,"menu_order":2,"comment_status":"closed","ping_status":"closed","template":"","meta":{"_acf_changed":false,"inline_featured_image":false,"footnotes":""},"class_list":["post-1472","page","type-page","status-publish","hentry"],"acf":[],"yoast_head":"<!-- This site is optimized with the Yoast SEO plugin v25.3.1 - https:\/\/yoast.com\/wordpress\/plugins\/seo\/ -->\n<title>Babynahrung - DOC Kaas U.A.<\/title>\n<meta name=\"description\" content=\"Mit der DMK Group entwickeln wir hochwertige und innovative Babynahrung f\u00fcr Ihr Baby. M\u00f6chten Sie mehr erfahren? Lesen Sie weiter.\" \/>\n<meta name=\"robots\" content=\"noindex, follow, max-snippet:-1, max-image-preview:large, max-video-preview:-1\" \/>\n<meta property=\"og:locale\" content=\"de_DE\" \/>\n<meta property=\"og:type\" content=\"article\" \/>\n<meta property=\"og:title\" content=\"Babynahrung - DOC Kaas U.A.\" \/>\n<meta property=\"og:description\" content=\"Mit der DMK Group entwickeln wir hochwertige und innovative Babynahrung f\u00fcr Ihr Baby. M\u00f6chten Sie mehr erfahren? Lesen Sie weiter.\" \/>\n<meta property=\"og:url\" content=\"https:\/\/dockaas.webba11.projectlocatie.nl\/de\/dmk-group\/babynahrung\/\" \/>\n<meta property=\"og:site_name\" content=\"DOC Kaas U.A.\" \/>\n<meta property=\"article:modified_time\" content=\"2022-05-11T09:39:51+00:00\" \/>\n<meta name=\"twitter:card\" content=\"summary_large_image\" \/>\n<script type=\"application\/ld+json\" class=\"yoast-schema-graph\">{\"@context\":\"https:\/\/schema.org\",\"@graph\":[{\"@type\":\"WebPage\",\"@id\":\"https:\/\/dockaas.webba11.projectlocatie.nl\/de\/dmk-group\/babynahrung\/\",\"url\":\"https:\/\/dockaas.webba11.projectlocatie.nl\/de\/dmk-group\/babynahrung\/\",\"name\":\"Babynahrung - DOC Kaas U.A.\",\"isPartOf\":{\"@id\":\"https:\/\/dockaas.webba11.projectlocatie.nl\/#website\"},\"datePublished\":\"2022-03-18T14:18:13+00:00\",\"dateModified\":\"2022-05-11T09:39:51+00:00\",\"description\":\"Mit der DMK Group entwickeln wir hochwertige und innovative Babynahrung f\u00fcr Ihr Baby. M\u00f6chten Sie mehr erfahren? Lesen Sie weiter.\",\"breadcrumb\":{\"@id\":\"https:\/\/dockaas.webba11.projectlocatie.nl\/de\/dmk-group\/babynahrung\/#breadcrumb\"},\"inLanguage\":\"de-DE\",\"potentialAction\":[{\"@type\":\"ReadAction\",\"target\":[\"https:\/\/dockaas.webba11.projectlocatie.nl\/de\/dmk-group\/babynahrung\/\"]}]},{\"@type\":\"BreadcrumbList\",\"@id\":\"https:\/\/dockaas.webba11.projectlocatie.nl\/de\/dmk-group\/babynahrung\/#breadcrumb\",\"itemListElement\":[{\"@type\":\"ListItem\",\"position\":1,\"name\":\"Home\",\"item\":\"https:\/\/dockaas.webba11.projectlocatie.nl\/de\/\"},{\"@type\":\"ListItem\",\"position\":2,\"name\":\"DMK Group\",\"item\":\"https:\/\/dockaas.webba11.projectlocatie.nl\/de\/dmk-group\/\"},{\"@type\":\"ListItem\",\"position\":3,\"name\":\"Babynahrung\"}]},{\"@type\":\"WebSite\",\"@id\":\"https:\/\/dockaas.webba11.projectlocatie.nl\/#website\",\"url\":\"https:\/\/dockaas.webba11.projectlocatie.nl\/\",\"name\":\"DOC Kaas U.A.\",\"description\":\"Van, voor en door de leden!\",\"potentialAction\":[{\"@type\":\"SearchAction\",\"target\":{\"@type\":\"EntryPoint\",\"urlTemplate\":\"https:\/\/dockaas.webba11.projectlocatie.nl\/?s={search_term_string}\"},\"query-input\":{\"@type\":\"PropertyValueSpecification\",\"valueRequired\":true,\"valueName\":\"search_term_string\"}}],\"inLanguage\":\"de-DE\"}]}<\/script>\n<!-- \/ Yoast SEO plugin. -->","yoast_head_json":{"title":"Babynahrung - DOC Kaas U.A.","description":"Mit der DMK Group entwickeln wir hochwertige und innovative Babynahrung f\u00fcr Ihr Baby. M\u00f6chten Sie mehr erfahren? Lesen Sie weiter.","robots":{"index":"noindex","follow":"follow","max-snippet":"max-snippet:-1","max-image-preview":"max-image-preview:large","max-video-preview":"max-video-preview:-1"},"og_locale":"de_DE","og_type":"article","og_title":"Babynahrung - DOC Kaas U.A.","og_description":"Mit der DMK Group entwickeln wir hochwertige und innovative Babynahrung f\u00fcr Ihr Baby. M\u00f6chten Sie mehr erfahren? Lesen Sie weiter.","og_url":"https:\/\/dockaas.webba11.projectlocatie.nl\/de\/dmk-group\/babynahrung\/","og_site_name":"DOC Kaas U.A.","article_modified_time":"2022-05-11T09:39:51+00:00","twitter_card":"summary_large_image","schema":{"@context":"https:\/\/schema.org","@graph":[{"@type":"WebPage","@id":"https:\/\/dockaas.webba11.projectlocatie.nl\/de\/dmk-group\/babynahrung\/","url":"https:\/\/dockaas.webba11.projectlocatie.nl\/de\/dmk-group\/babynahrung\/","name":"Babynahrung - DOC Kaas U.A.","isPartOf":{"@id":"https:\/\/dockaas.webba11.projectlocatie.nl\/#website"},"datePublished":"2022-03-18T14:18:13+00:00","dateModified":"2022-05-11T09:39:51+00:00","description":"Mit der DMK Group entwickeln wir hochwertige und innovative Babynahrung f\u00fcr Ihr Baby. M\u00f6chten Sie mehr erfahren? Lesen Sie weiter.","breadcrumb":{"@id":"https:\/\/dockaas.webba11.projectlocatie.nl\/de\/dmk-group\/babynahrung\/#breadcrumb"},"inLanguage":"de-DE","potentialAction":[{"@type":"ReadAction","target":["https:\/\/dockaas.webba11.projectlocatie.nl\/de\/dmk-group\/babynahrung\/"]}]},{"@type":"BreadcrumbList","@id":"https:\/\/dockaas.webba11.projectlocatie.nl\/de\/dmk-group\/babynahrung\/#breadcrumb","itemListElement":[{"@type":"ListItem","position":1,"name":"Home","item":"https:\/\/dockaas.webba11.projectlocatie.nl\/de\/"},{"@type":"ListItem","position":2,"name":"DMK Group","item":"https:\/\/dockaas.webba11.projectlocatie.nl\/de\/dmk-group\/"},{"@type":"ListItem","position":3,"name":"Babynahrung"}]},{"@type":"WebSite","@id":"https:\/\/dockaas.webba11.projectlocatie.nl\/#website","url":"https:\/\/dockaas.webba11.projectlocatie.nl\/","name":"DOC Kaas U.A.","description":"Van, voor en door de leden!","potentialAction":[{"@type":"SearchAction","target":{"@type":"EntryPoint","urlTemplate":"https:\/\/dockaas.webba11.projectlocatie.nl\/?s={search_term_string}"},"query-input":{"@type":"PropertyValueSpecification","valueRequired":true,"valueName":"search_term_string"}}],"inLanguage":"de-DE"}]}},"_links":{"self":[{"href":"https:\/\/dockaas.webba11.projectlocatie.nl\/de\/wp-json\/wp\/v2\/pages\/1472","targetHints":{"allow":["GET"]}}],"collection":[{"href":"https:\/\/dockaas.webba11.projectlocatie.nl\/de\/wp-json\/wp\/v2\/pages"}],"about":[{"href":"https:\/\/dockaas.webba11.projectlocatie.nl\/de\/wp-json\/wp\/v2\/types\/page"}],"author":[{"embeddable":true,"href":"https:\/\/dockaas.webba11.projectlocatie.nl\/de\/wp-json\/wp\/v2\/users\/4"}],"replies":[{"embeddable":true,"href":"https:\/\/dockaas.webba11.projectlocatie.nl\/de\/wp-json\/wp\/v2\/comments?post=1472"}],"version-history":[{"count":41,"href":"https:\/\/dockaas.webba11.projectlocatie.nl\/de\/wp-json\/wp\/v2\/pages\/1472\/revisions"}],"predecessor-version":[{"id":6359,"href":"https:\/\/dockaas.webba11.projectlocatie.nl\/de\/wp-json\/wp\/v2\/pages\/1472\/revisions\/6359"}],"up":[{"embeddable":true,"href":"https:\/\/dockaas.webba11.projectlocatie.nl\/de\/wp-json\/wp\/v2\/pages\/1454"}],"wp:attachment":[{"href":"https:\/\/dockaas.webba11.projectlocatie.nl\/de\/wp-json\/wp\/v2\/media?parent=1472"}],"curies":[{"name":"wp","href":"https:\/\/api.w.org\/{rel}","templated":true}]}}