{"id":1477,"date":"2022-03-18T14:20:21","date_gmt":"2022-03-18T14:20:21","guid":{"rendered":"https:\/\/doc-kaas-ua.ddev.site\/?page_id=1477"},"modified":"2022-10-10T16:25:09","modified_gmt":"2022-10-10T14:25:09","slug":"ingredients","status":"publish","type":"page","link":"https:\/\/dockaas.webba11.projectlocatie.nl\/de\/dmk-group\/ingredients\/","title":{"rendered":"Ingredients"},"content":{"rendered":"<style>\n    .hero {\n        background-image:linear-gradient(to right, rgba(248, 253, 255, 1), rgba(248, 253, 255, 1), rgba(0, 0, 0, 0)),url(' https:\/\/dockaas.webba11.projectlocatie.nl\/app\/uploads\/2022\/04\/csm_stage_04eb21e5d7.jpeg ');\n    }\n\n    @media (max-width: 1024px) {\n        .hero {\n            background-image:linear-gradient(to top, rgba(248, 253, 255, 1), rgba(248, 253, 255, 0.95), rgba(0, 0, 0, 0)),url(' https:\/\/dockaas.webba11.projectlocatie.nl\/app\/uploads\/2022\/04\/csm_stage_04eb21e5d7.jpeg ');\n        }\n    }\n<\/style>\n\n<section class=\"hero !bg-no-repeat !bg-cover !bg-center flex items-center\">\n    <div class=\"top-0 left-0 h-full w-full relative px-4 pt-36\">\n        <div class=\"container mx-auto\">\n            <div class=\"hero-title\">\n                                <h1 class=\"pl-8 pr-0 lg:pr-8 border-l-5 md:border-l-10 border-secondary text-[2.75rem] md:text-[4rem] leading-tight text-primary-light break-normal\"><p><strong>Ingredients<\/strong><\/p>\n<\/h1>\n                                \n                \n            <\/div>\n        <\/div>\n\n                <div class=\"container mx-auto py-6 lg:px-10 text-grey mt-24\">\n            <p id=\"breadcrumbs\"><span><span><a href=\"https:\/\/dockaas.webba11.projectlocatie.nl\/de\/\">Home<\/a><\/span><\/span><\/p>        <\/div>\n        \n    <\/div>\n<\/section>\n\n\n\n<section  class=\"my-16 lg:my-20 flex gap-10 2xl:gap-32 flex-col-reverse lg:flex-row-reverse items-end lg:items-center\">\n    <div class=\"bg-light w-full h-full z-[1] relative rounded-l-full pr-8 pl-4 sm:pr-10 sm:pl-8 xl:pr-56 xl:pl-0 md:w-2\/3 xl:w-1\/2 2xl:w-2\/5 py-12 flex justify-start\">\n        <span class=\"relative w-full before:z-0 before:content[''] before:w-1\/2 before:h-56 before:w-1\/2 before:xl:h-60 before:bg-secondary before:absolute before:rounded-xl flex before:-translate-y-3 before:translate-x-3 before:md:-translate-y-4 before:md:translate-x-4 before:-right-0 justify-end md:w-[31.25rem]\">\n        <img decoding=\"async\" src=\" https:\/\/dockaas.webba11.projectlocatie.nl\/app\/uploads\/2022\/03\/Team_Edewecht_Titel_09.jpg \" alt=\"Ingredients\" class=\"w-full h-full rounded-xl object-cover relative h-[38.75rem] lg:w-[31.25rem]\" \/>\n        <\/span>\n    <\/div>\n\n    <div class=\"px-12 sm:px-16 md:px-24 w-full flex flex-col justify-center gap-6 xl:pr-0 lg:pl-16 xl:pl-56 xl:w-1\/2 2xl:w-3\/5\">\n                <h2 class=\"px-4 border-l-5 md:border-l-8 border-secondary text-[2rem] md:text-[2.75rem] leading-tight text-primary-light w-full max-w-none xl:max-w-[44rem] title\"><p>F\u00fcr jede Lebensphase,<strong> f\u00fcr jeden Tag und f\u00fcr den besonderen Genuss.<\/strong><\/p>\n<\/h2>\n                        <div class=\"text-grey w-full max-w-none xl:max-w-[44rem] leading-7 relative font-light mt-4 xl:pl-8 xl:pr-8\">\n            <p><em><strong>Unsere Rohstoffe sind Milch erster G\u00fcte \u2013 und pflanzliche Alternativen. Diese konzentrieren und extrahieren wir. So verst\u00e4rken wir ihre Kraft. Daraus stellen wir die perfekten Zutaten her. <\/strong><\/em><\/p>\n<p>&nbsp;<\/p>\n<p>Wir bieten unseren Kunden in der Nahrungsmittelindustrie Milch-, Molke- und Pflanzenprodukte. Gemeinsam entwickeln wir die perfekte L\u00f6sung f\u00fcr jede Anwendung. Dabei behalten wir den Markt st\u00e4ndig im Auge. Indem wir Trends und Entwicklungen fr\u00fchzeitig erkennen, k\u00f6nnen wir aktiv zur Marktgestaltung beitragen und Milchprodukte sowie pflanzliche Alternativen f\u00fcr die Zukunft st\u00e4rken.<\/p>\n\n        <\/div>\n        \n                <div class=\"mt-4 flex flex-wrap items-center gap-4 lg:gap-6 lg:pl-8\">\n                            \n                                \n                <a href=\"http:\/\/www.dmk.de\/\" class=\"text-white bg-primary-light font-bold px-10 py-3 rounded-full flex justify-center w-full xs:w-max group\" target=\"_blank\">\n    Lesen Sie mehr \u00fcber unsere Inhaltsstoffe\n                    <svg class=\"w-6 h-6 transition-all opacity-0 -ml-6 -translate-x-6 group-hover:ml-0 group-hover:opacity-100 group-hover:translate-x-2\"\n                        aria-hidden=\"true\" focusable=\"false\" data-prefix=\"fal\" data-icon=\"long-arrow-right\" class=\"svg-inline--fa fa-long-arrow-right fa-w-14\" role=\"img\" xmlns=\"http:\/\/www.w3.org\/2000\/svg\" viewBox=\"0 0 448 512\"><path fill=\"currentColor\" d=\"M311.03 131.515l-7.071 7.07c-4.686 4.686-4.686 12.284 0 16.971L387.887 239H12c-6.627 0-12 5.373-12 12v10c0 6.627 5.373 12 12 12h375.887l-83.928 83.444c-4.686 4.686-4.686 12.284 0 16.971l7.071 7.07c4.686 4.686 12.284 4.686 16.97 0l116.485-116c4.686-4.686 4.686-12.284 0-16.971L328 131.515c-4.686-4.687-12.284-4.687-16.97 0z\"><\/path><\/svg>\n<\/a>\n\n                                    <\/div>\n            <\/div>\n<\/section>\n\n\n<section  class=\"py-16 bg-light\">\n\n         \n        \n    \n    <div class=\"w-full lg:w-[55rem] flex flex-col gap-6 content px-4 m-auto\">\n\n                <div class=\"text-primary-light text-[2.75rem] relative after:content[''] after:h-0.5 after:w-24 after:bg-secondary after:absolute after:mt-2 leading-tight break-normal title\">\n            <p><strong>Wheyco\u00a0 <img loading=\"lazy\" decoding=\"async\" class=\"alignnone wp-image-4383\" src=\"https:\/\/doc-kaas-ua.ddev.site\/app\/uploads\/2022\/04\/wheyco-300x208.png\" alt=\"\" width=\"72\" height=\"50\" srcset=\"https:\/\/dockaas.webba11.projectlocatie.nl\/app\/uploads\/2022\/04\/wheyco-300x208.png 300w, https:\/\/dockaas.webba11.projectlocatie.nl\/app\/uploads\/2022\/04\/wheyco.png 320w\" sizes=\"auto, (max-width: 72px) 100vw, 72px\" \/><\/strong><\/p>\n\n        <\/div>\n        \n                <div class=\"text-grey leading-7 font-light\">\n            <p><strong><em>That\u00b4s whey better<\/em><\/strong><\/p>\n<p>Molke ist ein Nebenprodukt, das bei der K\u00e4seherstellung anf\u00e4llt. Daraus stellt wheyco Molkenderivate, Molkenproteine, Laktose und Permeate her. Diese Substanzen sind in mehreren Hinsichten wertvoll f\u00fcr die Nahrungsmittelindustrie; sie werden unter anderem in Sport-, Di\u00e4t- und Seniorennahrung, aber auch in Backwaren, Schokolade und Futtermitteln verarbeitet. Sie verleihen den Lebensmitteln Aroma, Geschmack, Textur, Bissfestigkeit, Cremigkeit, Saftigkeit und bessere Br\u00e4unungseigenschaften. Dar\u00fcber hinaus machen sie unerw\u00fcnschte und k\u00fcnstliche Zutaten \u00fcberfl\u00fcssig.<\/p>\n\n        <\/div>\n        \n            <\/div>\n\n            <\/section>\n\n\n<section  class=\"py-16 bg-lighter\">\n\n         \n        \n    \n    <div class=\"w-full lg:w-[55rem] flex flex-col gap-6 content px-4 m-auto\">\n\n                <div class=\"text-primary-light text-[2.75rem] relative after:content[''] after:h-0.5 after:w-24 after:bg-secondary after:absolute after:mt-2 leading-tight break-normal title\">\n            <p><strong>DP Supply\u00a0 <img loading=\"lazy\" decoding=\"async\" class=\"alignnone wp-image-4387\" src=\"https:\/\/doc-kaas-ua.ddev.site\/app\/uploads\/2022\/04\/dp_suppy_4c-2-300x259.png\" alt=\"\" width=\"58\" height=\"50\" srcset=\"https:\/\/dockaas.webba11.projectlocatie.nl\/app\/uploads\/2022\/04\/dp_suppy_4c-2-300x259.png 300w, https:\/\/dockaas.webba11.projectlocatie.nl\/app\/uploads\/2022\/04\/dp_suppy_4c-2-1024x883.png 1024w, https:\/\/dockaas.webba11.projectlocatie.nl\/app\/uploads\/2022\/04\/dp_suppy_4c-2-768x662.png 768w, https:\/\/dockaas.webba11.projectlocatie.nl\/app\/uploads\/2022\/04\/dp_suppy_4c-2.png 1181w\" sizes=\"auto, (max-width: 58px) 100vw, 58px\" \/><\/strong><\/p>\n\n        <\/div>\n        \n                <div class=\"text-grey leading-7 font-light\">\n            <p><strong><em>Daily non-dairy<\/em><\/strong><\/p>\n<p>DP Supply ist auf die Herstellung pflanzlicher Zutaten f\u00fcr die Nahrungsmittelindustrie spezialisiert. Unser komplettes Sortiment von (h\u00e4ufig veganen) Fettemulsionen umfasst Zutaten f\u00fcr die unterschiedlichsten Anwendungen. Beispielsweise f\u00fcr Backwaren, Suppen, Saucen und Snacks, aber auch f\u00fcr Emulgatoren zum Aufschlagen von Desserts oder Schaumprodukte f\u00fcr Cappuccino. Die meisten unserer Produkte sind vegan und allergenfrei.<\/p>\n\n        <\/div>\n        \n            <\/div>\n\n            <\/section>\n\n\n<section class=\"py-16 bg-light\">\n    <div class=\"container mx-auto px-4\">\n        <div><h2 style=\"text-align: center\">Was die <strong>DMK Group tut<\/strong><\/h2>\n<\/div>\n        <div class=\"font-light text-grey\"><p style=\"text-align: center\">Die Kernkompetenzen auf einen Blick!<\/p>\n<\/div>\n\n                <div class=\"swiper rounded-lg mt-10 blocks\">\n            <div class=\"swiper-wrapper\">\n\n                                \n                                \n                <a href=\"https:\/\/doc-kaas-ua.ddev.site\/de\/dmk-group\/kaese\/\" class=\"h-72 text-white group overflow-hidden swiper-slide\">\n                    <img decoding=\"async\" src=\" https:\/\/dockaas.webba11.projectlocatie.nl\/app\/uploads\/2022\/03\/Fondue-Vollmert_06193.jpg \" class=\"w-full h-full object-cover group-hover:scale-110 transition-all\" alt=\"Ingredients\" \/>\n                    <div class=\"absolute top-0 p-8 w-full h-full bg-gradient-to-r from-black\/30 to-black\/30 group-hover:from-black\/40 group-hover:to-black\/40 flex flex-col justify-between\">\n                        <div class=\"text-[1.75rem]\">\n                        <p><strong>K\u00e4se<\/strong><\/p>\n\n                        <\/div>\n                        <button class=\"font-bold flex items-center gap-3 text-[1.563]\">\n                            K\u00e4se\n                            <svg class=\"bg-contain bg-no-repeat group-hover:translate-x-3 transition\"\n                                xmlns=\"http:\/\/www.w3.org\/2000\/svg\" width=\"51.811\" height=\"13.865\" viewBox=\"0 0 51.811 13.865\">\n                                <g id=\"Group_239\" data-name=\"Group 239\" transform=\"translate(-1380.15 -1151.795)\">\n                                    <path id=\"Path_66\" data-name=\"Path 66\" d=\"M5367.9,1162.728h50\" transform=\"translate(-3987 -4)\" fill=\"none\" stroke=\"currentColor\" stroke-linecap=\"round\" stroke-width=\"1.5\"\/>\n                                    <path id=\"Path_67\" data-name=\"Path 67\" d=\"M5421.662,1157.492l5.872,5.872-5.872,5.872\" transform=\"translate(-3996.634 -4.636)\" fill=\"none\" stroke=\"currentColor\" stroke-linecap=\"round\" stroke-width=\"1.5\"\/>\n                                <\/g>\n                            <\/svg>\n                        <\/button>\n                    <\/div>\n                <\/a>\n                \n                                \n                                \n                <a href=\"https:\/\/doc-kaas-ua.ddev.site\/de\/dmk-group\/milchprodukte\/\" class=\"h-72 text-white group overflow-hidden swiper-slide\">\n                    <img decoding=\"async\" src=\" https:\/\/dockaas.webba11.projectlocatie.nl\/app\/uploads\/2022\/03\/Mozzarella-Vollmert_05931.jpg \" class=\"w-full h-full object-cover group-hover:scale-110 transition-all\" alt=\"Ingredients\" \/>\n                    <div class=\"absolute top-0 p-8 w-full h-full bg-gradient-to-r from-black\/30 to-black\/30 group-hover:from-black\/40 group-hover:to-black\/40 flex flex-col justify-between\">\n                        <div class=\"text-[1.75rem]\">\n                        <p><strong>Milchprodukte<\/strong><\/p>\n\n                        <\/div>\n                        <button class=\"font-bold flex items-center gap-3 text-[1.563]\">\n                            Milchprodukte\n                            <svg class=\"bg-contain bg-no-repeat group-hover:translate-x-3 transition\"\n                                xmlns=\"http:\/\/www.w3.org\/2000\/svg\" width=\"51.811\" height=\"13.865\" viewBox=\"0 0 51.811 13.865\">\n                                <g id=\"Group_239\" data-name=\"Group 239\" transform=\"translate(-1380.15 -1151.795)\">\n                                    <path id=\"Path_66\" data-name=\"Path 66\" d=\"M5367.9,1162.728h50\" transform=\"translate(-3987 -4)\" fill=\"none\" stroke=\"currentColor\" stroke-linecap=\"round\" stroke-width=\"1.5\"\/>\n                                    <path id=\"Path_67\" data-name=\"Path 67\" d=\"M5421.662,1157.492l5.872,5.872-5.872,5.872\" transform=\"translate(-3996.634 -4.636)\" fill=\"none\" stroke=\"currentColor\" stroke-linecap=\"round\" stroke-width=\"1.5\"\/>\n                                <\/g>\n                            <\/svg>\n                        <\/button>\n                    <\/div>\n                <\/a>\n                \n                                \n                                \n                <a href=\"https:\/\/doc-kaas-ua.ddev.site\/de\/dmk-group\/babynahrung\/\" class=\"h-72 text-white group overflow-hidden swiper-slide\">\n                    <img decoding=\"async\" src=\" https:\/\/dockaas.webba11.projectlocatie.nl\/app\/uploads\/2022\/03\/Babyvoeding-DMK_Group_Humana_myPack.jpg \" class=\"w-full h-full object-cover group-hover:scale-110 transition-all\" alt=\"Ingredients\" \/>\n                    <div class=\"absolute top-0 p-8 w-full h-full bg-gradient-to-r from-black\/30 to-black\/30 group-hover:from-black\/40 group-hover:to-black\/40 flex flex-col justify-between\">\n                        <div class=\"text-[1.75rem]\">\n                        <p><strong>Babynahrung<\/strong><\/p>\n\n                        <\/div>\n                        <button class=\"font-bold flex items-center gap-3 text-[1.563]\">\n                            Babynahrung\n                            <svg class=\"bg-contain bg-no-repeat group-hover:translate-x-3 transition\"\n                                xmlns=\"http:\/\/www.w3.org\/2000\/svg\" width=\"51.811\" height=\"13.865\" viewBox=\"0 0 51.811 13.865\">\n                                <g id=\"Group_239\" data-name=\"Group 239\" transform=\"translate(-1380.15 -1151.795)\">\n                                    <path id=\"Path_66\" data-name=\"Path 66\" d=\"M5367.9,1162.728h50\" transform=\"translate(-3987 -4)\" fill=\"none\" stroke=\"currentColor\" stroke-linecap=\"round\" stroke-width=\"1.5\"\/>\n                                    <path id=\"Path_67\" data-name=\"Path 67\" d=\"M5421.662,1157.492l5.872,5.872-5.872,5.872\" transform=\"translate(-3996.634 -4.636)\" fill=\"none\" stroke=\"currentColor\" stroke-linecap=\"round\" stroke-width=\"1.5\"\/>\n                                <\/g>\n                            <\/svg>\n                        <\/button>\n                    <\/div>\n                <\/a>\n                \n                                \n                                \n                <a href=\"https:\/\/doc-kaas-ua.ddev.site\/de\/dmk-group\/speiseeis\/\" class=\"h-72 text-white group overflow-hidden swiper-slide\">\n                    <img decoding=\"async\" src=\" https:\/\/dockaas.webba11.projectlocatie.nl\/app\/uploads\/2022\/03\/IJs-Vollmert_05355.jpg \" class=\"w-full h-full object-cover group-hover:scale-110 transition-all\" alt=\"Ingredients\" \/>\n                    <div class=\"absolute top-0 p-8 w-full h-full bg-gradient-to-r from-black\/30 to-black\/30 group-hover:from-black\/40 group-hover:to-black\/40 flex flex-col justify-between\">\n                        <div class=\"text-[1.75rem]\">\n                        <p><strong>Speiseeis<\/strong><\/p>\n\n                        <\/div>\n                        <button class=\"font-bold flex items-center gap-3 text-[1.563]\">\n                            Speiseeis\n                            <svg class=\"bg-contain bg-no-repeat group-hover:translate-x-3 transition\"\n                                xmlns=\"http:\/\/www.w3.org\/2000\/svg\" width=\"51.811\" height=\"13.865\" viewBox=\"0 0 51.811 13.865\">\n                                <g id=\"Group_239\" data-name=\"Group 239\" transform=\"translate(-1380.15 -1151.795)\">\n                                    <path id=\"Path_66\" data-name=\"Path 66\" d=\"M5367.9,1162.728h50\" transform=\"translate(-3987 -4)\" fill=\"none\" stroke=\"currentColor\" stroke-linecap=\"round\" stroke-width=\"1.5\"\/>\n                                    <path id=\"Path_67\" data-name=\"Path 67\" d=\"M5421.662,1157.492l5.872,5.872-5.872,5.872\" transform=\"translate(-3996.634 -4.636)\" fill=\"none\" stroke=\"currentColor\" stroke-linecap=\"round\" stroke-width=\"1.5\"\/>\n                                <\/g>\n                            <\/svg>\n                        <\/button>\n                    <\/div>\n                <\/a>\n                \n                                \n                                \n                <a href=\"https:\/\/doc-kaas-ua.ddev.site\/de\/dmk-group\/futtermittel\/\" class=\"h-72 text-white group overflow-hidden swiper-slide\">\n                    <img decoding=\"async\" src=\" https:\/\/dockaas.webba11.projectlocatie.nl\/app\/uploads\/2022\/03\/Kalf-Vollmert_R9A1317.jpg \" class=\"w-full h-full object-cover group-hover:scale-110 transition-all\" alt=\"Ingredients\" \/>\n                    <div class=\"absolute top-0 p-8 w-full h-full bg-gradient-to-r from-black\/30 to-black\/30 group-hover:from-black\/40 group-hover:to-black\/40 flex flex-col justify-between\">\n                        <div class=\"text-[1.75rem]\">\n                        <p><strong>Futtermittel<\/strong><\/p>\n\n                        <\/div>\n                        <button class=\"font-bold flex items-center gap-3 text-[1.563]\">\n                            Futtermittel\n                            <svg class=\"bg-contain bg-no-repeat group-hover:translate-x-3 transition\"\n                                xmlns=\"http:\/\/www.w3.org\/2000\/svg\" width=\"51.811\" height=\"13.865\" viewBox=\"0 0 51.811 13.865\">\n                                <g id=\"Group_239\" data-name=\"Group 239\" transform=\"translate(-1380.15 -1151.795)\">\n                                    <path id=\"Path_66\" data-name=\"Path 66\" d=\"M5367.9,1162.728h50\" transform=\"translate(-3987 -4)\" fill=\"none\" stroke=\"currentColor\" stroke-linecap=\"round\" stroke-width=\"1.5\"\/>\n                                    <path id=\"Path_67\" data-name=\"Path 67\" d=\"M5421.662,1157.492l5.872,5.872-5.872,5.872\" transform=\"translate(-3996.634 -4.636)\" fill=\"none\" stroke=\"currentColor\" stroke-linecap=\"round\" stroke-width=\"1.5\"\/>\n                                <\/g>\n                            <\/svg>\n                        <\/button>\n                    <\/div>\n                <\/a>\n                \n                \n            <\/div>\n\n            <div class=\"swiper-navigation flex justify-between gap-3 top-[7.5rem] absolute w-full\">\n                <div class=\"swiper-button-prev shadow-lg\"><\/div>\n                <div class=\"swiper-button-next shadow-lg\"><\/div>\n            <\/div>\n        <\/div>\n        \n    <\/div>\n<\/section>\n","protected":false},"excerpt":{"rendered":"","protected":false},"author":4,"featured_media":0,"parent":1454,"menu_order":5,"comment_status":"closed","ping_status":"closed","template":"","meta":{"_acf_changed":false,"inline_featured_image":false,"footnotes":""},"class_list":["post-1477","page","type-page","status-publish","hentry"],"acf":[],"yoast_head":"<!-- This site is optimized with the Yoast SEO plugin v25.3.1 - https:\/\/yoast.com\/wordpress\/plugins\/seo\/ -->\n<title>Ingredients - DOC Kaas U.A.<\/title>\n<meta name=\"description\" content=\"Wir stellen verschiedene Zutaten aus Milch und pflanzlichen Alternativen her. Wir entwickeln eine L\u00f6sung f\u00fcr jede Anwendung. Lesen Sie mehr.\" \/>\n<meta name=\"robots\" content=\"noindex, follow, max-snippet:-1, max-image-preview:large, max-video-preview:-1\" \/>\n<meta property=\"og:locale\" content=\"de_DE\" \/>\n<meta property=\"og:type\" content=\"article\" \/>\n<meta property=\"og:title\" content=\"Ingredients - DOC Kaas U.A.\" \/>\n<meta property=\"og:description\" content=\"Wir stellen verschiedene Zutaten aus Milch und pflanzlichen Alternativen her. Wir entwickeln eine L\u00f6sung f\u00fcr jede Anwendung. Lesen Sie mehr.\" \/>\n<meta property=\"og:url\" content=\"https:\/\/dockaas.webba11.projectlocatie.nl\/de\/dmk-group\/ingredients\/\" \/>\n<meta property=\"og:site_name\" content=\"DOC Kaas U.A.\" \/>\n<meta property=\"article:modified_time\" content=\"2022-10-10T14:25:09+00:00\" \/>\n<meta name=\"twitter:card\" content=\"summary_large_image\" \/>\n<script type=\"application\/ld+json\" class=\"yoast-schema-graph\">{\"@context\":\"https:\/\/schema.org\",\"@graph\":[{\"@type\":\"WebPage\",\"@id\":\"https:\/\/dockaas.webba11.projectlocatie.nl\/de\/dmk-group\/ingredients\/\",\"url\":\"https:\/\/dockaas.webba11.projectlocatie.nl\/de\/dmk-group\/ingredients\/\",\"name\":\"Ingredients - DOC Kaas U.A.\",\"isPartOf\":{\"@id\":\"https:\/\/dockaas.webba11.projectlocatie.nl\/#website\"},\"datePublished\":\"2022-03-18T14:20:21+00:00\",\"dateModified\":\"2022-10-10T14:25:09+00:00\",\"description\":\"Wir stellen verschiedene Zutaten aus Milch und pflanzlichen Alternativen her. Wir entwickeln eine L\u00f6sung f\u00fcr jede Anwendung. Lesen Sie mehr.\",\"breadcrumb\":{\"@id\":\"https:\/\/dockaas.webba11.projectlocatie.nl\/de\/dmk-group\/ingredients\/#breadcrumb\"},\"inLanguage\":\"de-DE\",\"potentialAction\":[{\"@type\":\"ReadAction\",\"target\":[\"https:\/\/dockaas.webba11.projectlocatie.nl\/de\/dmk-group\/ingredients\/\"]}]},{\"@type\":\"BreadcrumbList\",\"@id\":\"https:\/\/dockaas.webba11.projectlocatie.nl\/de\/dmk-group\/ingredients\/#breadcrumb\",\"itemListElement\":[{\"@type\":\"ListItem\",\"position\":1,\"name\":\"Home\",\"item\":\"https:\/\/dockaas.webba11.projectlocatie.nl\/de\/\"},{\"@type\":\"ListItem\",\"position\":2,\"name\":\"DMK Group\",\"item\":\"https:\/\/dockaas.webba11.projectlocatie.nl\/de\/dmk-group\/\"},{\"@type\":\"ListItem\",\"position\":3,\"name\":\"Ingredients\"}]},{\"@type\":\"WebSite\",\"@id\":\"https:\/\/dockaas.webba11.projectlocatie.nl\/#website\",\"url\":\"https:\/\/dockaas.webba11.projectlocatie.nl\/\",\"name\":\"DOC Kaas U.A.\",\"description\":\"Van, voor en door de leden!\",\"potentialAction\":[{\"@type\":\"SearchAction\",\"target\":{\"@type\":\"EntryPoint\",\"urlTemplate\":\"https:\/\/dockaas.webba11.projectlocatie.nl\/?s={search_term_string}\"},\"query-input\":{\"@type\":\"PropertyValueSpecification\",\"valueRequired\":true,\"valueName\":\"search_term_string\"}}],\"inLanguage\":\"de-DE\"}]}<\/script>\n<!-- \/ Yoast SEO plugin. -->","yoast_head_json":{"title":"Ingredients - DOC Kaas U.A.","description":"Wir stellen verschiedene Zutaten aus Milch und pflanzlichen Alternativen her. Wir entwickeln eine L\u00f6sung f\u00fcr jede Anwendung. Lesen Sie mehr.","robots":{"index":"noindex","follow":"follow","max-snippet":"max-snippet:-1","max-image-preview":"max-image-preview:large","max-video-preview":"max-video-preview:-1"},"og_locale":"de_DE","og_type":"article","og_title":"Ingredients - DOC Kaas U.A.","og_description":"Wir stellen verschiedene Zutaten aus Milch und pflanzlichen Alternativen her. Wir entwickeln eine L\u00f6sung f\u00fcr jede Anwendung. Lesen Sie mehr.","og_url":"https:\/\/dockaas.webba11.projectlocatie.nl\/de\/dmk-group\/ingredients\/","og_site_name":"DOC Kaas U.A.","article_modified_time":"2022-10-10T14:25:09+00:00","twitter_card":"summary_large_image","schema":{"@context":"https:\/\/schema.org","@graph":[{"@type":"WebPage","@id":"https:\/\/dockaas.webba11.projectlocatie.nl\/de\/dmk-group\/ingredients\/","url":"https:\/\/dockaas.webba11.projectlocatie.nl\/de\/dmk-group\/ingredients\/","name":"Ingredients - DOC Kaas U.A.","isPartOf":{"@id":"https:\/\/dockaas.webba11.projectlocatie.nl\/#website"},"datePublished":"2022-03-18T14:20:21+00:00","dateModified":"2022-10-10T14:25:09+00:00","description":"Wir stellen verschiedene Zutaten aus Milch und pflanzlichen Alternativen her. Wir entwickeln eine L\u00f6sung f\u00fcr jede Anwendung. Lesen Sie mehr.","breadcrumb":{"@id":"https:\/\/dockaas.webba11.projectlocatie.nl\/de\/dmk-group\/ingredients\/#breadcrumb"},"inLanguage":"de-DE","potentialAction":[{"@type":"ReadAction","target":["https:\/\/dockaas.webba11.projectlocatie.nl\/de\/dmk-group\/ingredients\/"]}]},{"@type":"BreadcrumbList","@id":"https:\/\/dockaas.webba11.projectlocatie.nl\/de\/dmk-group\/ingredients\/#breadcrumb","itemListElement":[{"@type":"ListItem","position":1,"name":"Home","item":"https:\/\/dockaas.webba11.projectlocatie.nl\/de\/"},{"@type":"ListItem","position":2,"name":"DMK Group","item":"https:\/\/dockaas.webba11.projectlocatie.nl\/de\/dmk-group\/"},{"@type":"ListItem","position":3,"name":"Ingredients"}]},{"@type":"WebSite","@id":"https:\/\/dockaas.webba11.projectlocatie.nl\/#website","url":"https:\/\/dockaas.webba11.projectlocatie.nl\/","name":"DOC Kaas U.A.","description":"Van, voor en door de leden!","potentialAction":[{"@type":"SearchAction","target":{"@type":"EntryPoint","urlTemplate":"https:\/\/dockaas.webba11.projectlocatie.nl\/?s={search_term_string}"},"query-input":{"@type":"PropertyValueSpecification","valueRequired":true,"valueName":"search_term_string"}}],"inLanguage":"de-DE"}]}},"_links":{"self":[{"href":"https:\/\/dockaas.webba11.projectlocatie.nl\/de\/wp-json\/wp\/v2\/pages\/1477","targetHints":{"allow":["GET"]}}],"collection":[{"href":"https:\/\/dockaas.webba11.projectlocatie.nl\/de\/wp-json\/wp\/v2\/pages"}],"about":[{"href":"https:\/\/dockaas.webba11.projectlocatie.nl\/de\/wp-json\/wp\/v2\/types\/page"}],"author":[{"embeddable":true,"href":"https:\/\/dockaas.webba11.projectlocatie.nl\/de\/wp-json\/wp\/v2\/users\/4"}],"replies":[{"embeddable":true,"href":"https:\/\/dockaas.webba11.projectlocatie.nl\/de\/wp-json\/wp\/v2\/comments?post=1477"}],"version-history":[{"count":34,"href":"https:\/\/dockaas.webba11.projectlocatie.nl\/de\/wp-json\/wp\/v2\/pages\/1477\/revisions"}],"predecessor-version":[{"id":7137,"href":"https:\/\/dockaas.webba11.projectlocatie.nl\/de\/wp-json\/wp\/v2\/pages\/1477\/revisions\/7137"}],"up":[{"embeddable":true,"href":"https:\/\/dockaas.webba11.projectlocatie.nl\/de\/wp-json\/wp\/v2\/pages\/1454"}],"wp:attachment":[{"href":"https:\/\/dockaas.webba11.projectlocatie.nl\/de\/wp-json\/wp\/v2\/media?parent=1477"}],"curies":[{"name":"wp","href":"https:\/\/api.w.org\/{rel}","templated":true}]}}