{"id":1617,"date":"2022-02-22T12:19:05","date_gmt":"2022-02-22T12:19:05","guid":{"rendered":"https:\/\/doc-kaas-ua.ddev.site\/?page_id=1617"},"modified":"2022-10-10T15:20:33","modified_gmt":"2022-10-10T13:20:33","slug":"energie-und-klima","status":"publish","type":"page","link":"https:\/\/dockaas.webba11.projectlocatie.nl\/de\/nachhaltige-landwirtschaft\/milkmaster\/energie-und-klima\/","title":{"rendered":"Energie und Klima"},"content":{"rendered":"<style>\n    .hero {\n        background-image:linear-gradient(to right, rgba(248, 253, 255, 1), rgba(248, 253, 255, 1), rgba(0, 0, 0, 0)),url(' https:\/\/dockaas.webba11.projectlocatie.nl\/app\/uploads\/2022\/04\/3-Header-Duurzaam-boeren-007-gespiegeld-scaled.jpeg ');\n    }\n\n    @media (max-width: 1024px) {\n        .hero {\n            background-image:linear-gradient(to top, rgba(248, 253, 255, 1), rgba(248, 253, 255, 0.95), rgba(0, 0, 0, 0)),url(' https:\/\/dockaas.webba11.projectlocatie.nl\/app\/uploads\/2022\/04\/3-Header-Duurzaam-boeren-007-gespiegeld-scaled.jpeg ');\n        }\n    }\n<\/style>\n\n<section class=\"hero !bg-no-repeat !bg-cover !bg-center flex items-center\">\n    <div class=\"top-0 left-0 h-full w-full relative px-4 pt-36\">\n        <div class=\"container mx-auto\">\n            <div class=\"hero-title\">\n                                <h1 class=\"pl-8 pr-0 lg:pr-8 border-l-5 md:border-l-10 border-secondary text-[2.75rem] md:text-[4rem] leading-tight text-primary-light break-normal\"><p>Energie <strong>&amp; Klima<\/strong><\/p>\n<\/h1>\n                                \n                \n            <\/div>\n        <\/div>\n\n                <div class=\"container mx-auto py-6 lg:px-10 text-grey mt-24\">\n            <p id=\"breadcrumbs\"><span><span><a href=\"https:\/\/dockaas.webba11.projectlocatie.nl\/de\/\">Home<\/a><\/span><\/span><\/p>        <\/div>\n        \n    <\/div>\n<\/section>\n\n\n\n<section  class=\"py-16 bg-lighter\">\n\n         \n        \n    \n    <div class=\"w-full lg:w-[55rem] flex flex-col gap-6 content px-4 m-auto\">\n\n                <div class=\"text-primary-light text-[2.75rem] relative after:content[''] after:h-0.5 after:w-24 after:bg-secondary after:absolute after:mt-2 leading-tight break-normal title\">\n            <p>Energie <strong>&amp; Klima<\/strong><\/p>\n\n        <\/div>\n        \n                <div class=\"text-grey leading-7 font-light\">\n            <p><em><strong>Gemeinsam auf dem Weg zu einer klimaneutralen und emissionsarmen Milchviehhaltung &#8211; das ist ein wichtiges Ziel des niederl\u00e4ndischen Milchsektors.<\/strong><\/em><\/p>\n<p>&nbsp;<\/p>\n<p>Unsere Milchviehhalter tragen zu diesem Ziel bei, indem sie den Energieverbrauch und die CO2-Emissionen senken. Aber auch durch die Erzeugung nachhaltiger Energie und einem klimaneutralen Wachstum.<\/p>\n\n        <\/div>\n        \n                <div class=\"mt-4 flex flex-wrap items-center gap-6\">\n                            \n                                \n                <a href=\"https:\/\/doc-kaas-ua.ddev.site\/de\/nachhaltige-landwirtschaft\/milkmaster\/\" class=\"text-primary-light border border-slate-300 font-bold px-5 py-3 rounded-full flex justify-center flex-row-reverse gap-3 w-full xs:w-max group\" target=\"\">\n    Zur\u00fcck zu Milkmaster\n                    <svg class=\"w-6 h-6 transition-all rotate-180\"\n                        aria-hidden=\"true\" focusable=\"false\" data-prefix=\"fal\" data-icon=\"long-arrow-right\" class=\"svg-inline--fa fa-long-arrow-right fa-w-14\" role=\"img\" xmlns=\"http:\/\/www.w3.org\/2000\/svg\" viewBox=\"0 0 448 512\"><path fill=\"currentColor\" d=\"M311.03 131.515l-7.071 7.07c-4.686 4.686-4.686 12.284 0 16.971L387.887 239H12c-6.627 0-12 5.373-12 12v10c0 6.627 5.373 12 12 12h375.887l-83.928 83.444c-4.686 4.686-4.686 12.284 0 16.971l7.071 7.07c4.686 4.686 12.284 4.686 16.97 0l116.485-116c4.686-4.686 4.686-12.284 0-16.971L328 131.515c-4.686-4.687-12.284-4.687-16.97 0z\"><\/path><\/svg>\n<\/a>\n\n                                    <\/div>\n            <\/div>\n\n            <\/section>\n\n\n<section  class=\"my-16 lg:my-20 flex gap-10 2xl:gap-32 flex-col-reverse lg:flex-row-reverse\">\n    <div class=\"bg-light w-full h-full z-[1] relative rounded-l-full pr-8 pl-4 sm:pr-10 sm:pl-8 xl:pr-56 xl:pl-0 2xl:w-1\/2 py-16 lg:py-24 flex justify-start\">\n        <span class=\"relative w-full before:z-0 before:content[''] before:w-1\/2 before:h-56 before:w-1\/2 before:xl:h-60 before:bg-secondary before:absolute before:rounded-xl flex before:-translate-y-3 before:translate-x-3 before:md:-translate-y-4 before:md:translate-x-4 before:-right-0 justify-end\">\n        <img decoding=\"async\" src=\" https:\/\/dockaas.webba11.projectlocatie.nl\/app\/uploads\/2022\/04\/1-Els_Korsten_Fotografie005-scaled.jpg \" alt=\"Energie und Klima\" class=\"w-full h-full rounded-xl object-cover relative h-[28.125rem]\" \/>\n        <\/span>\n    <\/div>\n\n    <div class=\"px-12 sm:px-16 md:px-24 w-full flex flex-col justify-center gap-6 xl:pr-0 lg:pl-16 xl:pl-56 2xl:w-1\/2\">\n                <h2 class=\"px-4 border-l-5 md:border-l-8 border-secondary text-[2rem] md:text-[2.75rem] leading-tight text-primary-light w-full max-w-none xl:max-w-[44rem] title\"><p>Mitglieder<strong>\u00a0Hans und Elly Mensink aus Linde<\/strong><\/p>\n<\/h2>\n                        <div class=\"text-grey w-full max-w-none xl:max-w-[44rem] leading-7 relative font-light mt-4 xl:pl-8 xl:pr-8 medium\">\n            <blockquote><p>\u201eDer Fu\u00dfboden wird mit der W\u00e4rme der Milch beheizt\u201c<\/p><\/blockquote>\n<p>&nbsp;<\/p>\n<p>Mitglied Hans Mensink ist f\u00fcr seine Initiativen auf dem Gebiet der erneuerbaren Energien bekannt. Energiesparen und die Erzeugung nachhaltiger Energie sind seine Passion. \u201e2018 haben wir mit der Installation von 850 Solarpaneelen auf dem Stall und der Werkshalle begonnen; 2020 kamen weitere 300 Paneele dazu. Wir verbrauchen mit unserem Betrieb und unseren beiden Wohnungen j\u00e4hrlich etwa 100.000 Kilowatt; was wir dar\u00fcber hinaus erzeugen, verkaufen wir.\u201c<\/p>\n\n        <\/div>\n        \n            <\/div>\n<\/section>\n\n\n<section  class=\"my-16 lg:my-20 flex gap-10 2xl:gap-32 flex-col-reverse lg:flex-row\">\n    <div class=\"bg-light w-full h-full z-[1] relative rounded-r-full pl-8 pr-4 sm:pl-10 sm:pr-8 xl:pl-56 xl:pr-0 2xl:w-1\/2 py-16 lg:py-24 flex justify-end\">\n        <span class=\"relative w-full before:z-0 before:content[''] before:w-1\/2 before:h-56 before:w-1\/2 before:xl:h-60 before:bg-secondary before:absolute before:rounded-xl flex before:-translate-y-3 before:-translate-x-3 before:md:-translate-y-4 before:md:-translate-x-4\">\n        <img decoding=\"async\" src=\" https:\/\/dockaas.webba11.projectlocatie.nl\/app\/uploads\/2022\/04\/1-IMG-20200424-WA0004.jpg \" alt=\"Energie und Klima\" class=\"w-full h-full rounded-xl object-cover relative h-[28.125rem]\" \/>\n        <\/span>\n    <\/div>\n\n    <div class=\"px-12 sm:px-16 md:px-24 w-full flex flex-col justify-center gap-6 xl:pl-0 lg:pr-16 xl:pr-56 2xl:w-1\/2\">\n                <h2 class=\"px-4 border-l-5 md:border-l-8 border-secondary text-[2rem] md:text-[2.75rem] leading-tight text-primary-light w-full max-w-none xl:max-w-[44rem] title\"><p>Restw\u00e4rme <strong>f\u00fcr das Wohnhaus<\/strong><\/p>\n<\/h2>\n                        <div class=\"text-grey w-full max-w-none xl:max-w-[44rem] leading-7 relative font-light mt-4 xl:pl-8 xl:pr-8\">\n            <p>2019 wurden elektrische Boiler installiert, sowohl f\u00fcr den privaten als auch f\u00fcr den gewerblichen Verbrauch. Au\u00dferdem wurde in diesem Jahr eine Anlage installiert, mit der die beim K\u00fchlen der Milch im K\u00fchltank freiwerdende W\u00e4rme f\u00fcr andere Zwecke zur\u00fcckgewonnen wird. Die Milch wird von 37\u00a0\u00b0C auf 3\u00a0\u00b0C heruntergek\u00fchlt; die dabei entstehende Restw\u00e4rme wird \u00fcber eine Leitung unter der Stra\u00dfe hindurch in das etwa 50 Meter vom Stall entfernte Wohnhaus geleitet. \u201eUnsere Wohnung mit Fu\u00dfbodenheizung wird also mit der W\u00e4rme aus der Milch beheizt.\u201c<\/p>\n\n        <\/div>\n        \n            <\/div>\n<\/section>\n","protected":false},"excerpt":{"rendered":"","protected":false},"author":2,"featured_media":0,"parent":1440,"menu_order":4,"comment_status":"closed","ping_status":"closed","template":"","meta":{"_acf_changed":false,"inline_featured_image":false,"footnotes":""},"class_list":["post-1617","page","type-page","status-publish","hentry"],"acf":[],"yoast_head":"<!-- This site is optimized with the Yoast SEO plugin v25.3.1 - https:\/\/yoast.com\/wordpress\/plugins\/seo\/ -->\n<title>Energie und Klima - DOC Kaas U.A.<\/title>\n<meta name=\"description\" content=\"Energie und Klima ist ein wichtiges Ziel f\u00fcr den Milchsektor. Lesen Sie, wie wir dazu beitragen und was wir f\u00fcr die Umwelt tun.\" \/>\n<meta name=\"robots\" content=\"noindex, follow, max-snippet:-1, max-image-preview:large, max-video-preview:-1\" \/>\n<meta property=\"og:locale\" content=\"de_DE\" \/>\n<meta property=\"og:type\" content=\"article\" \/>\n<meta property=\"og:title\" content=\"Energie und Klima - DOC Kaas U.A.\" \/>\n<meta property=\"og:description\" content=\"Energie und Klima ist ein wichtiges Ziel f\u00fcr den Milchsektor. Lesen Sie, wie wir dazu beitragen und was wir f\u00fcr die Umwelt tun.\" \/>\n<meta property=\"og:url\" content=\"https:\/\/dockaas.webba11.projectlocatie.nl\/de\/nachhaltige-landwirtschaft\/milkmaster\/energie-und-klima\/\" \/>\n<meta property=\"og:site_name\" content=\"DOC Kaas U.A.\" \/>\n<meta property=\"article:modified_time\" content=\"2022-10-10T13:20:33+00:00\" \/>\n<meta name=\"twitter:card\" content=\"summary_large_image\" \/>\n<script type=\"application\/ld+json\" class=\"yoast-schema-graph\">{\"@context\":\"https:\/\/schema.org\",\"@graph\":[{\"@type\":\"WebPage\",\"@id\":\"https:\/\/dockaas.webba11.projectlocatie.nl\/de\/nachhaltige-landwirtschaft\/milkmaster\/energie-und-klima\/\",\"url\":\"https:\/\/dockaas.webba11.projectlocatie.nl\/de\/nachhaltige-landwirtschaft\/milkmaster\/energie-und-klima\/\",\"name\":\"Energie und Klima - DOC Kaas U.A.\",\"isPartOf\":{\"@id\":\"https:\/\/dockaas.webba11.projectlocatie.nl\/#website\"},\"datePublished\":\"2022-02-22T12:19:05+00:00\",\"dateModified\":\"2022-10-10T13:20:33+00:00\",\"description\":\"Energie und Klima ist ein wichtiges Ziel f\u00fcr den Milchsektor. Lesen Sie, wie wir dazu beitragen und was wir f\u00fcr die Umwelt tun.\",\"breadcrumb\":{\"@id\":\"https:\/\/dockaas.webba11.projectlocatie.nl\/de\/nachhaltige-landwirtschaft\/milkmaster\/energie-und-klima\/#breadcrumb\"},\"inLanguage\":\"de-DE\",\"potentialAction\":[{\"@type\":\"ReadAction\",\"target\":[\"https:\/\/dockaas.webba11.projectlocatie.nl\/de\/nachhaltige-landwirtschaft\/milkmaster\/energie-und-klima\/\"]}]},{\"@type\":\"BreadcrumbList\",\"@id\":\"https:\/\/dockaas.webba11.projectlocatie.nl\/de\/nachhaltige-landwirtschaft\/milkmaster\/energie-und-klima\/#breadcrumb\",\"itemListElement\":[{\"@type\":\"ListItem\",\"position\":1,\"name\":\"Home\",\"item\":\"https:\/\/dockaas.webba11.projectlocatie.nl\/de\/\"},{\"@type\":\"ListItem\",\"position\":2,\"name\":\"Nachhaltige Landwirtschaft\",\"item\":\"https:\/\/dockaas.webba11.projectlocatie.nl\/de\/nachhaltige-landwirtschaft\/\"},{\"@type\":\"ListItem\",\"position\":3,\"name\":\"Milkmaster\",\"item\":\"https:\/\/dockaas.webba11.projectlocatie.nl\/de\/nachhaltige-landwirtschaft\/milkmaster\/\"},{\"@type\":\"ListItem\",\"position\":4,\"name\":\"Energie und Klima\"}]},{\"@type\":\"WebSite\",\"@id\":\"https:\/\/dockaas.webba11.projectlocatie.nl\/#website\",\"url\":\"https:\/\/dockaas.webba11.projectlocatie.nl\/\",\"name\":\"DOC Kaas U.A.\",\"description\":\"Van, voor en door de leden!\",\"potentialAction\":[{\"@type\":\"SearchAction\",\"target\":{\"@type\":\"EntryPoint\",\"urlTemplate\":\"https:\/\/dockaas.webba11.projectlocatie.nl\/?s={search_term_string}\"},\"query-input\":{\"@type\":\"PropertyValueSpecification\",\"valueRequired\":true,\"valueName\":\"search_term_string\"}}],\"inLanguage\":\"de-DE\"}]}<\/script>\n<!-- \/ Yoast SEO plugin. -->","yoast_head_json":{"title":"Energie und Klima - DOC Kaas U.A.","description":"Energie und Klima ist ein wichtiges Ziel f\u00fcr den Milchsektor. Lesen Sie, wie wir dazu beitragen und was wir f\u00fcr die Umwelt tun.","robots":{"index":"noindex","follow":"follow","max-snippet":"max-snippet:-1","max-image-preview":"max-image-preview:large","max-video-preview":"max-video-preview:-1"},"og_locale":"de_DE","og_type":"article","og_title":"Energie und Klima - DOC Kaas U.A.","og_description":"Energie und Klima ist ein wichtiges Ziel f\u00fcr den Milchsektor. Lesen Sie, wie wir dazu beitragen und was wir f\u00fcr die Umwelt tun.","og_url":"https:\/\/dockaas.webba11.projectlocatie.nl\/de\/nachhaltige-landwirtschaft\/milkmaster\/energie-und-klima\/","og_site_name":"DOC Kaas U.A.","article_modified_time":"2022-10-10T13:20:33+00:00","twitter_card":"summary_large_image","schema":{"@context":"https:\/\/schema.org","@graph":[{"@type":"WebPage","@id":"https:\/\/dockaas.webba11.projectlocatie.nl\/de\/nachhaltige-landwirtschaft\/milkmaster\/energie-und-klima\/","url":"https:\/\/dockaas.webba11.projectlocatie.nl\/de\/nachhaltige-landwirtschaft\/milkmaster\/energie-und-klima\/","name":"Energie und Klima - DOC Kaas U.A.","isPartOf":{"@id":"https:\/\/dockaas.webba11.projectlocatie.nl\/#website"},"datePublished":"2022-02-22T12:19:05+00:00","dateModified":"2022-10-10T13:20:33+00:00","description":"Energie und Klima ist ein wichtiges Ziel f\u00fcr den Milchsektor. Lesen Sie, wie wir dazu beitragen und was wir f\u00fcr die Umwelt tun.","breadcrumb":{"@id":"https:\/\/dockaas.webba11.projectlocatie.nl\/de\/nachhaltige-landwirtschaft\/milkmaster\/energie-und-klima\/#breadcrumb"},"inLanguage":"de-DE","potentialAction":[{"@type":"ReadAction","target":["https:\/\/dockaas.webba11.projectlocatie.nl\/de\/nachhaltige-landwirtschaft\/milkmaster\/energie-und-klima\/"]}]},{"@type":"BreadcrumbList","@id":"https:\/\/dockaas.webba11.projectlocatie.nl\/de\/nachhaltige-landwirtschaft\/milkmaster\/energie-und-klima\/#breadcrumb","itemListElement":[{"@type":"ListItem","position":1,"name":"Home","item":"https:\/\/dockaas.webba11.projectlocatie.nl\/de\/"},{"@type":"ListItem","position":2,"name":"Nachhaltige Landwirtschaft","item":"https:\/\/dockaas.webba11.projectlocatie.nl\/de\/nachhaltige-landwirtschaft\/"},{"@type":"ListItem","position":3,"name":"Milkmaster","item":"https:\/\/dockaas.webba11.projectlocatie.nl\/de\/nachhaltige-landwirtschaft\/milkmaster\/"},{"@type":"ListItem","position":4,"name":"Energie und Klima"}]},{"@type":"WebSite","@id":"https:\/\/dockaas.webba11.projectlocatie.nl\/#website","url":"https:\/\/dockaas.webba11.projectlocatie.nl\/","name":"DOC Kaas U.A.","description":"Van, voor en door de leden!","potentialAction":[{"@type":"SearchAction","target":{"@type":"EntryPoint","urlTemplate":"https:\/\/dockaas.webba11.projectlocatie.nl\/?s={search_term_string}"},"query-input":{"@type":"PropertyValueSpecification","valueRequired":true,"valueName":"search_term_string"}}],"inLanguage":"de-DE"}]}},"_links":{"self":[{"href":"https:\/\/dockaas.webba11.projectlocatie.nl\/de\/wp-json\/wp\/v2\/pages\/1617","targetHints":{"allow":["GET"]}}],"collection":[{"href":"https:\/\/dockaas.webba11.projectlocatie.nl\/de\/wp-json\/wp\/v2\/pages"}],"about":[{"href":"https:\/\/dockaas.webba11.projectlocatie.nl\/de\/wp-json\/wp\/v2\/types\/page"}],"author":[{"embeddable":true,"href":"https:\/\/dockaas.webba11.projectlocatie.nl\/de\/wp-json\/wp\/v2\/users\/2"}],"replies":[{"embeddable":true,"href":"https:\/\/dockaas.webba11.projectlocatie.nl\/de\/wp-json\/wp\/v2\/comments?post=1617"}],"version-history":[{"count":44,"href":"https:\/\/dockaas.webba11.projectlocatie.nl\/de\/wp-json\/wp\/v2\/pages\/1617\/revisions"}],"predecessor-version":[{"id":7100,"href":"https:\/\/dockaas.webba11.projectlocatie.nl\/de\/wp-json\/wp\/v2\/pages\/1617\/revisions\/7100"}],"up":[{"embeddable":true,"href":"https:\/\/dockaas.webba11.projectlocatie.nl\/de\/wp-json\/wp\/v2\/pages\/1440"}],"wp:attachment":[{"href":"https:\/\/dockaas.webba11.projectlocatie.nl\/de\/wp-json\/wp\/v2\/media?parent=1617"}],"curies":[{"name":"wp","href":"https:\/\/api.w.org\/{rel}","templated":true}]}}