{"id":1620,"date":"2022-02-22T12:19:33","date_gmt":"2022-02-22T12:19:33","guid":{"rendered":"https:\/\/doc-kaas-ua.ddev.site\/?page_id=1620"},"modified":"2022-10-10T15:21:54","modified_gmt":"2022-10-10T13:21:54","slug":"biodiversitat-umwelt","status":"publish","type":"page","link":"https:\/\/dockaas.webba11.projectlocatie.nl\/de\/nachhaltige-landwirtschaft\/milkmaster\/biodiversitat-umwelt\/","title":{"rendered":"Biodiversit\u00e4t &amp; Umwelt"},"content":{"rendered":"<style>\n    .hero {\n        background-image:linear-gradient(to right, rgba(248, 253, 255, 1), rgba(248, 253, 255, 1), rgba(0, 0, 0, 0)),url(' https:\/\/dockaas.webba11.projectlocatie.nl\/app\/uploads\/2022\/04\/3-Header-Duurzaam-boeren-007-gespiegeld-scaled.jpeg ');\n    }\n\n    @media (max-width: 1024px) {\n        .hero {\n            background-image:linear-gradient(to top, rgba(248, 253, 255, 1), rgba(248, 253, 255, 0.95), rgba(0, 0, 0, 0)),url(' https:\/\/dockaas.webba11.projectlocatie.nl\/app\/uploads\/2022\/04\/3-Header-Duurzaam-boeren-007-gespiegeld-scaled.jpeg ');\n        }\n    }\n<\/style>\n\n<section class=\"hero !bg-no-repeat !bg-cover !bg-center flex items-center\">\n    <div class=\"top-0 left-0 h-full w-full relative px-4 pt-36\">\n        <div class=\"container mx-auto\">\n            <div class=\"hero-title\">\n                                <h1 class=\"pl-8 pr-0 lg:pr-8 border-l-5 md:border-l-10 border-secondary text-[2.75rem] md:text-[4rem] leading-tight text-primary-light break-normal\"><p>Biodiversit\u00e4t<strong> &amp; Umwelt<\/strong><\/p>\n<\/h1>\n                                \n                \n            <\/div>\n        <\/div>\n\n                <div class=\"container mx-auto py-6 lg:px-10 text-grey mt-24\">\n            <p id=\"breadcrumbs\"><span><span><a href=\"https:\/\/dockaas.webba11.projectlocatie.nl\/de\/\">Home<\/a><\/span><\/span><\/p>        <\/div>\n        \n    <\/div>\n<\/section>\n\n\n\n<section  class=\"py-16 bg-lighter\">\n\n         \n        \n    \n    <div class=\"w-full lg:w-[55rem] flex flex-col gap-6 content px-4 m-auto\">\n\n                <div class=\"text-primary-light text-[2.75rem] relative after:content[''] after:h-0.5 after:w-24 after:bg-secondary after:absolute after:mt-2 leading-tight break-normal title\">\n            <p>Biodiversit\u00e4t<strong> &amp; Umwelt<\/strong><\/p>\n\n        <\/div>\n        \n                <div class=\"text-grey leading-7 font-light\">\n            <p><em><strong>Die Erhaltung der biologischen Vielfalt ist ein wichtiger Bestandteil einer nachhaltigen Milchviehhaltung. Dazu geh\u00f6ren die Pflege von Randstreifen und Grabenb\u00f6schungen, der Schutz von Wiesenv\u00f6geln oder die Anlage von bewaldeten B\u00f6schungen und Bl\u00fchstreifen.<\/strong><\/em><\/p>\n\n        <\/div>\n        \n                <div class=\"mt-4 flex flex-wrap items-center gap-6\">\n                            \n                                \n                <a href=\"https:\/\/doc-kaas-ua.ddev.site\/de\/nachhaltige-landwirtschaft\/milkmaster\/\" class=\"text-primary-light border border-slate-300 font-bold px-5 py-3 rounded-full flex justify-center flex-row-reverse gap-3 w-full xs:w-max group\" target=\"\">\n    Zur\u00fcck zu Milkmaster\n                    <svg class=\"w-6 h-6 transition-all rotate-180\"\n                        aria-hidden=\"true\" focusable=\"false\" data-prefix=\"fal\" data-icon=\"long-arrow-right\" class=\"svg-inline--fa fa-long-arrow-right fa-w-14\" role=\"img\" xmlns=\"http:\/\/www.w3.org\/2000\/svg\" viewBox=\"0 0 448 512\"><path fill=\"currentColor\" d=\"M311.03 131.515l-7.071 7.07c-4.686 4.686-4.686 12.284 0 16.971L387.887 239H12c-6.627 0-12 5.373-12 12v10c0 6.627 5.373 12 12 12h375.887l-83.928 83.444c-4.686 4.686-4.686 12.284 0 16.971l7.071 7.07c4.686 4.686 12.284 4.686 16.97 0l116.485-116c4.686-4.686 4.686-12.284 0-16.971L328 131.515c-4.686-4.687-12.284-4.687-16.97 0z\"><\/path><\/svg>\n<\/a>\n\n                                    <\/div>\n            <\/div>\n\n            <\/section>\n\n\n<section  class=\"my-16 lg:my-20 flex gap-10 2xl:gap-32 flex-col-reverse lg:flex-row-reverse items-end lg:items-center\">\n    <div class=\"bg-light w-full h-full z-[1] relative rounded-l-full pr-8 pl-4 sm:pr-10 sm:pl-8 xl:pr-56 xl:pl-0 md:w-2\/3 xl:w-1\/2 2xl:w-2\/5 py-12 flex justify-start\">\n        <span class=\"relative w-full before:z-0 before:content[''] before:w-1\/2 before:h-56 before:w-1\/2 before:xl:h-60 before:bg-secondary before:absolute before:rounded-xl flex before:-translate-y-3 before:translate-x-3 before:md:-translate-y-4 before:md:translate-x-4 before:-right-0 justify-end md:w-[31.25rem]\">\n        <img decoding=\"async\" src=\" https:\/\/dockaas.webba11.projectlocatie.nl\/app\/uploads\/2022\/04\/1-mpv-HenkvDijk-006.jpg \" alt=\"Biodiversit\u00e4t &amp; Umwelt\" class=\"w-full h-full rounded-xl object-cover relative h-[38.75rem] lg:w-[31.25rem]\" \/>\n        <\/span>\n    <\/div>\n\n    <div class=\"px-12 sm:px-16 md:px-24 w-full flex flex-col justify-center gap-6 xl:pr-0 lg:pl-16 xl:pl-56 xl:w-1\/2 2xl:w-3\/5\">\n                <h2 class=\"px-4 border-l-5 md:border-l-8 border-secondary text-[2rem] md:text-[2.75rem] leading-tight text-primary-light w-full max-w-none xl:max-w-[44rem] title\"><p>Mitglieder <strong>Henk und Linda van Dijk aus Drogeham<\/strong><\/p>\n<\/h2>\n                        <div class=\"text-grey w-full max-w-none xl:max-w-[44rem] leading-7 relative font-light mt-4 xl:pl-8 xl:pr-8 medium\">\n            <blockquote><p><em>\u201eIn Harmonie mit der Umgebung\u201c<\/em><\/p><\/blockquote>\n<p>&nbsp;<\/p>\n<p>Die Weiden der Familie Van Dijk aus Drogeham in der Provinz Friesland erstrecken sich \u00fcber rund 50 Hektar, unterteilt in 23 Parzellen. Jede Parzelle ist von Wallhecken und Baumreihen umgeben, hier und dort unterbrochen von einem Weiher oder Wassergraben. \u201eViele Kollegen halten das f\u00fcr sehr ineffizient und arbeitsintensiv, aber wir finden es nicht nur sch\u00f6n, sondern auch wichtig. Dieses Gr\u00fcn ist voller Leben. Nach vielen Jahren der Abwesenheit sind zahlreiche Vogelarten wieder in die Landschaft zur\u00fcckgekehrt, und auch Nachtfalter sind wieder da. Die Str\u00e4ucher, alten Baumst\u00fcmpfe und T\u00fcmpel sind voller Insekten.\u201c<\/p>\n\n        <\/div>\n        \n            <\/div>\n<\/section>\n\n\n<section  class=\"my-16 lg:my-20 flex gap-10 2xl:gap-32 flex-col-reverse lg:flex-row\">\n    <div class=\"bg-light w-full h-full z-[1] relative rounded-r-full pl-8 pr-4 sm:pl-10 sm:pr-8 xl:pl-56 xl:pr-0 2xl:w-1\/2 py-16 lg:py-24 flex justify-end\">\n        <span class=\"relative w-full before:z-0 before:content[''] before:w-1\/2 before:h-56 before:w-1\/2 before:xl:h-60 before:bg-secondary before:absolute before:rounded-xl flex before:-translate-y-3 before:-translate-x-3 before:md:-translate-y-4 before:md:-translate-x-4\">\n        <img decoding=\"async\" src=\" https:\/\/dockaas.webba11.projectlocatie.nl\/app\/uploads\/2022\/04\/1-mpv-HenkvDijk-022.jpg \" alt=\"Biodiversit\u00e4t &amp; Umwelt\" class=\"w-full h-full rounded-xl object-cover relative h-[28.125rem]\" \/>\n        <\/span>\n    <\/div>\n\n    <div class=\"px-12 sm:px-16 md:px-24 w-full flex flex-col justify-center gap-6 xl:pl-0 lg:pr-16 xl:pr-56 2xl:w-1\/2\">\n                <h2 class=\"px-4 border-l-5 md:border-l-8 border-secondary text-[2rem] md:text-[2.75rem] leading-tight text-primary-light w-full max-w-none xl:max-w-[44rem] title\"><p>Klee <strong>&amp; Butterblumen<\/strong><\/p>\n<\/h2>\n                        <div class=\"text-grey w-full max-w-none xl:max-w-[44rem] leading-7 relative font-light mt-4 xl:pl-8 xl:pr-8\">\n            <p>Auf manchen Parzellen wurde eine kr\u00e4uterreiche Grasmischung ges\u00e4t, beispielsweise mit Klee, Butterblumen und anderen Pflanzen. \u201eDiese Mischung enth\u00e4lt eine Menge Mineralien und andere Stoffe, die f\u00fcr die K\u00fche gesund sind und Insekten und V\u00f6gel anlocken. Au\u00dferdem wurzelt kr\u00e4uterreiches Gras tiefer, wodurch sich die CO2-Bindungsf\u00e4higkeit verbessert. Und wenn dann alles bl\u00fcht, sieht es auch noch sehr sch\u00f6n aus!\u201c<\/p>\n<p>&nbsp;<\/p>\n<p>\u201eWir sorgen f\u00fcr Ausgewogenheit zwischen unserem Milchhof und der Erhaltung und Bewirtschaftung von Natur und Landschaft. Das tun wir aus der \u00dcberzeugung heraus, dass wir mit dieser Art der Betriebsf\u00fchrung zur Gesundheit unserer K\u00fche und unseres Betriebs beitragen. Und zugleich sorgen wir damit f\u00fcr Harmonie mit unserer Umwelt und f\u00fcr gesellschaftliche Akzeptanz.\u201c<\/p>\n\n        <\/div>\n        \n            <\/div>\n<\/section>\n","protected":false},"excerpt":{"rendered":"","protected":false},"author":2,"featured_media":0,"parent":1440,"menu_order":5,"comment_status":"closed","ping_status":"closed","template":"","meta":{"_acf_changed":false,"inline_featured_image":false,"footnotes":""},"class_list":["post-1620","page","type-page","status-publish","hentry"],"acf":[],"yoast_head":"<!-- This site is optimized with the Yoast SEO plugin v25.3.1 - https:\/\/yoast.com\/wordpress\/plugins\/seo\/ -->\n<title>Biodiversit\u00e4t &amp; Umwelt - DOC Kaas U.A.<\/title>\n<meta name=\"description\" content=\"Biodiversit\u00e4t und Umwelt sind einer nachhaltigen Milchwirtschaft. Mit Landwirten schaffen wir einen nachhaltigeren Sektor. Lesen Sie mehr.\" \/>\n<meta name=\"robots\" content=\"noindex, follow, max-snippet:-1, max-image-preview:large, max-video-preview:-1\" \/>\n<meta property=\"og:locale\" content=\"de_DE\" \/>\n<meta property=\"og:type\" content=\"article\" \/>\n<meta property=\"og:title\" content=\"Biodiversit\u00e4t &amp; Umwelt - DOC Kaas U.A.\" \/>\n<meta property=\"og:description\" content=\"Biodiversit\u00e4t und Umwelt sind einer nachhaltigen Milchwirtschaft. Mit Landwirten schaffen wir einen nachhaltigeren Sektor. Lesen Sie mehr.\" \/>\n<meta property=\"og:url\" content=\"https:\/\/dockaas.webba11.projectlocatie.nl\/de\/nachhaltige-landwirtschaft\/milkmaster\/biodiversitat-umwelt\/\" \/>\n<meta property=\"og:site_name\" content=\"DOC Kaas U.A.\" \/>\n<meta property=\"article:modified_time\" content=\"2022-10-10T13:21:54+00:00\" \/>\n<meta name=\"twitter:card\" content=\"summary_large_image\" \/>\n<script type=\"application\/ld+json\" class=\"yoast-schema-graph\">{\"@context\":\"https:\/\/schema.org\",\"@graph\":[{\"@type\":\"WebPage\",\"@id\":\"https:\/\/dockaas.webba11.projectlocatie.nl\/de\/nachhaltige-landwirtschaft\/milkmaster\/biodiversitat-umwelt\/\",\"url\":\"https:\/\/dockaas.webba11.projectlocatie.nl\/de\/nachhaltige-landwirtschaft\/milkmaster\/biodiversitat-umwelt\/\",\"name\":\"Biodiversit\u00e4t &amp; Umwelt - DOC Kaas U.A.\",\"isPartOf\":{\"@id\":\"https:\/\/dockaas.webba11.projectlocatie.nl\/#website\"},\"datePublished\":\"2022-02-22T12:19:33+00:00\",\"dateModified\":\"2022-10-10T13:21:54+00:00\",\"description\":\"Biodiversit\u00e4t und Umwelt sind einer nachhaltigen Milchwirtschaft. Mit Landwirten schaffen wir einen nachhaltigeren Sektor. Lesen Sie mehr.\",\"breadcrumb\":{\"@id\":\"https:\/\/dockaas.webba11.projectlocatie.nl\/de\/nachhaltige-landwirtschaft\/milkmaster\/biodiversitat-umwelt\/#breadcrumb\"},\"inLanguage\":\"de-DE\",\"potentialAction\":[{\"@type\":\"ReadAction\",\"target\":[\"https:\/\/dockaas.webba11.projectlocatie.nl\/de\/nachhaltige-landwirtschaft\/milkmaster\/biodiversitat-umwelt\/\"]}]},{\"@type\":\"BreadcrumbList\",\"@id\":\"https:\/\/dockaas.webba11.projectlocatie.nl\/de\/nachhaltige-landwirtschaft\/milkmaster\/biodiversitat-umwelt\/#breadcrumb\",\"itemListElement\":[{\"@type\":\"ListItem\",\"position\":1,\"name\":\"Home\",\"item\":\"https:\/\/dockaas.webba11.projectlocatie.nl\/de\/\"},{\"@type\":\"ListItem\",\"position\":2,\"name\":\"Nachhaltige Landwirtschaft\",\"item\":\"https:\/\/dockaas.webba11.projectlocatie.nl\/de\/nachhaltige-landwirtschaft\/\"},{\"@type\":\"ListItem\",\"position\":3,\"name\":\"Milkmaster\",\"item\":\"https:\/\/dockaas.webba11.projectlocatie.nl\/de\/nachhaltige-landwirtschaft\/milkmaster\/\"},{\"@type\":\"ListItem\",\"position\":4,\"name\":\"Biodiversit\u00e4t &amp; Umwelt\"}]},{\"@type\":\"WebSite\",\"@id\":\"https:\/\/dockaas.webba11.projectlocatie.nl\/#website\",\"url\":\"https:\/\/dockaas.webba11.projectlocatie.nl\/\",\"name\":\"DOC Kaas U.A.\",\"description\":\"Van, voor en door de leden!\",\"potentialAction\":[{\"@type\":\"SearchAction\",\"target\":{\"@type\":\"EntryPoint\",\"urlTemplate\":\"https:\/\/dockaas.webba11.projectlocatie.nl\/?s={search_term_string}\"},\"query-input\":{\"@type\":\"PropertyValueSpecification\",\"valueRequired\":true,\"valueName\":\"search_term_string\"}}],\"inLanguage\":\"de-DE\"}]}<\/script>\n<!-- \/ Yoast SEO plugin. -->","yoast_head_json":{"title":"Biodiversit\u00e4t &amp; Umwelt - DOC Kaas U.A.","description":"Biodiversit\u00e4t und Umwelt sind einer nachhaltigen Milchwirtschaft. Mit Landwirten schaffen wir einen nachhaltigeren Sektor. Lesen Sie mehr.","robots":{"index":"noindex","follow":"follow","max-snippet":"max-snippet:-1","max-image-preview":"max-image-preview:large","max-video-preview":"max-video-preview:-1"},"og_locale":"de_DE","og_type":"article","og_title":"Biodiversit\u00e4t &amp; Umwelt - DOC Kaas U.A.","og_description":"Biodiversit\u00e4t und Umwelt sind einer nachhaltigen Milchwirtschaft. Mit Landwirten schaffen wir einen nachhaltigeren Sektor. Lesen Sie mehr.","og_url":"https:\/\/dockaas.webba11.projectlocatie.nl\/de\/nachhaltige-landwirtschaft\/milkmaster\/biodiversitat-umwelt\/","og_site_name":"DOC Kaas U.A.","article_modified_time":"2022-10-10T13:21:54+00:00","twitter_card":"summary_large_image","schema":{"@context":"https:\/\/schema.org","@graph":[{"@type":"WebPage","@id":"https:\/\/dockaas.webba11.projectlocatie.nl\/de\/nachhaltige-landwirtschaft\/milkmaster\/biodiversitat-umwelt\/","url":"https:\/\/dockaas.webba11.projectlocatie.nl\/de\/nachhaltige-landwirtschaft\/milkmaster\/biodiversitat-umwelt\/","name":"Biodiversit\u00e4t &amp; Umwelt - DOC Kaas U.A.","isPartOf":{"@id":"https:\/\/dockaas.webba11.projectlocatie.nl\/#website"},"datePublished":"2022-02-22T12:19:33+00:00","dateModified":"2022-10-10T13:21:54+00:00","description":"Biodiversit\u00e4t und Umwelt sind einer nachhaltigen Milchwirtschaft. Mit Landwirten schaffen wir einen nachhaltigeren Sektor. Lesen Sie mehr.","breadcrumb":{"@id":"https:\/\/dockaas.webba11.projectlocatie.nl\/de\/nachhaltige-landwirtschaft\/milkmaster\/biodiversitat-umwelt\/#breadcrumb"},"inLanguage":"de-DE","potentialAction":[{"@type":"ReadAction","target":["https:\/\/dockaas.webba11.projectlocatie.nl\/de\/nachhaltige-landwirtschaft\/milkmaster\/biodiversitat-umwelt\/"]}]},{"@type":"BreadcrumbList","@id":"https:\/\/dockaas.webba11.projectlocatie.nl\/de\/nachhaltige-landwirtschaft\/milkmaster\/biodiversitat-umwelt\/#breadcrumb","itemListElement":[{"@type":"ListItem","position":1,"name":"Home","item":"https:\/\/dockaas.webba11.projectlocatie.nl\/de\/"},{"@type":"ListItem","position":2,"name":"Nachhaltige Landwirtschaft","item":"https:\/\/dockaas.webba11.projectlocatie.nl\/de\/nachhaltige-landwirtschaft\/"},{"@type":"ListItem","position":3,"name":"Milkmaster","item":"https:\/\/dockaas.webba11.projectlocatie.nl\/de\/nachhaltige-landwirtschaft\/milkmaster\/"},{"@type":"ListItem","position":4,"name":"Biodiversit\u00e4t &amp; Umwelt"}]},{"@type":"WebSite","@id":"https:\/\/dockaas.webba11.projectlocatie.nl\/#website","url":"https:\/\/dockaas.webba11.projectlocatie.nl\/","name":"DOC Kaas U.A.","description":"Van, voor en door de leden!","potentialAction":[{"@type":"SearchAction","target":{"@type":"EntryPoint","urlTemplate":"https:\/\/dockaas.webba11.projectlocatie.nl\/?s={search_term_string}"},"query-input":{"@type":"PropertyValueSpecification","valueRequired":true,"valueName":"search_term_string"}}],"inLanguage":"de-DE"}]}},"_links":{"self":[{"href":"https:\/\/dockaas.webba11.projectlocatie.nl\/de\/wp-json\/wp\/v2\/pages\/1620","targetHints":{"allow":["GET"]}}],"collection":[{"href":"https:\/\/dockaas.webba11.projectlocatie.nl\/de\/wp-json\/wp\/v2\/pages"}],"about":[{"href":"https:\/\/dockaas.webba11.projectlocatie.nl\/de\/wp-json\/wp\/v2\/types\/page"}],"author":[{"embeddable":true,"href":"https:\/\/dockaas.webba11.projectlocatie.nl\/de\/wp-json\/wp\/v2\/users\/2"}],"replies":[{"embeddable":true,"href":"https:\/\/dockaas.webba11.projectlocatie.nl\/de\/wp-json\/wp\/v2\/comments?post=1620"}],"version-history":[{"count":50,"href":"https:\/\/dockaas.webba11.projectlocatie.nl\/de\/wp-json\/wp\/v2\/pages\/1620\/revisions"}],"predecessor-version":[{"id":7107,"href":"https:\/\/dockaas.webba11.projectlocatie.nl\/de\/wp-json\/wp\/v2\/pages\/1620\/revisions\/7107"}],"up":[{"embeddable":true,"href":"https:\/\/dockaas.webba11.projectlocatie.nl\/de\/wp-json\/wp\/v2\/pages\/1440"}],"wp:attachment":[{"href":"https:\/\/dockaas.webba11.projectlocatie.nl\/de\/wp-json\/wp\/v2\/media?parent=1620"}],"curies":[{"name":"wp","href":"https:\/\/api.w.org\/{rel}","templated":true}]}}