{"id":1633,"date":"2022-02-22T12:19:55","date_gmt":"2022-02-22T12:19:55","guid":{"rendered":"https:\/\/doc-kaas-ua.ddev.site\/?page_id=1633"},"modified":"2022-10-10T15:25:57","modified_gmt":"2022-10-10T13:25:57","slug":"soziales-engagement","status":"publish","type":"page","link":"https:\/\/dockaas.webba11.projectlocatie.nl\/de\/nachhaltige-landwirtschaft\/milkmaster\/soziales-engagement\/","title":{"rendered":"Soziales Engagement"},"content":{"rendered":"<style>\n    .hero {\n        background-image:linear-gradient(to right, rgba(248, 253, 255, 1), rgba(248, 253, 255, 1), rgba(0, 0, 0, 0)),url(' https:\/\/dockaas.webba11.projectlocatie.nl\/app\/uploads\/2022\/04\/3-Header-Duurzaam-boeren-007-gespiegeld-scaled.jpeg ');\n    }\n\n    @media (max-width: 1024px) {\n        .hero {\n            background-image:linear-gradient(to top, rgba(248, 253, 255, 1), rgba(248, 253, 255, 0.95), rgba(0, 0, 0, 0)),url(' https:\/\/dockaas.webba11.projectlocatie.nl\/app\/uploads\/2022\/04\/3-Header-Duurzaam-boeren-007-gespiegeld-scaled.jpeg ');\n        }\n    }\n<\/style>\n\n<section class=\"hero !bg-no-repeat !bg-cover !bg-center flex items-center\">\n    <div class=\"top-0 left-0 h-full w-full relative px-4 pt-36\">\n        <div class=\"container mx-auto\">\n            <div class=\"hero-title\">\n                                <h1 class=\"pl-8 pr-0 lg:pr-8 border-l-5 md:border-l-10 border-secondary text-[2.75rem] md:text-[4rem] leading-tight text-primary-light break-normal\"><p>Soziales <strong>Engagement<\/strong><\/p>\n<\/h1>\n                                \n                \n            <\/div>\n        <\/div>\n\n                <div class=\"container mx-auto py-6 lg:px-10 text-grey mt-24\">\n            <p id=\"breadcrumbs\"><span><span><a href=\"https:\/\/dockaas.webba11.projectlocatie.nl\/de\/\">Home<\/a><\/span><\/span><\/p>        <\/div>\n        \n    <\/div>\n<\/section>\n\n\n\n<section  class=\"py-16 bg-lighter\">\n\n         \n        \n    \n    <div class=\"w-full lg:w-[55rem] flex flex-col gap-6 content px-4 m-auto\">\n\n                <div class=\"text-primary-light text-[2.75rem] relative after:content[''] after:h-0.5 after:w-24 after:bg-secondary after:absolute after:mt-2 leading-tight break-normal title\">\n            <p>Soziales <strong>Engagement<\/strong><\/p>\n\n        <\/div>\n        \n                <div class=\"text-grey leading-7 font-light\">\n            <p><em><strong>Die T\u00fcren des Stalls \u00f6ffnen und den Leuten den Milchviehbetrieb zeigen. Das ist der beste Weg, um zu zeigen, wie wir daran arbeiten die Milchwirtschaft nachhaltiger zu gestalten. Unsere Milcherzeuger sind froh und stolz den Menschen von ihren Milchbetrieben zu erz\u00e4hlen.<\/strong><\/em><\/p>\n\n        <\/div>\n        \n                <div class=\"mt-4 flex flex-wrap items-center gap-6\">\n                            \n                                \n                <a href=\"https:\/\/doc-kaas-ua.ddev.site\/de\/nachhaltige-landwirtschaft\/milkmaster\/\" class=\"text-primary-light border border-slate-300 font-bold px-5 py-3 rounded-full flex justify-center flex-row-reverse gap-3 w-full xs:w-max group\" target=\"\">\n    Zur\u00fcck zu Milkmaster\n                    <svg class=\"w-6 h-6 transition-all rotate-180\"\n                        aria-hidden=\"true\" focusable=\"false\" data-prefix=\"fal\" data-icon=\"long-arrow-right\" class=\"svg-inline--fa fa-long-arrow-right fa-w-14\" role=\"img\" xmlns=\"http:\/\/www.w3.org\/2000\/svg\" viewBox=\"0 0 448 512\"><path fill=\"currentColor\" d=\"M311.03 131.515l-7.071 7.07c-4.686 4.686-4.686 12.284 0 16.971L387.887 239H12c-6.627 0-12 5.373-12 12v10c0 6.627 5.373 12 12 12h375.887l-83.928 83.444c-4.686 4.686-4.686 12.284 0 16.971l7.071 7.07c4.686 4.686 12.284 4.686 16.97 0l116.485-116c4.686-4.686 4.686-12.284 0-16.971L328 131.515c-4.686-4.687-12.284-4.687-16.97 0z\"><\/path><\/svg>\n<\/a>\n\n                                    <\/div>\n            <\/div>\n\n            <\/section>\n\n\n<section  class=\"my-16 lg:my-20 flex gap-10 2xl:gap-32 flex-col-reverse lg:flex-row-reverse\">\n    <div class=\"bg-light w-full h-full z-[1] relative rounded-l-full pr-8 pl-4 sm:pr-10 sm:pl-8 xl:pr-56 xl:pl-0 2xl:w-1\/2 py-16 lg:py-24 flex justify-start\">\n        <span class=\"relative w-full before:z-0 before:content[''] before:w-1\/2 before:h-56 before:w-1\/2 before:xl:h-60 before:bg-secondary before:absolute before:rounded-xl flex before:-translate-y-3 before:translate-x-3 before:md:-translate-y-4 before:md:translate-x-4 before:-right-0 justify-end\">\n        <img decoding=\"async\" src=\" https:\/\/dockaas.webba11.projectlocatie.nl\/app\/uploads\/2022\/03\/Fam-Zonnenberg-Els_Korsten_Fotografie_014.jpg \" alt=\"Soziales Engagement\" class=\"w-full h-full rounded-xl object-cover relative h-[28.125rem]\" \/>\n        <\/span>\n    <\/div>\n\n    <div class=\"px-12 sm:px-16 md:px-24 w-full flex flex-col justify-center gap-6 xl:pr-0 lg:pl-16 xl:pl-56 2xl:w-1\/2\">\n                <h2 class=\"px-4 border-l-5 md:border-l-8 border-secondary text-[2rem] md:text-[2.75rem] leading-tight text-primary-light w-full max-w-none xl:max-w-[44rem] title\"><p>Die Mitglieder <strong>Wilma und Bert Zonnenberg aus Herpen<\/strong><\/p>\n<\/h2>\n                        <div class=\"text-grey w-full max-w-none xl:max-w-[44rem] leading-7 relative font-light mt-4 xl:pl-8 xl:pr-8 medium\">\n            <blockquote><p><em>&#8220;Kinder erinnern sich noch Jahre sp\u00e4ter an einen Besuch auf einem Bauernhof&#8221;.<\/em><\/p><\/blockquote>\n<p>&nbsp;<\/p>\n<p>Wilma und Bert Zonnenberg sind seit 2009 Klassenboeren. Neben der Bewirtschaftung ihres Milchviehbetriebs in Herpen, Brabant, bieten sie Schulkindern \u00fcber den Verein Klasseboeren&#8221; landwirtschaftliche Bildung an. &#8220;Wir wollen, dass die Kinder verstehen, woher die Milch kommt und wie eine Kuh funktioniert. Und wo k\u00f6nnte man sie besser zeigen als auf dem Bauernhof.<\/p>\n<p>&nbsp;<\/p>\n<p>&#8220;Wir empfangen etwa 15 Mal im Jahr Grund- und Sekundarsch\u00fcler. Am Anfang war ich schockiert, wie wenig die meisten Kinder \u00fcber Tiere und Lebensmittel wissen. Zum Beispiel, dass K\u00e4se aus Milch gemacht wird, dass eine Kartoffel in der Erde w\u00e4chst und ein Apfel auf einem Baum&#8221;.<\/p>\n\n        <\/div>\n        \n            <\/div>\n<\/section>\n\n\n<section  class=\"py-16 bg-light\">\n\n         \n        \n    \n    <div class=\"w-full lg:w-[55rem] flex flex-col gap-6 content px-4 m-auto\">\n\n                <div class=\"text-primary-light text-[2.75rem] relative after:content[''] after:h-0.5 after:w-24 after:bg-secondary after:absolute after:mt-2 leading-tight break-normal title\">\n            <p>Erleben, <strong>Riechen &amp; Schmecken<\/strong><\/p>\n\n        <\/div>\n        \n                <div class=\"text-grey leading-7 font-light\">\n            <p>Die Kinder werden von der Familie Zonnenberg in einer Scheune empfangen, die als Klassenzimmer eingerichtet wurde. &#8220;Zuerst erz\u00e4hlen wir ihnen etwas \u00fcber den Milchviehbetrieb und was wir tun werden. Dann bekommen sie Schutzm\u00e4ntel und Stiefel und wir gehen zu den Tieren. Je nach Alter und Ausbildung erhalten sie eine F\u00fchrung mit Aufgaben, um zu sehen, ob sie die Theorie verstanden haben. Oder sie d\u00fcrfen beim Melken helfen und k\u00f6nnen dann die Melkeinheiten aufh\u00e4ngen. Weitere Aufgaben sind das Reinigen des K\u00e4lberstalls, das F\u00fcttern des Jungviehs und das Einstreuen von Stroh. Bei den \u00e4lteren Kindern wechseln wir diese Aufgaben mit theoretischenm Wissen \u00fcber Ern\u00e4hrung oder zum Beispiel einer Lektion \u00fcber Besamung ab. Aber in erster Linie geht es um die &#8220;Erfahrung&#8221;. Man kann Kindern erkl\u00e4ren, was auf einem Milchviehbetrieb passiert, aber sie werden sich viel besser daran erinnern, wenn sie es selbst erleben, riechen und schmecken k\u00f6nnen. Kinder erinnern sich noch Jahre sp\u00e4ter an einen Besuch auf einem Bauernhof!<\/p>\n\n        <\/div>\n        \n            <\/div>\n\n            <\/section>\n\n\n<section  class=\"my-16\">\n    <div class=\"w-full lg:w-[55rem] mx-auto px-4 grid gap-6 md:grid-cols-3 w-full lg:w-[55rem] px-4\">\n                        <img decoding=\"async\" src=\"https:\/\/dockaas.webba11.projectlocatie.nl\/app\/uploads\/2022\/03\/Klasseboeren-IMG_2853.jpg\" class=\"w-full object-cover rounded-2xl shadow-lg aspect-video md:h-[20rem]\" alt=\"Soziales Engagement\" \/>\n                  <img decoding=\"async\" src=\"https:\/\/dockaas.webba11.projectlocatie.nl\/app\/uploads\/2022\/03\/Klasseboeren-IMG_2850.jpg\" class=\"w-full object-cover rounded-2xl shadow-lg aspect-video md:h-[20rem]\" alt=\"Soziales Engagement\" \/>\n                  <img decoding=\"async\" src=\"https:\/\/dockaas.webba11.projectlocatie.nl\/app\/uploads\/2022\/03\/Klasseboeren-IMG_4540.jpg\" class=\"w-full object-cover rounded-2xl shadow-lg aspect-video md:h-[20rem]\" alt=\"Soziales Engagement\" \/>\n                  <\/div>\n<\/section>\n\n","protected":false},"excerpt":{"rendered":"","protected":false},"author":2,"featured_media":0,"parent":1440,"menu_order":6,"comment_status":"closed","ping_status":"closed","template":"","meta":{"_acf_changed":false,"inline_featured_image":false,"footnotes":""},"class_list":["post-1633","page","type-page","status-publish","hentry"],"acf":[],"yoast_head":"<!-- This site is optimized with the Yoast SEO plugin v25.3.1 - https:\/\/yoast.com\/wordpress\/plugins\/seo\/ -->\n<title>Soziales Engagement - DOC Kaas U.A.<\/title>\n<meta name=\"description\" content=\"Soziales Engagement bedeutet, die St\u00e4lle zu \u00f6ffnen. Erleben, riechen und schmecken Sie bei einem Besuch. Lesen Sie mehr dar\u00fcber...\" \/>\n<meta name=\"robots\" content=\"noindex, follow, max-snippet:-1, max-image-preview:large, max-video-preview:-1\" \/>\n<meta property=\"og:locale\" content=\"de_DE\" \/>\n<meta property=\"og:type\" content=\"article\" \/>\n<meta property=\"og:title\" content=\"Soziales Engagement - DOC Kaas U.A.\" \/>\n<meta property=\"og:description\" content=\"Soziales Engagement bedeutet, die St\u00e4lle zu \u00f6ffnen. Erleben, riechen und schmecken Sie bei einem Besuch. Lesen Sie mehr dar\u00fcber...\" \/>\n<meta property=\"og:url\" content=\"https:\/\/dockaas.webba11.projectlocatie.nl\/de\/nachhaltige-landwirtschaft\/milkmaster\/soziales-engagement\/\" \/>\n<meta property=\"og:site_name\" content=\"DOC Kaas U.A.\" \/>\n<meta property=\"article:modified_time\" content=\"2022-10-10T13:25:57+00:00\" \/>\n<meta name=\"twitter:card\" content=\"summary_large_image\" \/>\n<script type=\"application\/ld+json\" class=\"yoast-schema-graph\">{\"@context\":\"https:\/\/schema.org\",\"@graph\":[{\"@type\":\"WebPage\",\"@id\":\"https:\/\/dockaas.webba11.projectlocatie.nl\/de\/nachhaltige-landwirtschaft\/milkmaster\/soziales-engagement\/\",\"url\":\"https:\/\/dockaas.webba11.projectlocatie.nl\/de\/nachhaltige-landwirtschaft\/milkmaster\/soziales-engagement\/\",\"name\":\"Soziales Engagement - DOC Kaas U.A.\",\"isPartOf\":{\"@id\":\"https:\/\/dockaas.webba11.projectlocatie.nl\/#website\"},\"datePublished\":\"2022-02-22T12:19:55+00:00\",\"dateModified\":\"2022-10-10T13:25:57+00:00\",\"description\":\"Soziales Engagement bedeutet, die St\u00e4lle zu \u00f6ffnen. Erleben, riechen und schmecken Sie bei einem Besuch. Lesen Sie mehr dar\u00fcber...\",\"breadcrumb\":{\"@id\":\"https:\/\/dockaas.webba11.projectlocatie.nl\/de\/nachhaltige-landwirtschaft\/milkmaster\/soziales-engagement\/#breadcrumb\"},\"inLanguage\":\"de-DE\",\"potentialAction\":[{\"@type\":\"ReadAction\",\"target\":[\"https:\/\/dockaas.webba11.projectlocatie.nl\/de\/nachhaltige-landwirtschaft\/milkmaster\/soziales-engagement\/\"]}]},{\"@type\":\"BreadcrumbList\",\"@id\":\"https:\/\/dockaas.webba11.projectlocatie.nl\/de\/nachhaltige-landwirtschaft\/milkmaster\/soziales-engagement\/#breadcrumb\",\"itemListElement\":[{\"@type\":\"ListItem\",\"position\":1,\"name\":\"Home\",\"item\":\"https:\/\/dockaas.webba11.projectlocatie.nl\/de\/\"},{\"@type\":\"ListItem\",\"position\":2,\"name\":\"Nachhaltige Landwirtschaft\",\"item\":\"https:\/\/dockaas.webba11.projectlocatie.nl\/de\/nachhaltige-landwirtschaft\/\"},{\"@type\":\"ListItem\",\"position\":3,\"name\":\"Milkmaster\",\"item\":\"https:\/\/dockaas.webba11.projectlocatie.nl\/de\/nachhaltige-landwirtschaft\/milkmaster\/\"},{\"@type\":\"ListItem\",\"position\":4,\"name\":\"Soziales Engagement\"}]},{\"@type\":\"WebSite\",\"@id\":\"https:\/\/dockaas.webba11.projectlocatie.nl\/#website\",\"url\":\"https:\/\/dockaas.webba11.projectlocatie.nl\/\",\"name\":\"DOC Kaas U.A.\",\"description\":\"Van, voor en door de leden!\",\"potentialAction\":[{\"@type\":\"SearchAction\",\"target\":{\"@type\":\"EntryPoint\",\"urlTemplate\":\"https:\/\/dockaas.webba11.projectlocatie.nl\/?s={search_term_string}\"},\"query-input\":{\"@type\":\"PropertyValueSpecification\",\"valueRequired\":true,\"valueName\":\"search_term_string\"}}],\"inLanguage\":\"de-DE\"}]}<\/script>\n<!-- \/ Yoast SEO plugin. -->","yoast_head_json":{"title":"Soziales Engagement - DOC Kaas U.A.","description":"Soziales Engagement bedeutet, die St\u00e4lle zu \u00f6ffnen. Erleben, riechen und schmecken Sie bei einem Besuch. Lesen Sie mehr dar\u00fcber...","robots":{"index":"noindex","follow":"follow","max-snippet":"max-snippet:-1","max-image-preview":"max-image-preview:large","max-video-preview":"max-video-preview:-1"},"og_locale":"de_DE","og_type":"article","og_title":"Soziales Engagement - DOC Kaas U.A.","og_description":"Soziales Engagement bedeutet, die St\u00e4lle zu \u00f6ffnen. Erleben, riechen und schmecken Sie bei einem Besuch. Lesen Sie mehr dar\u00fcber...","og_url":"https:\/\/dockaas.webba11.projectlocatie.nl\/de\/nachhaltige-landwirtschaft\/milkmaster\/soziales-engagement\/","og_site_name":"DOC Kaas U.A.","article_modified_time":"2022-10-10T13:25:57+00:00","twitter_card":"summary_large_image","schema":{"@context":"https:\/\/schema.org","@graph":[{"@type":"WebPage","@id":"https:\/\/dockaas.webba11.projectlocatie.nl\/de\/nachhaltige-landwirtschaft\/milkmaster\/soziales-engagement\/","url":"https:\/\/dockaas.webba11.projectlocatie.nl\/de\/nachhaltige-landwirtschaft\/milkmaster\/soziales-engagement\/","name":"Soziales Engagement - DOC Kaas U.A.","isPartOf":{"@id":"https:\/\/dockaas.webba11.projectlocatie.nl\/#website"},"datePublished":"2022-02-22T12:19:55+00:00","dateModified":"2022-10-10T13:25:57+00:00","description":"Soziales Engagement bedeutet, die St\u00e4lle zu \u00f6ffnen. Erleben, riechen und schmecken Sie bei einem Besuch. Lesen Sie mehr dar\u00fcber...","breadcrumb":{"@id":"https:\/\/dockaas.webba11.projectlocatie.nl\/de\/nachhaltige-landwirtschaft\/milkmaster\/soziales-engagement\/#breadcrumb"},"inLanguage":"de-DE","potentialAction":[{"@type":"ReadAction","target":["https:\/\/dockaas.webba11.projectlocatie.nl\/de\/nachhaltige-landwirtschaft\/milkmaster\/soziales-engagement\/"]}]},{"@type":"BreadcrumbList","@id":"https:\/\/dockaas.webba11.projectlocatie.nl\/de\/nachhaltige-landwirtschaft\/milkmaster\/soziales-engagement\/#breadcrumb","itemListElement":[{"@type":"ListItem","position":1,"name":"Home","item":"https:\/\/dockaas.webba11.projectlocatie.nl\/de\/"},{"@type":"ListItem","position":2,"name":"Nachhaltige Landwirtschaft","item":"https:\/\/dockaas.webba11.projectlocatie.nl\/de\/nachhaltige-landwirtschaft\/"},{"@type":"ListItem","position":3,"name":"Milkmaster","item":"https:\/\/dockaas.webba11.projectlocatie.nl\/de\/nachhaltige-landwirtschaft\/milkmaster\/"},{"@type":"ListItem","position":4,"name":"Soziales Engagement"}]},{"@type":"WebSite","@id":"https:\/\/dockaas.webba11.projectlocatie.nl\/#website","url":"https:\/\/dockaas.webba11.projectlocatie.nl\/","name":"DOC Kaas U.A.","description":"Van, voor en door de leden!","potentialAction":[{"@type":"SearchAction","target":{"@type":"EntryPoint","urlTemplate":"https:\/\/dockaas.webba11.projectlocatie.nl\/?s={search_term_string}"},"query-input":{"@type":"PropertyValueSpecification","valueRequired":true,"valueName":"search_term_string"}}],"inLanguage":"de-DE"}]}},"_links":{"self":[{"href":"https:\/\/dockaas.webba11.projectlocatie.nl\/de\/wp-json\/wp\/v2\/pages\/1633","targetHints":{"allow":["GET"]}}],"collection":[{"href":"https:\/\/dockaas.webba11.projectlocatie.nl\/de\/wp-json\/wp\/v2\/pages"}],"about":[{"href":"https:\/\/dockaas.webba11.projectlocatie.nl\/de\/wp-json\/wp\/v2\/types\/page"}],"author":[{"embeddable":true,"href":"https:\/\/dockaas.webba11.projectlocatie.nl\/de\/wp-json\/wp\/v2\/users\/2"}],"replies":[{"embeddable":true,"href":"https:\/\/dockaas.webba11.projectlocatie.nl\/de\/wp-json\/wp\/v2\/comments?post=1633"}],"version-history":[{"count":51,"href":"https:\/\/dockaas.webba11.projectlocatie.nl\/de\/wp-json\/wp\/v2\/pages\/1633\/revisions"}],"predecessor-version":[{"id":7120,"href":"https:\/\/dockaas.webba11.projectlocatie.nl\/de\/wp-json\/wp\/v2\/pages\/1633\/revisions\/7120"}],"up":[{"embeddable":true,"href":"https:\/\/dockaas.webba11.projectlocatie.nl\/de\/wp-json\/wp\/v2\/pages\/1440"}],"wp:attachment":[{"href":"https:\/\/dockaas.webba11.projectlocatie.nl\/de\/wp-json\/wp\/v2\/media?parent=1633"}],"curies":[{"name":"wp","href":"https:\/\/api.w.org\/{rel}","templated":true}]}}